{"id":1914,"date":"2021-10-15T17:40:25","date_gmt":"2021-10-15T17:40:25","guid":{"rendered":"https:\/\/www.academiabeta.galeria-arf-acad-ciencias.pt\/?page_id=1914"},"modified":"2025-08-07T12:11:01","modified_gmt":"2025-08-07T11:11:01","slug":"apresentacao-iae","status":"publish","type":"page","link":"http:\/\/www.acad-ciencias.pt\/eng\/institutos\/apresentacao-iae\/","title":{"rendered":"Apresenta\u00e7\u00e3o do Instituto de Altos Estudos"},"content":{"rendered":"<div data-elementor-type=\"wp-page\" data-elementor-id=\"1914\" class=\"elementor elementor-1914\">\n\t\t\t\t\t\t<section class=\"has_eae_slider elementor-section elementor-top-section elementor-element elementor-element-444c03df elementor-section-full_width elementor-section-height-default elementor-section-height-default\" data-eae-slider=\"39332\" data-id=\"444c03df\" data-element_type=\"section\">\n\t\t\t\t\t\t<div class=\"elementor-container elementor-column-gap-default\">\n\t\t\t\t\t<div class=\"has_eae_slider aux-parallax-section elementor-column elementor-col-100 elementor-top-column elementor-element elementor-element-d25cfe3\" data-eae-slider=\"58574\" data-id=\"d25cfe3\" data-element_type=\"column\">\n\t\t\t<div class=\"elementor-widget-wrap\">\n\t\t\t\t\t\t\t<\/div>\n\t\t<\/div>\n\t\t\t\t\t<\/div>\n\t\t<\/section>\n\t\t\t\t<section class=\"has_eae_slider elementor-section elementor-top-section elementor-element elementor-element-fb56452 elementor-section-full_width elementor-section-height-default elementor-section-height-default\" data-eae-slider=\"55980\" data-id=\"fb56452\" data-element_type=\"section\">\n\t\t\t\t\t\t<div class=\"elementor-container elementor-column-gap-default\">\n\t\t\t\t\t<div class=\"has_eae_slider aux-parallax-section elementor-column elementor-col-50 elementor-top-column elementor-element elementor-element-29527376\" data-eae-slider=\"39906\" data-id=\"29527376\" data-element_type=\"column\" data-settings=\"{&quot;background_background&quot;:&quot;slideshow&quot;,&quot;background_slideshow_gallery&quot;:[],&quot;background_slideshow_loop&quot;:&quot;yes&quot;,&quot;background_slideshow_slide_duration&quot;:5000,&quot;background_slideshow_slide_transition&quot;:&quot;fade&quot;,&quot;background_slideshow_transition_duration&quot;:500}\">\n\t\t\t<div class=\"elementor-widget-wrap elementor-element-populated\">\n\t\t\t\t\t\t<section class=\"has_eae_slider elementor-section elementor-inner-section elementor-element elementor-element-514b8e44 elementor-section-boxed elementor-section-height-default elementor-section-height-default\" data-eae-slider=\"12908\" data-id=\"514b8e44\" data-element_type=\"section\" id=\"9999\" data-settings=\"{&quot;background_background&quot;:&quot;slideshow&quot;,&quot;background_slideshow_gallery&quot;:[],&quot;background_slideshow_loop&quot;:&quot;yes&quot;,&quot;background_slideshow_slide_duration&quot;:5000,&quot;background_slideshow_slide_transition&quot;:&quot;fade&quot;,&quot;background_slideshow_transition_duration&quot;:500}\">\n\t\t\t\t\t\t<div class=\"elementor-container elementor-column-gap-no\">\n\t\t\t\t\t<div class=\"has_eae_slider aux-parallax-section elementor-column elementor-col-100 elementor-inner-column elementor-element elementor-element-3ef66cf\" data-eae-slider=\"7133\" data-id=\"3ef66cf\" data-element_type=\"column\" data-settings=\"{&quot;background_background&quot;:&quot;slideshow&quot;,&quot;background_slideshow_gallery&quot;:[],&quot;background_slideshow_loop&quot;:&quot;yes&quot;,&quot;background_slideshow_slide_duration&quot;:5000,&quot;background_slideshow_slide_transition&quot;:&quot;fade&quot;,&quot;background_slideshow_transition_duration&quot;:500}\">\n\t\t\t<div class=\"elementor-widget-wrap elementor-element-populated\">\n\t\t\t\t\t\t<div class=\"elementor-element elementor-element-78543fc0 elementor-widget elementor-widget-aux_breadcrumbs\" data-id=\"78543fc0\" data-element_type=\"widget\" data-widget_type=\"aux_breadcrumbs.default\">\n\t\t\t\t<div class=\"elementor-widget-container\">\n\t\t\t\t\t<div class=\"aux-elementor-breadcrumbs\"><p class=\"aux-breadcrumbs\"><span><a href=\"http:\/\/www.acad-ciencias.pt\/eng\" title=\"Home\">Home<\/a><\/span><\/div>\t\t\t\t<\/div>\n\t\t\t\t<\/div>\n\t\t\t\t<div class=\"elementor-element elementor-element-603333b elementor-widget elementor-widget-text-editor\" data-id=\"603333b\" data-element_type=\"widget\" data-widget_type=\"text-editor.default\">\n\t\t\t\t<div class=\"elementor-widget-container\">\n\t\t\t\t\t\t\t\t\t<h1>Institute of Advanced Studies <\/h1>\t\t\t\t\t\t\t\t<\/div>\n\t\t\t\t<\/div>\n\t\t\t\t<div class=\"elementor-element elementor-element-68869a7c elementor-widget elementor-widget-text-editor\" data-id=\"68869a7c\" data-element_type=\"widget\" data-widget_type=\"text-editor.default\">\n\t\t\t\t<div class=\"elementor-widget-container\">\n\t\t\t\t\t\t\t\t\t<p>A Academia das Ci\u00eancias de Lisboa fundou, pela m\u00e3o de Moses Amzalak, o seu Instituto de Altos Estudos (IAE), acreditando que atrav\u00e9s dele e, tal como outras cong\u00e9neres a n\u00edvel mundial, assumia um dever c\u00edvico ao intervir numa \u00e1rea t\u00e3o desafiante como a do saber e da sua evolu\u00e7\u00e3o, bem como das exig\u00eancias de articula\u00e7\u00e3o geracional.<\/p><p>In this way, it aims to open up to the outside world by organizing conferences, meetings or other activities to provide information and debate on issues of relevant scientific or other importance, with the participation of national and international professors and scientists of outstanding prestige in all areas of knowledge.<\/p><p>IAS is thus a link to the advancement of the information and knowledge society, enabling participants to keep up with scientific and technological innovations in a global world, capable of providing greater scientific literacy and lifelong learning.<\/p><p>The IAES's fundamental objective is the development of citizen science and the creation of a greater awareness of the value of Science, Literature and the Arts for building an informed and active society at different levels, reinforcing the recognition of the role of Science, Technology and Innovation for informed decision-making in a scenario of emerging challenges for development, in the context of changes in 21st century society.<\/p><p>The IAS has a flexible organization, capable of adapting to the needs arising from the evolution of knowledge and the need for rigorous information on new topics that should be made known due to their foreseeable importance in the near future.<\/p><p>We live in a global world, called upon to respond to the challenges we are constantly faced with.<\/p><p>Scientists are known for their commitment to science, in an attempt to put advances in scientific knowledge at the service of citizens. However, this extraordinary effort is not always known in society without misrepresentation or voluntary or involuntary exploitation. Is this failure due to problems in communicating science?<\/p><p>Communicating science is no easy task. Today, science and technology have an impact on every aspect of human life. As a result, there is a growing need for rigorous scientific information that provides knowledge and possible acceptance by citizens, according to individual values and decisions to be made.<\/p><p>Among the issues adressed in the IAS's activities\u00a0<span style=\"color: var( --e-global-color-text ); font-size: 1rem;\">the following topics should be enfasized:<\/span><\/p><p><em>The social challenges of 21st-century society; <\/em><\/p><p><em>The consequences of desertification;<\/em><\/p><p><em>The demands for solidarity and tolerance in the face of conflicts and discrimination;<\/em> and<\/p><p><em>The role of cultural diversity in development and the respect for human rights.<\/em>.<\/p>\t\t\t\t\t\t\t\t<\/div>\n\t\t\t\t<\/div>\n\t\t\t\t<div class=\"elementor-element elementor-element-1c75c814 elementor-widget elementor-widget-text-editor\" data-id=\"1c75c814\" data-element_type=\"widget\" data-widget_type=\"text-editor.default\">\n\t\t\t\t<div class=\"elementor-widget-container\">\n\t\t\t\t\t\t\t\t\t<h4>Mission<\/h4><p>Organization of conferences, meetings or other activities to inform and debate issues of relevant scientific importance in all areas of knowledge, involving professors, national and international scientists of notable prestige and members of scientific society, civil society and political decision-makers.<\/p><p><span style=\"font-size: 16.0016px; font-weight: bold; letter-spacing: 1px; text-transform: uppercase;\">\u00a0<\/span><\/p>\t\t\t\t\t\t\t\t<\/div>\n\t\t\t\t<\/div>\n\t\t\t\t<div class=\"elementor-element elementor-element-48eb400 elementor-widget elementor-widget-text-editor\" data-id=\"48eb400\" data-element_type=\"widget\" data-widget_type=\"text-editor.default\">\n\t\t\t\t<div class=\"elementor-widget-container\">\n\t\t\t\t\t\t\t\t\t<h4>Fundamental Objetive<\/h4><p>The development of citizen science and the creation of greater awareness of the value of science, literature and the arts in building an informed and active society at different levels.<\/p>\t\t\t\t\t\t\t\t<\/div>\n\t\t\t\t<\/div>\n\t\t\t\t<div class=\"elementor-element elementor-element-756d590 elementor-widget elementor-widget-text-editor\" data-id=\"756d590\" data-element_type=\"widget\" data-widget_type=\"text-editor.default\">\n\t\t\t\t<div class=\"elementor-widget-container\">\n\t\t\t\t\t\t\t\t\t<h4><strong>Steering Committee<\/strong><\/h4><p><strong>President<\/strong> &#8211; Maria Salom\u00e9 Pais<\/p><p><strong>Class of Letters Representative<\/strong> &#8211; Viriato Soromenho-Marques<\/p><p><strong>Class of Sciences Representative<\/strong> &#8211; Jorge Soares<\/p><p>\u00a0<\/p>\t\t\t\t\t\t\t\t<\/div>\n\t\t\t\t<\/div>\n\t\t\t\t<div class=\"elementor-element elementor-element-5a37b05 elementor-widget elementor-widget-spacer\" data-id=\"5a37b05\" data-element_type=\"widget\" data-widget_type=\"spacer.default\">\n\t\t\t\t<div class=\"elementor-widget-container\">\n\t\t\t\t\t\t\t<div class=\"elementor-spacer\">\n\t\t\t<div class=\"elementor-spacer-inner\"><\/div>\n\t\t<\/div>\n\t\t\t\t\t\t<\/div>\n\t\t\t\t<\/div>\n\t\t\t\t\t<\/div>\n\t\t<\/div>\n\t\t\t\t\t<\/div>\n\t\t<\/section>\n\t\t\t\t\t<\/div>\n\t\t<\/div>\n\t\t\t\t<div class=\"has_eae_slider aux-parallax-section elementor-column elementor-col-50 elementor-top-column elementor-element elementor-element-3c35b832 fixed-colum elementor-hidden-mobile\" data-eae-slider=\"28147\" data-id=\"3c35b832\" data-element_type=\"column\" data-settings=\"{&quot;background_background&quot;:&quot;classic&quot;}\">\n\t\t\t<div class=\"elementor-widget-wrap elementor-element-populated\">\n\t\t\t\t\t\t<div class=\"elementor-element elementor-element-71d54972 elementor-widget elementor-widget-spacer\" data-id=\"71d54972\" data-element_type=\"widget\" data-widget_type=\"spacer.default\">\n\t\t\t\t<div class=\"elementor-widget-container\">\n\t\t\t\t\t\t\t<div class=\"elementor-spacer\">\n\t\t\t<div class=\"elementor-spacer-inner\"><\/div>\n\t\t<\/div>\n\t\t\t\t\t\t<\/div>\n\t\t\t\t<\/div>\n\t\t\t\t\t<\/div>\n\t\t<\/div>\n\t\t\t\t\t<\/div>\n\t\t<\/section>\n\t\t\t\t<\/div>","protected":false},"excerpt":{"rendered":"<p>Home Instituto de Altos Estudos (IAE) A Academia das Ci\u00eancias de Lisboa fundou, pela m\u00e3o de Moses Amzalak, o seu Instituto de Altos Estudos (IAE), acreditando que atrav\u00e9s dele e, tal como outras cong\u00e9neres a n\u00edvel mundial, assumia um dever c\u00edvico ao intervir numa \u00e1rea t\u00e3o desafiante como a do saber e da sua evolu\u00e7\u00e3o, [&hellip;]<\/p>","protected":false},"author":1,"featured_media":0,"parent":13184,"menu_order":0,"comment_status":"closed","ping_status":"closed","template":"","meta":{"footnotes":""},"class_list":["post-1914","page","type-page","status-publish","hentry"],"_links":{"self":[{"href":"http:\/\/www.acad-ciencias.pt\/eng\/wp-json\/wp\/v2\/pages\/1914","targetHints":{"allow":["GET"]}}],"collection":[{"href":"http:\/\/www.acad-ciencias.pt\/eng\/wp-json\/wp\/v2\/pages"}],"about":[{"href":"http:\/\/www.acad-ciencias.pt\/eng\/wp-json\/wp\/v2\/types\/page"}],"author":[{"embeddable":true,"href":"http:\/\/www.acad-ciencias.pt\/eng\/wp-json\/wp\/v2\/users\/1"}],"replies":[{"embeddable":true,"href":"http:\/\/www.acad-ciencias.pt\/eng\/wp-json\/wp\/v2\/comments?post=1914"}],"version-history":[{"count":4,"href":"http:\/\/www.acad-ciencias.pt\/eng\/wp-json\/wp\/v2\/pages\/1914\/revisions"}],"predecessor-version":[{"id":27415,"href":"http:\/\/www.acad-ciencias.pt\/eng\/wp-json\/wp\/v2\/pages\/1914\/revisions\/27415"}],"up":[{"embeddable":true,"href":"http:\/\/www.acad-ciencias.pt\/eng\/wp-json\/wp\/v2\/pages\/13184"}],"wp:attachment":[{"href":"http:\/\/www.acad-ciencias.pt\/eng\/wp-json\/wp\/v2\/media?parent=1914"}],"curies":[{"name":"wp","href":"https:\/\/api.w.org\/{rel}","templated":true}]}}