{"id":7994,"date":"2022-07-01T14:53:03","date_gmt":"2022-07-01T14:53:03","guid":{"rendered":"https:\/\/www.academiabeta.galeria-arf-acad-ciencias.pt\/?page_id=7994"},"modified":"2024-03-26T10:28:34","modified_gmt":"2024-03-26T10:28:34","slug":"fundo-documental","status":"publish","type":"page","link":"http:\/\/www.acad-ciencias.pt\/eng\/arquivo-historico\/fundo-documental\/","title":{"rendered":"Documental Archive"},"content":{"rendered":"<div data-elementor-type=\"wp-page\" data-elementor-id=\"7994\" class=\"elementor elementor-7994\">\n\t\t\t\t\t\t<section class=\"has_eae_slider elementor-section elementor-top-section elementor-element elementor-element-7887ab24 elementor-section-boxed elementor-section-height-default elementor-section-height-default\" data-eae-slider=\"20286\" data-id=\"7887ab24\" data-element_type=\"section\">\n\t\t\t\t\t\t<div class=\"elementor-container elementor-column-gap-default\">\n\t\t\t\t\t<div class=\"has_eae_slider aux-parallax-section elementor-column elementor-col-100 elementor-top-column elementor-element elementor-element-9b5901e\" data-eae-slider=\"22167\" data-id=\"9b5901e\" data-element_type=\"column\">\n\t\t\t<div class=\"elementor-widget-wrap\">\n\t\t\t\t\t\t\t<\/div>\n\t\t<\/div>\n\t\t\t\t\t<\/div>\n\t\t<\/section>\n\t\t\t\t<section class=\"has_eae_slider elementor-section elementor-top-section elementor-element elementor-element-418070cb elementor-section-full_width elementor-section-height-default elementor-section-height-default\" data-eae-slider=\"15651\" data-id=\"418070cb\" data-element_type=\"section\">\n\t\t\t\t\t\t<div class=\"elementor-container elementor-column-gap-default\">\n\t\t\t\t\t<div class=\"has_eae_slider aux-parallax-section elementor-column elementor-col-50 elementor-top-column elementor-element elementor-element-66d5eca\" data-eae-slider=\"7985\" data-id=\"66d5eca\" data-element_type=\"column\" data-settings=\"{&quot;background_background&quot;:&quot;slideshow&quot;,&quot;background_slideshow_gallery&quot;:[],&quot;background_slideshow_loop&quot;:&quot;yes&quot;,&quot;background_slideshow_slide_duration&quot;:5000,&quot;background_slideshow_slide_transition&quot;:&quot;fade&quot;,&quot;background_slideshow_transition_duration&quot;:500}\">\n\t\t\t<div class=\"elementor-widget-wrap elementor-element-populated\">\n\t\t\t\t\t\t<section class=\"has_eae_slider elementor-section elementor-inner-section elementor-element elementor-element-44fbe8d9 elementor-section-boxed elementor-section-height-default elementor-section-height-default\" data-eae-slider=\"2105\" data-id=\"44fbe8d9\" data-element_type=\"section\" id=\"9999\" data-settings=\"{&quot;background_background&quot;:&quot;slideshow&quot;,&quot;background_slideshow_gallery&quot;:[],&quot;background_slideshow_loop&quot;:&quot;yes&quot;,&quot;background_slideshow_slide_duration&quot;:5000,&quot;background_slideshow_slide_transition&quot;:&quot;fade&quot;,&quot;background_slideshow_transition_duration&quot;:500}\">\n\t\t\t\t\t\t<div class=\"elementor-container elementor-column-gap-no\">\n\t\t\t\t\t<div class=\"has_eae_slider aux-parallax-section elementor-column elementor-col-100 elementor-inner-column elementor-element elementor-element-767a42e7\" data-eae-slider=\"57729\" data-id=\"767a42e7\" data-element_type=\"column\" data-settings=\"{&quot;background_background&quot;:&quot;slideshow&quot;,&quot;background_slideshow_gallery&quot;:[],&quot;background_slideshow_loop&quot;:&quot;yes&quot;,&quot;background_slideshow_slide_duration&quot;:5000,&quot;background_slideshow_slide_transition&quot;:&quot;fade&quot;,&quot;background_slideshow_transition_duration&quot;:500}\">\n\t\t\t<div class=\"elementor-widget-wrap elementor-element-populated\">\n\t\t\t\t\t\t<div class=\"elementor-element elementor-element-77c999f elementor-widget elementor-widget-aux_breadcrumbs\" data-id=\"77c999f\" data-element_type=\"widget\" data-widget_type=\"aux_breadcrumbs.default\">\n\t\t\t\t<div class=\"elementor-widget-container\">\n\t\t\t\t\t<div class=\"aux-elementor-breadcrumbs\"><p class=\"aux-breadcrumbs\"><span><a href=\"http:\/\/www.acad-ciencias.pt\/eng\" title=\"Home\">Home<\/a><\/span><\/div>\t\t\t\t<\/div>\n\t\t\t\t<\/div>\n\t\t\t\t<div class=\"elementor-element elementor-element-382207de elementor-widget elementor-widget-text-editor\" data-id=\"382207de\" data-element_type=\"widget\" data-widget_type=\"text-editor.default\">\n\t\t\t\t<div class=\"elementor-widget-container\">\n\t\t\t\t\t\t\t\t\t<h1><strong><a href=\"https:\/\/arquivo.acad-ciencias.pt\/\">Pesquise nos Fundos documentais<\/a><br \/><\/strong><\/h1>\t\t\t\t\t\t\t\t<\/div>\n\t\t\t\t<\/div>\n\t\t\t\t<div class=\"elementor-element elementor-element-190148c4 elementor-widget elementor-widget-text-editor\" data-id=\"190148c4\" data-element_type=\"widget\" data-widget_type=\"text-editor.default\">\n\t\t\t\t<div class=\"elementor-widget-container\">\n\t\t\t\t\t\t\t\t\t<p>The organization of the Historical Archive Fund (AHA-ACL) is based on two axes, between which there is an intrinsic correlation:<\/p><ul><li>Study of institutional history;<\/li><li>Organizational-functional classification, in order to systematise and respect the Academy's internal structure.<\/li><\/ul><p>In addition to the documentation that makes up this general fund, there are also:<\/p><ul><li>The <em>files of AHA-ACL academics<\/em> since its foundation - this accounts for around two thousand members since its foundation and includes all types of documentation associated with ACL activities.<\/li><\/ul><p>We would like to highlight some of our fellows:<\/p><p>In the 18th century - Abade Correia da Serra (founding member, elected on 24-12-1779), Frei Manuel do Cen\u00e1culo (elected on 28-06-1780); in the 19th century Francisco Gomes Teixeira (elected on 30-06-1876), Alexandre Herculano (elected on 21-02-1844); in the 20th century Ant\u00f3nio Egas Moniz (elected on 20-01-1916), and the first female academic Maria Am\u00e1lia Vaz de Carvalho (elected on 13-06-1912) became a member.<\/p><p><a href=\"https:\/\/www.academiabeta.galeria-arf-acad-ciencias.pt\/wp-content\/uploads\/2023\/02\/Academicos-falecidos1779-ate-atualidade.pdf\" target=\"_blank\" rel=\"noopener\">List of Academic Files<\/a><\/p><ul><li>The <em>Secretary's Books<\/em> - it concerns composite books, produced by the administrative services or compiled <em>a posteriori<\/em>, at the time of binding loose manuscripts without distinguishing the producing bodies and document types. It is divided into two series:<\/li><\/ul><p>Series A \u2013 documentation corresponds to the income and expenses of the ACL establishments;<\/p><p>Series B \u2013 includes Minute Books, members' correspondence, diploma registry, official correspondence, etc.<\/p><ul><li>Other funds related to personal legacies.<\/li><\/ul><p>We highlight the personal archive of Caetano Beir\u00e3o (elected member on 16-02-1852).<\/p>\t\t\t\t\t\t\t\t<\/div>\n\t\t\t\t<\/div>\n\t\t\t\t<div class=\"elementor-element elementor-element-17729fc8 elementor-widget elementor-widget-spacer\" data-id=\"17729fc8\" data-element_type=\"widget\" data-widget_type=\"spacer.default\">\n\t\t\t\t<div class=\"elementor-widget-container\">\n\t\t\t\t\t\t\t<div class=\"elementor-spacer\">\n\t\t\t<div class=\"elementor-spacer-inner\"><\/div>\n\t\t<\/div>\n\t\t\t\t\t\t<\/div>\n\t\t\t\t<\/div>\n\t\t\t\t\t<\/div>\n\t\t<\/div>\n\t\t\t\t\t<\/div>\n\t\t<\/section>\n\t\t\t\t\t<\/div>\n\t\t<\/div>\n\t\t\t\t<div class=\"has_eae_slider aux-parallax-section elementor-column elementor-col-50 elementor-top-column elementor-element elementor-element-2f529033 fixed-colum elementor-hidden-mobile\" data-eae-slider=\"30586\" data-id=\"2f529033\" data-element_type=\"column\" data-settings=\"{&quot;background_background&quot;:&quot;classic&quot;}\">\n\t\t\t<div class=\"elementor-widget-wrap elementor-element-populated\">\n\t\t\t\t\t\t<div class=\"elementor-element elementor-element-21dfed87 elementor-widget elementor-widget-spacer\" data-id=\"21dfed87\" data-element_type=\"widget\" data-widget_type=\"spacer.default\">\n\t\t\t\t<div class=\"elementor-widget-container\">\n\t\t\t\t\t\t\t<div class=\"elementor-spacer\">\n\t\t\t<div class=\"elementor-spacer-inner\"><\/div>\n\t\t<\/div>\n\t\t\t\t\t\t<\/div>\n\t\t\t\t<\/div>\n\t\t\t\t\t<\/div>\n\t\t<\/div>\n\t\t\t\t\t<\/div>\n\t\t<\/section>\n\t\t\t\t<\/div>","protected":false},"excerpt":{"rendered":"<p>Home Pesquise nos Fundos documentais A organiza\u00e7\u00e3o do Fundo do Arquivo Hist\u00f3rico (AHA-ACL) tem por base dois eixos, entre os quais se estabelece uma correla\u00e7\u00e3o intr\u00ednseca: Estudo da hist\u00f3ria institucional; Classifica\u00e7\u00e3o org\u00e2nico-funcional, de modo a sistematizar e respeitar a estrutura interna da Academia. Al\u00e9m da documenta\u00e7\u00e3o que integra este fundo geral ainda existem: Os Processos [&hellip;]<\/p>","protected":false},"author":2,"featured_media":0,"parent":13190,"menu_order":0,"comment_status":"closed","ping_status":"closed","template":"","meta":{"footnotes":""},"class_list":["post-7994","page","type-page","status-publish","hentry"],"_links":{"self":[{"href":"http:\/\/www.acad-ciencias.pt\/eng\/wp-json\/wp\/v2\/pages\/7994","targetHints":{"allow":["GET"]}}],"collection":[{"href":"http:\/\/www.acad-ciencias.pt\/eng\/wp-json\/wp\/v2\/pages"}],"about":[{"href":"http:\/\/www.acad-ciencias.pt\/eng\/wp-json\/wp\/v2\/types\/page"}],"author":[{"embeddable":true,"href":"http:\/\/www.acad-ciencias.pt\/eng\/wp-json\/wp\/v2\/users\/2"}],"replies":[{"embeddable":true,"href":"http:\/\/www.acad-ciencias.pt\/eng\/wp-json\/wp\/v2\/comments?post=7994"}],"version-history":[{"count":0,"href":"http:\/\/www.acad-ciencias.pt\/eng\/wp-json\/wp\/v2\/pages\/7994\/revisions"}],"up":[{"embeddable":true,"href":"http:\/\/www.acad-ciencias.pt\/eng\/wp-json\/wp\/v2\/pages\/13190"}],"wp:attachment":[{"href":"http:\/\/www.acad-ciencias.pt\/eng\/wp-json\/wp\/v2\/media?parent=7994"}],"curies":[{"name":"wp","href":"https:\/\/api.w.org\/{rel}","templated":true}]}}