{"id":8015,"date":"2022-07-01T15:24:53","date_gmt":"2022-07-01T14:24:53","guid":{"rendered":"https:\/\/www.academiabeta.galeria-arf-acad-ciencias.pt\/?page_id=8015"},"modified":"2025-03-13T17:01:22","modified_gmt":"2025-03-13T17:01:22","slug":"anteriores-presidentes","status":"publish","type":"page","link":"http:\/\/www.acad-ciencias.pt\/eng\/anteriores-presidentes\/","title":{"rendered":"Past Presidents"},"content":{"rendered":"<div data-elementor-type=\"wp-page\" data-elementor-id=\"8015\" class=\"elementor elementor-8015\">\n\t\t\t\t\t\t<section class=\"has_eae_slider elementor-section elementor-top-section elementor-element elementor-element-8f038b elementor-section-boxed elementor-section-height-default elementor-section-height-default\" data-eae-slider=\"80085\" data-id=\"8f038b\" data-element_type=\"section\">\n\t\t\t\t\t\t<div class=\"elementor-container elementor-column-gap-default\">\n\t\t\t\t\t<div class=\"has_eae_slider aux-parallax-section elementor-column elementor-col-100 elementor-top-column elementor-element elementor-element-e8e1792\" data-eae-slider=\"10854\" data-id=\"e8e1792\" data-element_type=\"column\">\n\t\t\t<div class=\"elementor-widget-wrap\">\n\t\t\t\t\t\t\t<\/div>\n\t\t<\/div>\n\t\t\t\t\t<\/div>\n\t\t<\/section>\n\t\t\t\t<section class=\"has_eae_slider elementor-section elementor-top-section elementor-element elementor-element-54ee39bc elementor-section-full_width elementor-section-height-default elementor-section-height-default\" data-eae-slider=\"41861\" data-id=\"54ee39bc\" data-element_type=\"section\">\n\t\t\t\t\t\t<div class=\"elementor-container elementor-column-gap-default\">\n\t\t\t\t\t<div class=\"has_eae_slider aux-parallax-section elementor-column elementor-col-50 elementor-top-column elementor-element elementor-element-5bbb47c7\" data-eae-slider=\"12733\" data-id=\"5bbb47c7\" data-element_type=\"column\" data-settings=\"{&quot;background_background&quot;:&quot;slideshow&quot;,&quot;background_slideshow_gallery&quot;:[],&quot;background_slideshow_loop&quot;:&quot;yes&quot;,&quot;background_slideshow_slide_duration&quot;:5000,&quot;background_slideshow_slide_transition&quot;:&quot;fade&quot;,&quot;background_slideshow_transition_duration&quot;:500}\">\n\t\t\t<div class=\"elementor-widget-wrap elementor-element-populated\">\n\t\t\t\t\t\t<section class=\"has_eae_slider elementor-section elementor-inner-section elementor-element elementor-element-7b729005 elementor-section-boxed elementor-section-height-default elementor-section-height-default\" data-eae-slider=\"88178\" data-id=\"7b729005\" data-element_type=\"section\" id=\"9999\" data-settings=\"{&quot;background_background&quot;:&quot;slideshow&quot;,&quot;background_slideshow_gallery&quot;:[],&quot;background_slideshow_loop&quot;:&quot;yes&quot;,&quot;background_slideshow_slide_duration&quot;:5000,&quot;background_slideshow_slide_transition&quot;:&quot;fade&quot;,&quot;background_slideshow_transition_duration&quot;:500}\">\n\t\t\t\t\t\t<div class=\"elementor-container elementor-column-gap-no\">\n\t\t\t\t\t<div class=\"has_eae_slider aux-parallax-section elementor-column elementor-col-100 elementor-inner-column elementor-element elementor-element-7d911996\" data-eae-slider=\"67451\" data-id=\"7d911996\" data-element_type=\"column\" data-settings=\"{&quot;background_background&quot;:&quot;slideshow&quot;,&quot;background_slideshow_gallery&quot;:[],&quot;background_slideshow_loop&quot;:&quot;yes&quot;,&quot;background_slideshow_slide_duration&quot;:5000,&quot;background_slideshow_slide_transition&quot;:&quot;fade&quot;,&quot;background_slideshow_transition_duration&quot;:500}\">\n\t\t\t<div class=\"elementor-widget-wrap elementor-element-populated\">\n\t\t\t\t\t\t<div class=\"elementor-element elementor-element-6ed3f1de elementor-widget elementor-widget-aux_breadcrumbs\" data-id=\"6ed3f1de\" data-element_type=\"widget\" data-widget_type=\"aux_breadcrumbs.default\">\n\t\t\t\t<div class=\"elementor-widget-container\">\n\t\t\t\t\t<div class=\"aux-elementor-breadcrumbs\"><p class=\"aux-breadcrumbs\"><span><a href=\"http:\/\/www.acad-ciencias.pt\/eng\" title=\"Home\">Home<\/a><\/span><\/div>\t\t\t\t<\/div>\n\t\t\t\t<\/div>\n\t\t\t\t<div class=\"elementor-element elementor-element-4b66eae4 elementor-widget elementor-widget-text-editor\" data-id=\"4b66eae4\" data-element_type=\"widget\" data-widget_type=\"text-editor.default\">\n\t\t\t\t<div class=\"elementor-widget-container\">\n\t\t\t\t\t\t\t\t\t<h1>List of Presidents<\/h1>\t\t\t\t\t\t\t\t<\/div>\n\t\t\t\t<\/div>\n\t\t\t\t<div class=\"elementor-element elementor-element-25e660d0 elementor-widget elementor-widget-text-editor\" data-id=\"25e660d0\" data-element_type=\"widget\" data-widget_type=\"text-editor.default\">\n\t\t\t\t<div class=\"elementor-widget-container\">\n\t\t\t\t\t\t\t\t\t<h4>From the foundation to the present<\/h4><ol><li>D. Jo\u00e3o Carlos de Bragan\u00e7a, 2.\u00ba Duque de Laf\u00f5es | <strong>1780-1806<\/strong><\/li><li>Infante D. Pedro Carlos de Bourbon e Bragan\u00e7a | <strong>1810-1812<\/strong><\/li><li>D. Miguel de Bragan\u00e7a | <strong>1813-1834<\/strong><\/li><li>Pr\u00edncipe D. Augusto | <strong>1835<\/strong><\/li><li>El-Rei D. Fernando II | <strong>1836 -1855<\/strong><\/li><li>El-Rei D. Pedro V | <strong>1855 -1861<\/strong><\/li><li>El-Rei D. Lu\u00eds | <strong>1861-1889<\/strong><\/li><li>El-Rei D. Carlos | <strong>1889 -1908<\/strong><\/li><li>El-Rei D. Manuel II | <strong>1809 -1910<\/strong><\/li><li>Teixeira de Queiroz | <strong>1913<\/strong><\/li><li>Silva Amado | <strong>1914, 1920<\/strong><\/li><li>Lopes de Mendon\u00e7a | <strong>1915<\/strong><\/li><li>Almeida Lima (pai) | <strong>1916, 1922<\/strong><\/li><li>Coelho de Carvalho | <strong>1917<\/strong><\/li><li>Virg\u00edlio Machado | <strong>1918<\/strong><\/li><li>Braamcamp Freire | <strong>1919<\/strong><\/li><li>C\u00e2ndido de Figueiredo | <strong>1921<\/strong><\/li><li>J\u00falio Dantas | <strong>1923, 1929, 1931, 1933, 1935, 1937, 1941, 1943, 1945-1959<\/strong> (em <strong>1959<\/strong>, \u00e9 feito Presidente de Honra)<\/li><li>Pedro Jos\u00e9 da Cunha | <strong>1924, 1926, 1930, 1934<\/strong><\/li><li>Jos\u00e9 Maria Rodrigues | <strong>1925, 1921<\/strong><\/li><li>Egas Moniz | <strong>1928, 1932, 1938, 1940<\/strong><\/li><li>Achilles Machado | <strong>1936<\/strong><\/li><li>Moreira J\u00fanior |<strong> 1942<\/strong><\/li><li>Azevedo Neves | <strong>1944<\/strong><\/li><li>Reynaldo dos Santos | <strong>1960 -1961<\/strong><\/li><li>Moses Amzalak | <strong>1962, 1964, 1966, 1968, 1970, 1972<\/strong><\/li><li>Herculano de Amorim Ferreira | <strong>1963, 1965, 1967, 1967, 1969, 1971, 1973<\/strong><\/li><li>Pedro G\u00f3is Pitta | <strong>1974<\/strong> (falecido a 3-2-74 antes de tomar posse, \u00e9 substitu\u00eddo por Victor Manuel Braga Paix\u00e3o)<\/li><li>Almeida Lima (filho) | <strong>1975<\/strong><\/li><li>Jacinto do Prado Coelho | <strong>1976, 1978<\/strong><\/li><li>Ant\u00f3nio Almeida Costa | <strong>1977<\/strong><\/li><li>Lu\u00eds Maria da C\u00e2mara Pina | <strong>1979<\/strong><\/li><li>Manuel Jacinto Nunes | <strong>1980, 1982, 1984, 1986, 1988, 1990<\/strong><\/li><li>Jos\u00e9 Pinto Peixoto | <strong>1981, 1983, 1985, 1987, 1989, 1991, 1993, 1995<\/strong><\/li><li>Jos\u00e9 V. de Pina Martins | <strong>1992, 1994, 1996, 1998, 2000, 2002, 2004, 2006<\/strong><\/li><li>Manuel Jos\u00e9 de Abreu Faro | <strong>1997<\/strong><\/li><li>Jos\u00e9 Manuel Gi\u00e3o Toscano Rico | <strong>1999, 2001, 2003, 2005<\/strong><\/li><li>Eduardo Romano de Arantes e Oliveira | <strong>2007, 2009, 2011<\/strong><\/li><li>Adriano Moreira |<strong> 2008, 2010, 2012<\/strong><\/li><li>Lu\u00eds Ant\u00f3nio Aires-Barros | <strong>2013, 2015<\/strong><\/li><li>Artur Anselmo | <strong>2014, 2016 -2018<\/strong><\/li><li>Carlos Salema | <strong>2019 -2021<\/strong><\/li><li>Jos\u00e9 Lu\u00eds Cardoso | <strong>2022 &#8211; 2024<\/strong><\/li><li>Jos\u00e9 Francisco Rodrigues | <strong>2025 -2026<\/strong><\/li><\/ol>\t\t\t\t\t\t\t\t<\/div>\n\t\t\t\t<\/div>\n\t\t\t\t<div class=\"elementor-element elementor-element-6e514ac2 elementor-widget elementor-widget-spacer\" data-id=\"6e514ac2\" data-element_type=\"widget\" data-widget_type=\"spacer.default\">\n\t\t\t\t<div class=\"elementor-widget-container\">\n\t\t\t\t\t\t\t<div class=\"elementor-spacer\">\n\t\t\t<div class=\"elementor-spacer-inner\"><\/div>\n\t\t<\/div>\n\t\t\t\t\t\t<\/div>\n\t\t\t\t<\/div>\n\t\t\t\t\t<\/div>\n\t\t<\/div>\n\t\t\t\t\t<\/div>\n\t\t<\/section>\n\t\t\t\t\t<\/div>\n\t\t<\/div>\n\t\t\t\t<div class=\"has_eae_slider aux-parallax-section elementor-column elementor-col-50 elementor-top-column elementor-element elementor-element-13babc53 fixed-colum elementor-hidden-mobile\" data-eae-slider=\"21134\" data-id=\"13babc53\" data-element_type=\"column\" data-settings=\"{&quot;background_background&quot;:&quot;classic&quot;}\">\n\t\t\t<div class=\"elementor-widget-wrap elementor-element-populated\">\n\t\t\t\t\t\t<div class=\"elementor-element elementor-element-39cca17 elementor-widget elementor-widget-spacer\" data-id=\"39cca17\" data-element_type=\"widget\" data-widget_type=\"spacer.default\">\n\t\t\t\t<div class=\"elementor-widget-container\">\n\t\t\t\t\t\t\t<div class=\"elementor-spacer\">\n\t\t\t<div class=\"elementor-spacer-inner\"><\/div>\n\t\t<\/div>\n\t\t\t\t\t\t<\/div>\n\t\t\t\t<\/div>\n\t\t\t\t\t<\/div>\n\t\t<\/div>\n\t\t\t\t\t<\/div>\n\t\t<\/section>\n\t\t\t\t<\/div>","protected":false},"excerpt":{"rendered":"<p>Home listagem dos presidentes Desde a funda\u00e7\u00e3o \u00e0 atualidade D. Jo\u00e3o Carlos de Bragan\u00e7a, 2.\u00ba Duque de Laf\u00f5es | 1780-1806 Infante D. Pedro Carlos de Bourbon e Bragan\u00e7a | 1810-1812 D. Miguel de Bragan\u00e7a | 1813-1834 Pr\u00edncipe D. Augusto | 1835 El-Rei D. Fernando II | 1836 -1855 El-Rei D. Pedro V | 1855 -1861 [&hellip;]<\/p>","protected":false},"author":2,"featured_media":0,"parent":0,"menu_order":0,"comment_status":"closed","ping_status":"closed","template":"","meta":{"footnotes":""},"class_list":["post-8015","page","type-page","status-publish","hentry"],"_links":{"self":[{"href":"http:\/\/www.acad-ciencias.pt\/eng\/wp-json\/wp\/v2\/pages\/8015","targetHints":{"allow":["GET"]}}],"collection":[{"href":"http:\/\/www.acad-ciencias.pt\/eng\/wp-json\/wp\/v2\/pages"}],"about":[{"href":"http:\/\/www.acad-ciencias.pt\/eng\/wp-json\/wp\/v2\/types\/page"}],"author":[{"embeddable":true,"href":"http:\/\/www.acad-ciencias.pt\/eng\/wp-json\/wp\/v2\/users\/2"}],"replies":[{"embeddable":true,"href":"http:\/\/www.acad-ciencias.pt\/eng\/wp-json\/wp\/v2\/comments?post=8015"}],"version-history":[{"count":6,"href":"http:\/\/www.acad-ciencias.pt\/eng\/wp-json\/wp\/v2\/pages\/8015\/revisions"}],"predecessor-version":[{"id":23145,"href":"http:\/\/www.acad-ciencias.pt\/eng\/wp-json\/wp\/v2\/pages\/8015\/revisions\/23145"}],"wp:attachment":[{"href":"http:\/\/www.acad-ciencias.pt\/eng\/wp-json\/wp\/v2\/media?parent=8015"}],"curies":[{"name":"wp","href":"https:\/\/api.w.org\/{rel}","templated":true}]}}