{"id":1211,"date":"2021-10-08T12:50:35","date_gmt":"2021-10-08T12:50:35","guid":{"rendered":"https:\/\/www.academiabeta.galeria-arf-acad-ciencias.pt\/?page_id=1211"},"modified":"2023-03-08T16:42:51","modified_gmt":"2023-03-08T16:42:51","slug":"apresentacao","status":"publish","type":"page","link":"https:\/\/www.acad-ciencias.pt\/eng\/academia\/apresentacao\/","title":{"rendered":"Apresenta\u00e7\u00e3o da Academia das Ci\u00eancias de Lisboa"},"content":{"rendered":"<div data-elementor-type=\"wp-page\" data-elementor-id=\"1211\" class=\"elementor elementor-1211\">\n\t\t\t\t\t\t<section class=\"has_eae_slider elementor-section elementor-top-section elementor-element elementor-element-44449eab elementor-section-full_width elementor-section-height-default elementor-section-height-default\" data-eae-slider=\"51322\" data-id=\"44449eab\" data-element_type=\"section\">\n\t\t\t\t\t\t<div class=\"elementor-container elementor-column-gap-default\">\n\t\t\t\t\t<div class=\"has_eae_slider aux-parallax-section elementor-column elementor-col-50 elementor-top-column elementor-element elementor-element-52ed737e\" data-eae-slider=\"4049\" data-id=\"52ed737e\" data-element_type=\"column\" data-settings=\"{&quot;background_background&quot;:&quot;slideshow&quot;,&quot;background_slideshow_gallery&quot;:[],&quot;background_slideshow_loop&quot;:&quot;yes&quot;,&quot;background_slideshow_slide_duration&quot;:5000,&quot;background_slideshow_slide_transition&quot;:&quot;fade&quot;,&quot;background_slideshow_transition_duration&quot;:500}\">\n\t\t\t<div class=\"elementor-widget-wrap elementor-element-populated\">\n\t\t\t\t\t\t<section class=\"has_eae_slider elementor-section elementor-inner-section elementor-element elementor-element-4b9f92fe elementor-section-boxed elementor-section-height-default elementor-section-height-default\" data-eae-slider=\"77159\" data-id=\"4b9f92fe\" data-element_type=\"section\" id=\"9999\" data-settings=\"{&quot;background_background&quot;:&quot;slideshow&quot;,&quot;background_slideshow_gallery&quot;:[],&quot;background_slideshow_loop&quot;:&quot;yes&quot;,&quot;background_slideshow_slide_duration&quot;:5000,&quot;background_slideshow_slide_transition&quot;:&quot;fade&quot;,&quot;background_slideshow_transition_duration&quot;:500}\">\n\t\t\t\t\t\t<div class=\"elementor-container elementor-column-gap-no\">\n\t\t\t\t\t<div class=\"has_eae_slider aux-parallax-section elementor-column elementor-col-100 elementor-inner-column elementor-element elementor-element-59777fb4\" data-eae-slider=\"62672\" data-id=\"59777fb4\" data-element_type=\"column\" data-settings=\"{&quot;background_background&quot;:&quot;slideshow&quot;,&quot;background_slideshow_gallery&quot;:[],&quot;background_slideshow_loop&quot;:&quot;yes&quot;,&quot;background_slideshow_slide_duration&quot;:5000,&quot;background_slideshow_slide_transition&quot;:&quot;fade&quot;,&quot;background_slideshow_transition_duration&quot;:500}\">\n\t\t\t<div class=\"elementor-widget-wrap elementor-element-populated\">\n\t\t\t\t\t\t<div class=\"elementor-element elementor-element-2a2ae78f elementor-widget elementor-widget-aux_breadcrumbs\" data-id=\"2a2ae78f\" data-element_type=\"widget\" data-widget_type=\"aux_breadcrumbs.default\">\n\t\t\t\t<div class=\"elementor-widget-container\">\n\t\t\t\t\t<div class=\"aux-elementor-breadcrumbs\"><p class=\"aux-breadcrumbs\"><span><a href=\"https:\/\/www.acad-ciencias.pt\/eng\" title=\"Home\">Home<\/a><\/span><\/div>\t\t\t\t<\/div>\n\t\t\t\t<\/div>\n\t\t\t\t<div class=\"elementor-element elementor-element-17e705e3 elementor-widget elementor-widget-text-editor\" data-id=\"17e705e3\" data-element_type=\"widget\" data-widget_type=\"text-editor.default\">\n\t\t\t\t<div class=\"elementor-widget-container\">\n\t\t\t\t\t\t\t\t\t<h1>Welcome to the Academy of Sciences of Lisbon\t\t\t\t\t\t\t\t<\/div>\n\t\t\t\t<\/div>\n\t\t\t\t<div class=\"elementor-element elementor-element-1909318f elementor-widget elementor-widget-text-editor\" data-id=\"1909318f\" data-element_type=\"widget\" data-widget_type=\"text-editor.default\">\n\t\t\t\t<div class=\"elementor-widget-container\">\n\t\t\t\t\t\t\t\t\t<p>The Academy of Sciences of Lisbon is one of the oldest national scientific institutions in continuous existence. It was founded on 24 December 1779, during the reign of Queen Maria I, under the motto inspired by a verse from Phaedrus:<\/p><h5 style=\"letter-spacing: normal;\"><em>Nisi utile est quod facimus stulta est gloria<br \/><\/em><br \/>If what we do is not useful, vain is the glory.<\/h5>\t\t\t\t\t\t\t\t<\/div>\n\t\t\t\t<\/div>\n\t\t\t\t<div class=\"elementor-element elementor-element-3d49e191 elementor-widget elementor-widget-text-editor\" data-id=\"3d49e191\" data-element_type=\"widget\" data-widget_type=\"text-editor.default\">\n\t\t\t\t<div class=\"elementor-widget-container\">\n\t\t\t\t\t\t\t\t\t<p>Under the terms of its statutes, the Academy of Sciences of Lisbon is responsible for:<\/p><ul><li>To Promote and to encourage scientific research, whenever possible and necessary in an interdisciplinary way, and make the results of this research public;<\/li><\/ul><ul><li>To encourage the enrichment and study of knowledge, literature, language and other forms of national culture;<\/li><\/ul><ul><li>To promote the study of Portuguese history and its relationship with that of other peoples and to research and publish the respective documentary sources;<\/li><\/ul><ul><li>To Collaborate in education and teaching activities and promote their dissemination and improvement;<\/li><\/ul><ul><li>To Draw up advice reports the opinions requested by the government and other national services;<\/li><\/ul><ul><li>Top participate in cultural exchanges with foreign countries in a spirit of open collaboration;<\/li><\/ul><ul><li>To contribute, through research, cultural extension and the discussion of ideas, to the valorization of the Portuguese people in all aspects;<\/li><\/ul><ul><li>The Academy is the Portuguese State's advisory body on linguistic matters and can also be consulted in other scientific areas.<\/li><\/ul>\t\t\t\t\t\t\t\t<\/div>\n\t\t\t\t<\/div>\n\t\t\t\t<div class=\"elementor-element elementor-element-7fb26925 elementor-widget elementor-widget-spacer\" data-id=\"7fb26925\" data-element_type=\"widget\" data-widget_type=\"spacer.default\">\n\t\t\t\t<div class=\"elementor-widget-container\">\n\t\t\t\t\t\t\t<div class=\"elementor-spacer\">\n\t\t\t<div class=\"elementor-spacer-inner\"><\/div>\n\t\t<\/div>\n\t\t\t\t\t\t<\/div>\n\t\t\t\t<\/div>\n\t\t\t\t\t<\/div>\n\t\t<\/div>\n\t\t\t\t\t<\/div>\n\t\t<\/section>\n\t\t\t\t\t<\/div>\n\t\t<\/div>\n\t\t\t\t<div class=\"has_eae_slider aux-parallax-section elementor-column elementor-col-50 elementor-top-column elementor-element elementor-element-1cf27699 fixed-colum elementor-hidden-mobile\" data-eae-slider=\"98517\" data-id=\"1cf27699\" data-element_type=\"column\" data-settings=\"{&quot;background_background&quot;:&quot;classic&quot;}\">\n\t\t\t<div class=\"elementor-widget-wrap elementor-element-populated\">\n\t\t\t\t\t\t<div class=\"elementor-element elementor-element-aded3bf elementor-widget elementor-widget-spacer\" data-id=\"aded3bf\" data-element_type=\"widget\" data-widget_type=\"spacer.default\">\n\t\t\t\t<div class=\"elementor-widget-container\">\n\t\t\t\t\t\t\t<div class=\"elementor-spacer\">\n\t\t\t<div class=\"elementor-spacer-inner\"><\/div>\n\t\t<\/div>\n\t\t\t\t\t\t<\/div>\n\t\t\t\t<\/div>\n\t\t\t\t\t<\/div>\n\t\t<\/div>\n\t\t\t\t\t<\/div>\n\t\t<\/section>\n\t\t\t\t<\/div>","protected":false},"excerpt":{"rendered":"<p>Home Bem-vindo \u00e0 Academia das Ci\u00eancias de Lisboa A Academia das Ci\u00eancias de Lisboa \u00e9 uma das mais antigas institui\u00e7\u00f5es cient\u00edficas nacionais de exist\u00eancia cont\u00ednua. Foi fundada, no dia 24 de dezembro de 1779, durante o reinado de D. Maria I, sob o lema inspirador de um verso de Fedro: Nisi utile est quod facimus [&hellip;]<\/p>","protected":false},"author":1,"featured_media":0,"parent":13172,"menu_order":0,"comment_status":"closed","ping_status":"closed","template":"","meta":{"footnotes":""},"class_list":["post-1211","page","type-page","status-publish","hentry"],"_links":{"self":[{"href":"https:\/\/www.acad-ciencias.pt\/eng\/wp-json\/wp\/v2\/pages\/1211","targetHints":{"allow":["GET"]}}],"collection":[{"href":"https:\/\/www.acad-ciencias.pt\/eng\/wp-json\/wp\/v2\/pages"}],"about":[{"href":"https:\/\/www.acad-ciencias.pt\/eng\/wp-json\/wp\/v2\/types\/page"}],"author":[{"embeddable":true,"href":"https:\/\/www.acad-ciencias.pt\/eng\/wp-json\/wp\/v2\/users\/1"}],"replies":[{"embeddable":true,"href":"https:\/\/www.acad-ciencias.pt\/eng\/wp-json\/wp\/v2\/comments?post=1211"}],"version-history":[{"count":1,"href":"https:\/\/www.acad-ciencias.pt\/eng\/wp-json\/wp\/v2\/pages\/1211\/revisions"}],"predecessor-version":[{"id":23859,"href":"https:\/\/www.acad-ciencias.pt\/eng\/wp-json\/wp\/v2\/pages\/1211\/revisions\/23859"}],"up":[{"embeddable":true,"href":"https:\/\/www.acad-ciencias.pt\/eng\/wp-json\/wp\/v2\/pages\/13172"}],"wp:attachment":[{"href":"https:\/\/www.acad-ciencias.pt\/eng\/wp-json\/wp\/v2\/media?parent=1211"}],"curies":[{"name":"wp","href":"https:\/\/api.w.org\/{rel}","templated":true}]}}