{"id":1421,"date":"2021-10-08T14:35:48","date_gmt":"2021-10-08T14:35:48","guid":{"rendered":"https:\/\/www.academiabeta.galeria-arf-acad-ciencias.pt\/?page_id=1421"},"modified":"2024-01-29T15:57:07","modified_gmt":"2024-01-29T15:57:07","slug":"historia-da-academia","status":"publish","type":"page","link":"https:\/\/www.acad-ciencias.pt\/eng\/academia\/historia-da-academia\/","title":{"rendered":"History of the Academy"},"content":{"rendered":"<div data-elementor-type=\"wp-page\" data-elementor-id=\"1421\" class=\"elementor elementor-1421\">\n\t\t\t\t\t\t<section class=\"has_eae_slider elementor-section elementor-top-section elementor-element elementor-element-1d8bcf04 elementor-section-full_width elementor-section-height-default elementor-section-height-default\" data-eae-slider=\"12034\" data-id=\"1d8bcf04\" data-element_type=\"section\">\n\t\t\t\t\t\t<div class=\"elementor-container elementor-column-gap-default\">\n\t\t\t\t\t<div class=\"has_eae_slider aux-parallax-section elementor-column elementor-col-100 elementor-top-column elementor-element elementor-element-0e00277\" data-eae-slider=\"74367\" data-id=\"0e00277\" data-element_type=\"column\">\n\t\t\t<div class=\"elementor-widget-wrap\">\n\t\t\t\t\t\t\t<\/div>\n\t\t<\/div>\n\t\t\t\t\t<\/div>\n\t\t<\/section>\n\t\t\t\t<section class=\"has_eae_slider elementor-section elementor-top-section elementor-element elementor-element-16ee362e elementor-section-full_width elementor-section-height-default elementor-section-height-default\" data-eae-slider=\"79487\" data-id=\"16ee362e\" data-element_type=\"section\">\n\t\t\t\t\t\t<div class=\"elementor-container elementor-column-gap-default\">\n\t\t\t\t\t<div class=\"has_eae_slider aux-parallax-section elementor-column elementor-col-50 elementor-top-column elementor-element elementor-element-2f77b22b\" data-eae-slider=\"60133\" data-id=\"2f77b22b\" data-element_type=\"column\" data-settings=\"{&quot;background_background&quot;:&quot;slideshow&quot;,&quot;background_slideshow_gallery&quot;:[],&quot;background_slideshow_loop&quot;:&quot;yes&quot;,&quot;background_slideshow_slide_duration&quot;:5000,&quot;background_slideshow_slide_transition&quot;:&quot;fade&quot;,&quot;background_slideshow_transition_duration&quot;:500}\">\n\t\t\t<div class=\"elementor-widget-wrap elementor-element-populated\">\n\t\t\t\t\t\t<section class=\"has_eae_slider elementor-section elementor-inner-section elementor-element elementor-element-614ae605 elementor-section-boxed elementor-section-height-default elementor-section-height-default\" data-eae-slider=\"59537\" data-id=\"614ae605\" data-element_type=\"section\" id=\"9999\" data-settings=\"{&quot;background_background&quot;:&quot;slideshow&quot;,&quot;background_slideshow_gallery&quot;:[],&quot;background_slideshow_loop&quot;:&quot;yes&quot;,&quot;background_slideshow_slide_duration&quot;:5000,&quot;background_slideshow_slide_transition&quot;:&quot;fade&quot;,&quot;background_slideshow_transition_duration&quot;:500}\">\n\t\t\t\t\t\t<div class=\"elementor-container elementor-column-gap-no\">\n\t\t\t\t\t<div class=\"has_eae_slider aux-parallax-section elementor-column elementor-col-100 elementor-inner-column elementor-element elementor-element-4fe13892\" data-eae-slider=\"8478\" data-id=\"4fe13892\" data-element_type=\"column\" data-settings=\"{&quot;background_background&quot;:&quot;slideshow&quot;,&quot;background_slideshow_gallery&quot;:[],&quot;background_slideshow_loop&quot;:&quot;yes&quot;,&quot;background_slideshow_slide_duration&quot;:5000,&quot;background_slideshow_slide_transition&quot;:&quot;fade&quot;,&quot;background_slideshow_transition_duration&quot;:500}\">\n\t\t\t<div class=\"elementor-widget-wrap elementor-element-populated\">\n\t\t\t\t\t\t<div class=\"elementor-element elementor-element-620443d7 elementor-widget elementor-widget-aux_breadcrumbs\" data-id=\"620443d7\" data-element_type=\"widget\" data-widget_type=\"aux_breadcrumbs.default\">\n\t\t\t\t<div class=\"elementor-widget-container\">\n\t\t\t\t\t<div class=\"aux-elementor-breadcrumbs\"><p class=\"aux-breadcrumbs\"><span><a href=\"https:\/\/www.acad-ciencias.pt\/eng\" title=\"Home\">Home<\/a><\/span><\/div>\t\t\t\t<\/div>\n\t\t\t\t<\/div>\n\t\t\t\t<div class=\"elementor-element elementor-element-15c9e380 elementor-widget elementor-widget-text-editor\" data-id=\"15c9e380\" data-element_type=\"widget\" data-widget_type=\"text-editor.default\">\n\t\t\t\t<div class=\"elementor-widget-container\">\n\t\t\t\t\t\t\t\t\t<h1>History of the Academy<\/h1>\t\t\t\t\t\t\t\t<\/div>\n\t\t\t\t<\/div>\n\t\t\t\t<div class=\"elementor-element elementor-element-d3a81fa elementor-widget elementor-widget-text-editor\" data-id=\"d3a81fa\" data-element_type=\"widget\" data-settings=\"{&quot;_animation&quot;:&quot;none&quot;}\" data-widget_type=\"text-editor.default\">\n\t\t\t\t<div class=\"elementor-widget-container\">\n\t\t\t\t\t\t\t\t\t<p>The Academy of Sciences of Lisbon was founded on 24 December 1779, after the approval of Queen Maria I. The main mentors and promotors of the Academy were the 2nd Duke of Laf\u00f5es, Jo\u00e3o Carlos de Bragan\u00e7a, and Abbot Jos\u00e9 Correia da Serra. Their knowledge of the workings of similar European academies and societies was fundamental to the creation of a similar institution in Portugal. Also important was the role of Domingos Vandelli, whose connection to the teaching of natural sciences at the University of Coimbra proved instrumental in defining the mission of the Academy of Sciences, to demonstrate the usefulness of the knowledge produced by its members.<\/p><p>The first session was held on 16 January 1780. Called the Royal Academy of Sciences of Lisbon, it took on its current name in 1910. It is a national institution that maintains relations with academies and scientific societies in other countries.<\/p><p>Its founders, influenced by Enlightenment ideals,  emphasized that \"... this Academy of Sciences [is] consecrated to the glory and happiness of the public, for the advancement of national education, the perfection of the sciences and arts and the increase of popular industry\".<\/p><p>It was initially made up of the Natural Sciences, Exact Sciences and Fine Arts classes, with permanent and corresponding members or fellows, as well as foreign correspondents. After its definitive installation in 1833 in the Convent of Our Lady of Jesus, of the Third Order of St Francis (and after the confirmation of possession of its premises following the extinction of the convents in 1834), the Academy reformulated its Statutes (1851) and reorganized itself into two classes, Sciences and Letters, which have remained to this day.<\/p><p>The Lisbon Academy of Sciences has played a unique role in scientific and technological development in Portugal. The collections of publications and <em>Transactions<\/em> it has published since the beginning of its activity bear witness to the history of science and literature in Portugal, as well as the evolution of the country regarding its scientific and cultural structures.<\/p><p>The collection of manuscripts, incunabula and old books (up to the beginning of the 19th century), the archival collection covering almost 250 years of the history of science, scientists and scholars who were its members, and all the pieces and objects in its museum collections are worthy of note.<\/p><p>Until the end of the 19th century, it maintained important scientific teaching activities, extending its vocation and responsibility for promoting knowledge and technical expertise. And it welcomed the birth of institutions that later became autonomous, namely the Vaccine Institution (1811), the Geological Commission (1857) and the Higher Course of Letters (1859).<\/p><p>The History of the Academy of Sciences of Lisbon helps us to understand the reasons for the important place it occupies in Portugal's science and technology system - an institution dedicated to promoting and disseminating scientific culture, as well as demonstrating the relevance of science and literature to the country's development.<\/p>\t\t\t\t\t\t\t\t<\/div>\n\t\t\t\t<\/div>\n\t\t\t\t<div class=\"elementor-element elementor-element-7c8d9da2 elementor-widget elementor-widget-spacer\" data-id=\"7c8d9da2\" data-element_type=\"widget\" data-widget_type=\"spacer.default\">\n\t\t\t\t<div class=\"elementor-widget-container\">\n\t\t\t\t\t\t\t<div class=\"elementor-spacer\">\n\t\t\t<div class=\"elementor-spacer-inner\"><\/div>\n\t\t<\/div>\n\t\t\t\t\t\t<\/div>\n\t\t\t\t<\/div>\n\t\t\t\t\t<\/div>\n\t\t<\/div>\n\t\t\t\t\t<\/div>\n\t\t<\/section>\n\t\t\t\t\t<\/div>\n\t\t<\/div>\n\t\t\t\t<div class=\"has_eae_slider aux-parallax-section elementor-column elementor-col-50 elementor-top-column elementor-element elementor-element-60876955 fixed-colum elementor-hidden-mobile\" data-eae-slider=\"7172\" data-id=\"60876955\" data-element_type=\"column\" data-settings=\"{&quot;background_background&quot;:&quot;classic&quot;}\">\n\t\t\t<div class=\"elementor-widget-wrap elementor-element-populated\">\n\t\t\t\t\t\t<div class=\"elementor-element elementor-element-54ed0bcd elementor-widget elementor-widget-spacer\" data-id=\"54ed0bcd\" data-element_type=\"widget\" data-widget_type=\"spacer.default\">\n\t\t\t\t<div class=\"elementor-widget-container\">\n\t\t\t\t\t\t\t<div class=\"elementor-spacer\">\n\t\t\t<div class=\"elementor-spacer-inner\"><\/div>\n\t\t<\/div>\n\t\t\t\t\t\t<\/div>\n\t\t\t\t<\/div>\n\t\t\t\t\t<\/div>\n\t\t<\/div>\n\t\t\t\t\t<\/div>\n\t\t<\/section>\n\t\t\t\t<\/div>","protected":false},"excerpt":{"rendered":"<p>Home hist\u00f3ria da Academia A Academia das Ci\u00eancias de Lisboa foi fundada a 24 de dezembro de 1779, com benepl\u00e1cito da rainha D. Maria I. Entre os principais respons\u00e1veis e mentores da concretiza\u00e7\u00e3o deste projeto contam-se o 2.\u00ba Duque de Laf\u00f5es, D. Jo\u00e3o Carlos de Bragan\u00e7a, e o abade Jos\u00e9 Correia da Serra. O conhecimento [&hellip;]<\/p>","protected":false},"author":1,"featured_media":0,"parent":13172,"menu_order":0,"comment_status":"closed","ping_status":"closed","template":"","meta":{"footnotes":""},"class_list":["post-1421","page","type-page","status-publish","hentry"],"_links":{"self":[{"href":"https:\/\/www.acad-ciencias.pt\/eng\/wp-json\/wp\/v2\/pages\/1421","targetHints":{"allow":["GET"]}}],"collection":[{"href":"https:\/\/www.acad-ciencias.pt\/eng\/wp-json\/wp\/v2\/pages"}],"about":[{"href":"https:\/\/www.acad-ciencias.pt\/eng\/wp-json\/wp\/v2\/types\/page"}],"author":[{"embeddable":true,"href":"https:\/\/www.acad-ciencias.pt\/eng\/wp-json\/wp\/v2\/users\/1"}],"replies":[{"embeddable":true,"href":"https:\/\/www.acad-ciencias.pt\/eng\/wp-json\/wp\/v2\/comments?post=1421"}],"version-history":[{"count":0,"href":"https:\/\/www.acad-ciencias.pt\/eng\/wp-json\/wp\/v2\/pages\/1421\/revisions"}],"up":[{"embeddable":true,"href":"https:\/\/www.acad-ciencias.pt\/eng\/wp-json\/wp\/v2\/pages\/13172"}],"wp:attachment":[{"href":"https:\/\/www.acad-ciencias.pt\/eng\/wp-json\/wp\/v2\/media?parent=1421"}],"curies":[{"name":"wp","href":"https:\/\/api.w.org\/{rel}","templated":true}]}}