{"id":1551,"date":"2021-10-12T13:45:05","date_gmt":"2021-10-12T13:45:05","guid":{"rendered":"https:\/\/www.academiabeta.galeria-arf-acad-ciencias.pt\/?page_id=1551"},"modified":"2025-01-20T10:04:37","modified_gmt":"2025-01-20T10:04:37","slug":"cargos-academicos-2025-2026","status":"publish","type":"page","link":"https:\/\/www.acad-ciencias.pt\/eng\/cargos-academicos\/cargos-academicos-2025-2026\/","title":{"rendered":"Cargos Acad\u00e9micos 2025-2026"},"content":{"rendered":"<div data-elementor-type=\"wp-page\" data-elementor-id=\"1551\" class=\"elementor elementor-1551\">\n\t\t\t\t\t\t<section class=\"has_eae_slider elementor-section elementor-top-section elementor-element elementor-element-f2f750 elementor-section-full_width elementor-section-height-default elementor-section-height-default\" data-eae-slider=\"80412\" data-id=\"f2f750\" data-element_type=\"section\">\n\t\t\t\t\t\t<div class=\"elementor-container elementor-column-gap-default\">\n\t\t\t\t\t<div class=\"has_eae_slider aux-parallax-section elementor-column elementor-col-100 elementor-top-column elementor-element elementor-element-fe9f0ba\" data-eae-slider=\"19313\" data-id=\"fe9f0ba\" data-element_type=\"column\">\n\t\t\t<div class=\"elementor-widget-wrap\">\n\t\t\t\t\t\t\t<\/div>\n\t\t<\/div>\n\t\t\t\t\t<\/div>\n\t\t<\/section>\n\t\t\t\t<section class=\"has_eae_slider elementor-section elementor-top-section elementor-element elementor-element-4b812655 elementor-section-full_width elementor-section-height-default elementor-section-height-default\" data-eae-slider=\"21638\" data-id=\"4b812655\" data-element_type=\"section\">\n\t\t\t\t\t\t<div class=\"elementor-container elementor-column-gap-default\">\n\t\t\t\t\t<div class=\"has_eae_slider aux-parallax-section elementor-column elementor-col-50 elementor-top-column elementor-element elementor-element-36aa5916\" data-eae-slider=\"61473\" data-id=\"36aa5916\" data-element_type=\"column\" data-settings=\"{&quot;background_background&quot;:&quot;slideshow&quot;,&quot;background_slideshow_gallery&quot;:[],&quot;background_slideshow_loop&quot;:&quot;yes&quot;,&quot;background_slideshow_slide_duration&quot;:5000,&quot;background_slideshow_slide_transition&quot;:&quot;fade&quot;,&quot;background_slideshow_transition_duration&quot;:500}\">\n\t\t\t<div class=\"elementor-widget-wrap elementor-element-populated\">\n\t\t\t\t\t\t<section class=\"has_eae_slider elementor-section elementor-inner-section elementor-element elementor-element-26d514ab elementor-section-boxed elementor-section-height-default elementor-section-height-default\" data-eae-slider=\"70228\" data-id=\"26d514ab\" data-element_type=\"section\" id=\"9999\" data-settings=\"{&quot;background_background&quot;:&quot;slideshow&quot;,&quot;background_slideshow_gallery&quot;:[],&quot;background_slideshow_loop&quot;:&quot;yes&quot;,&quot;background_slideshow_slide_duration&quot;:5000,&quot;background_slideshow_slide_transition&quot;:&quot;fade&quot;,&quot;background_slideshow_transition_duration&quot;:500}\">\n\t\t\t\t\t\t<div class=\"elementor-container elementor-column-gap-no\">\n\t\t\t\t\t<div class=\"has_eae_slider aux-parallax-section elementor-column elementor-col-100 elementor-inner-column elementor-element elementor-element-56a7511\" data-eae-slider=\"62934\" data-id=\"56a7511\" data-element_type=\"column\" data-settings=\"{&quot;background_background&quot;:&quot;slideshow&quot;,&quot;background_slideshow_gallery&quot;:[],&quot;background_slideshow_loop&quot;:&quot;yes&quot;,&quot;background_slideshow_slide_duration&quot;:5000,&quot;background_slideshow_slide_transition&quot;:&quot;fade&quot;,&quot;background_slideshow_transition_duration&quot;:500}\">\n\t\t\t<div class=\"elementor-widget-wrap elementor-element-populated\">\n\t\t\t\t\t\t<div class=\"elementor-element elementor-element-670cd791 elementor-widget elementor-widget-aux_breadcrumbs\" data-id=\"670cd791\" data-element_type=\"widget\" data-widget_type=\"aux_breadcrumbs.default\">\n\t\t\t\t<div class=\"elementor-widget-container\">\n\t\t\t\t\t<div class=\"aux-elementor-breadcrumbs\"><p class=\"aux-breadcrumbs\"><span><a href=\"https:\/\/www.acad-ciencias.pt\/eng\" title=\"Home\">Home<\/a><\/span><\/div>\t\t\t\t<\/div>\n\t\t\t\t<\/div>\n\t\t\t\t<div class=\"elementor-element elementor-element-1a3b1807 elementor-widget elementor-widget-text-editor\" data-id=\"1a3b1807\" data-element_type=\"widget\" data-widget_type=\"text-editor.default\">\n\t\t\t\t<div class=\"elementor-widget-container\">\n\t\t\t\t\t\t\t\t\t<h1>Governance<\/h1>\t\t\t\t\t\t\t\t<\/div>\n\t\t\t\t<\/div>\n\t\t\t\t<div class=\"elementor-element elementor-element-46cc094c elementor-widget elementor-widget-text-editor\" data-id=\"46cc094c\" data-element_type=\"widget\" data-widget_type=\"text-editor.default\">\n\t\t\t\t<div class=\"elementor-widget-container\">\n\t\t\t\t\t\t\t\t\t<h4><strong>2025-2026<\/strong><\/h4>\n<p><b>JOS\u00c9 FRANCISCO RODRIGUES<\/b><br>Presidente da Academia e Presidente da Classe de Ci\u00eancias<\/p>\n<div>\n<p><b>JOS\u00c9 LU\u00cdS CARDOSO<\/b><br>Vice-presidente e Presidente da Classe de Letras<\/p>\n<div>\n<div>\n<p><b>MIGUEL MIRANDA<\/b><br>Vice President of the Sciences Class Vice President of the Letters Class<\/p>\n<div>\n<p><b>MARIA DA GL\u00d3RIA GARCIA<\/b><br>Vice-presidente da Classe de Letras<\/p>\n<div>\n<p><b>ISABEL S\u00c1-CORREIA<\/b><br>Secret\u00e1ria-geral e Secret\u00e1ria da Classe de Ci\u00eancias<\/p>\n<div>\n<p><b>LU\u00cdS OLIVEIRA E SILVA<\/b><br>Treasurer<\/p>\n<div>\n<p><b>MARIA LUCINDA FONSECA<\/b><br>Vice-secret\u00e1ria geral e Secret\u00e1ria da Classe de Letras<\/p>\n<p><b>FERNANDO INOC\u00caNCIO FERREIRA<\/b><br>Vice-secret\u00e1rio da Classe de Ci\u00eancias<\/p>\n<p><b>JOS\u00c9 ESTEVES PEREIRA<\/b><br>Vice-secret\u00e1rio da Classe de Letras<\/p>\n<p><b>HENRIQUE LEIT\u00c3O<\/b><br>Director of the Library<\/p>\n<p><b>MARIA SALOM\u00c9 PAIS<\/b><br>President of the  Institute of Advance Studies<\/p>\n<p><b>ANA SALGADO<\/b><br>President of the Institute of Lexicology and Lexicography of the Portuguese Language<\/p>\n<p><b>JO\u00c3O LU\u00cdS CARDOSO<\/b><br>Director of the Maynense Museum<\/p>\n<p><b>PEDRO PITA BARROS<\/b><br>President of the Young Scientists Seminar<\/p>\n<p><b>JOS\u00c9 AUGUSTO DE SOTTOMAYOR-PIZARRO<\/b><br>Director of the  Historical Archive<\/p>\n<\/div>\n<\/div>\n<\/div>\n<\/div>\n<\/div>\n<\/div>\n<\/div>\t\t\t\t\t\t\t\t<\/div>\n\t\t\t\t<\/div>\n\t\t\t\t<div class=\"elementor-element elementor-element-12b44f79 elementor-widget elementor-widget-text-editor\" data-id=\"12b44f79\" data-element_type=\"widget\" data-widget_type=\"text-editor.default\">\n\t\t\t\t<div class=\"elementor-widget-container\">\n\t\t\t\t\t\t\t\t\t<h6><a href=\"\/organograma\/\"><span style=\"font-size: 16.0016px; font-weight: bold; letter-spacing: 1px; text-transform: uppercase;\">Organizational Chart<\/span><\/a><\/h6>\t\t\t\t\t\t\t\t<\/div>\n\t\t\t\t<\/div>\n\t\t\t\t<div class=\"elementor-element elementor-element-372a406f elementor-widget elementor-widget-spacer\" data-id=\"372a406f\" data-element_type=\"widget\" data-widget_type=\"spacer.default\">\n\t\t\t\t<div class=\"elementor-widget-container\">\n\t\t\t\t\t\t\t<div class=\"elementor-spacer\">\n\t\t\t<div class=\"elementor-spacer-inner\"><\/div>\n\t\t<\/div>\n\t\t\t\t\t\t<\/div>\n\t\t\t\t<\/div>\n\t\t\t\t\t<\/div>\n\t\t<\/div>\n\t\t\t\t\t<\/div>\n\t\t<\/section>\n\t\t\t\t\t<\/div>\n\t\t<\/div>\n\t\t\t\t<div class=\"has_eae_slider aux-parallax-section elementor-column elementor-col-50 elementor-top-column elementor-element elementor-element-6cc74d9a fixed-colum elementor-hidden-mobile\" data-eae-slider=\"20569\" data-id=\"6cc74d9a\" data-element_type=\"column\" data-settings=\"{&quot;background_background&quot;:&quot;classic&quot;}\">\n\t\t\t<div class=\"elementor-widget-wrap elementor-element-populated\">\n\t\t\t\t\t\t<div class=\"elementor-element elementor-element-57785a33 elementor-widget elementor-widget-spacer\" data-id=\"57785a33\" data-element_type=\"widget\" data-widget_type=\"spacer.default\">\n\t\t\t\t<div class=\"elementor-widget-container\">\n\t\t\t\t\t\t\t<div class=\"elementor-spacer\">\n\t\t\t<div class=\"elementor-spacer-inner\"><\/div>\n\t\t<\/div>\n\t\t\t\t\t\t<\/div>\n\t\t\t\t<\/div>\n\t\t\t\t\t<\/div>\n\t\t<\/div>\n\t\t\t\t\t<\/div>\n\t\t<\/section>\n\t\t\t\t<\/div>","protected":false},"excerpt":{"rendered":"<p>Home Cargos Acad\u00e9micos 2025-2026 JOS\u00c9 FRANCISCO RODRIGUESPresidente da Academia e Presidente da Classe de Ci\u00eancias JOS\u00c9 LU\u00cdS CARDOSOVice-presidente e Presidente da Classe de Letras MIGUEL MIRANDAVice-presidente da Classe de Ci\u00eancias MARIA DA GL\u00d3RIA GARCIAVice-presidente da Classe de Letras ISABEL S\u00c1-CORREIASecret\u00e1ria-geral e Secret\u00e1ria da Classe de Ci\u00eancias LU\u00cdS OLIVEIRA E SILVATesoureiro MARIA LUCINDA FONSECAVice-secret\u00e1ria geral e [&hellip;]<\/p>","protected":false},"author":1,"featured_media":0,"parent":13169,"menu_order":0,"comment_status":"closed","ping_status":"closed","template":"","meta":{"footnotes":""},"class_list":["post-1551","page","type-page","status-publish","hentry"],"_links":{"self":[{"href":"https:\/\/www.acad-ciencias.pt\/eng\/wp-json\/wp\/v2\/pages\/1551","targetHints":{"allow":["GET"]}}],"collection":[{"href":"https:\/\/www.acad-ciencias.pt\/eng\/wp-json\/wp\/v2\/pages"}],"about":[{"href":"https:\/\/www.acad-ciencias.pt\/eng\/wp-json\/wp\/v2\/types\/page"}],"author":[{"embeddable":true,"href":"https:\/\/www.acad-ciencias.pt\/eng\/wp-json\/wp\/v2\/users\/1"}],"replies":[{"embeddable":true,"href":"https:\/\/www.acad-ciencias.pt\/eng\/wp-json\/wp\/v2\/comments?post=1551"}],"version-history":[{"count":0,"href":"https:\/\/www.acad-ciencias.pt\/eng\/wp-json\/wp\/v2\/pages\/1551\/revisions"}],"up":[{"embeddable":true,"href":"https:\/\/www.acad-ciencias.pt\/eng\/wp-json\/wp\/v2\/pages\/13169"}],"wp:attachment":[{"href":"https:\/\/www.acad-ciencias.pt\/eng\/wp-json\/wp\/v2\/media?parent=1551"}],"curies":[{"name":"wp","href":"https:\/\/api.w.org\/{rel}","templated":true}]}}