{"id":25071,"date":"2025-08-04T16:19:13","date_gmt":"2025-08-04T15:19:13","guid":{"rendered":"https:\/\/www.acad-ciencias.pt\/?page_id=25071"},"modified":"2025-08-04T16:19:35","modified_gmt":"2025-08-04T15:19:35","slug":"destaque-da-biblioteca-agosto-2025","status":"publish","type":"page","link":"https:\/\/www.acad-ciencias.pt\/eng\/destaque-da-biblioteca-agosto-2025\/","title":{"rendered":"Destaque da Biblioteca | Agosto 2025"},"content":{"rendered":"<p>Dicion\u00e1rio da L\u00edngua falada por povos ind\u00edgenas\u00a0do Brasil com a cota Manuscrito Azul 569<\/p>","protected":false},"excerpt":{"rendered":"<p>Dicion\u00e1rio da L\u00edngua falada por povos ind\u00edgenas\u00a0do Brasil com a cota Manuscrito Azul 569<\/p>","protected":false},"author":18,"featured_media":25073,"parent":0,"menu_order":0,"comment_status":"closed","ping_status":"closed","template":"","meta":{"footnotes":""},"class_list":["post-25071","page","type-page","status-publish","has-post-thumbnail","hentry"],"_links":{"self":[{"href":"https:\/\/www.acad-ciencias.pt\/eng\/wp-json\/wp\/v2\/pages\/25071","targetHints":{"allow":["GET"]}}],"collection":[{"href":"https:\/\/www.acad-ciencias.pt\/eng\/wp-json\/wp\/v2\/pages"}],"about":[{"href":"https:\/\/www.acad-ciencias.pt\/eng\/wp-json\/wp\/v2\/types\/page"}],"author":[{"embeddable":true,"href":"https:\/\/www.acad-ciencias.pt\/eng\/wp-json\/wp\/v2\/users\/18"}],"replies":[{"embeddable":true,"href":"https:\/\/www.acad-ciencias.pt\/eng\/wp-json\/wp\/v2\/comments?post=25071"}],"version-history":[{"count":1,"href":"https:\/\/www.acad-ciencias.pt\/eng\/wp-json\/wp\/v2\/pages\/25071\/revisions"}],"predecessor-version":[{"id":25074,"href":"https:\/\/www.acad-ciencias.pt\/eng\/wp-json\/wp\/v2\/pages\/25071\/revisions\/25074"}],"wp:featuredmedia":[{"embeddable":true,"href":"https:\/\/www.acad-ciencias.pt\/eng\/wp-json\/wp\/v2\/media\/25073"}],"wp:attachment":[{"href":"https:\/\/www.acad-ciencias.pt\/eng\/wp-json\/wp\/v2\/media?parent=25071"}],"curies":[{"name":"wp","href":"https:\/\/api.w.org\/{rel}","templated":true}]}}