{"id":6448,"date":"2021-12-03T00:55:06","date_gmt":"2021-12-03T00:55:06","guid":{"rendered":"https:\/\/www.academiabeta.galeria-arf-acad-ciencias.pt\/?page_id=6448"},"modified":"2023-04-24T11:39:39","modified_gmt":"2023-04-24T11:39:39","slug":"apresentacao-arquivo-historico","status":"publish","type":"page","link":"https:\/\/www.acad-ciencias.pt\/eng\/arquivo-historico\/apresentacao-arquivo-historico\/","title":{"rendered":"Apresenta\u00e7\u00e3o do Arquivo Hist\u00f3rico"},"content":{"rendered":"<div data-elementor-type=\"wp-page\" data-elementor-id=\"6448\" class=\"elementor elementor-6448\">\n\t\t\t\t\t\t<section class=\"has_eae_slider elementor-section elementor-top-section elementor-element elementor-element-5bde5a90 elementor-section-full_width elementor-section-height-default elementor-section-height-default\" data-eae-slider=\"54098\" data-id=\"5bde5a90\" data-element_type=\"section\">\n\t\t\t\t\t\t<div class=\"elementor-container elementor-column-gap-default\">\n\t\t\t\t\t<div class=\"has_eae_slider aux-parallax-section elementor-column elementor-col-50 elementor-top-column elementor-element elementor-element-1be475b5\" data-eae-slider=\"22990\" data-id=\"1be475b5\" data-element_type=\"column\" data-settings=\"{&quot;background_background&quot;:&quot;slideshow&quot;,&quot;background_slideshow_gallery&quot;:[],&quot;background_slideshow_loop&quot;:&quot;yes&quot;,&quot;background_slideshow_slide_duration&quot;:5000,&quot;background_slideshow_slide_transition&quot;:&quot;fade&quot;,&quot;background_slideshow_transition_duration&quot;:500}\">\n\t\t\t<div class=\"elementor-widget-wrap elementor-element-populated\">\n\t\t\t\t\t\t<section class=\"has_eae_slider elementor-section elementor-inner-section elementor-element elementor-element-709d5038 elementor-section-boxed elementor-section-height-default elementor-section-height-default\" data-eae-slider=\"7204\" data-id=\"709d5038\" data-element_type=\"section\" id=\"9999\" data-settings=\"{&quot;background_background&quot;:&quot;slideshow&quot;,&quot;background_slideshow_gallery&quot;:[],&quot;background_slideshow_loop&quot;:&quot;yes&quot;,&quot;background_slideshow_slide_duration&quot;:5000,&quot;background_slideshow_slide_transition&quot;:&quot;fade&quot;,&quot;background_slideshow_transition_duration&quot;:500}\">\n\t\t\t\t\t\t<div class=\"elementor-container elementor-column-gap-no\">\n\t\t\t\t\t<div class=\"has_eae_slider aux-parallax-section elementor-column elementor-col-100 elementor-inner-column elementor-element elementor-element-61ca18fb\" data-eae-slider=\"98904\" data-id=\"61ca18fb\" data-element_type=\"column\" data-settings=\"{&quot;background_background&quot;:&quot;slideshow&quot;,&quot;background_slideshow_gallery&quot;:[],&quot;background_slideshow_loop&quot;:&quot;yes&quot;,&quot;background_slideshow_slide_duration&quot;:5000,&quot;background_slideshow_slide_transition&quot;:&quot;fade&quot;,&quot;background_slideshow_transition_duration&quot;:500}\">\n\t\t\t<div class=\"elementor-widget-wrap elementor-element-populated\">\n\t\t\t\t\t\t<div class=\"elementor-element elementor-element-26991513 elementor-widget elementor-widget-aux_breadcrumbs\" data-id=\"26991513\" data-element_type=\"widget\" data-widget_type=\"aux_breadcrumbs.default\">\n\t\t\t\t<div class=\"elementor-widget-container\">\n\t\t\t\t\t<div class=\"aux-elementor-breadcrumbs\"><p class=\"aux-breadcrumbs\"><span><a href=\"https:\/\/www.acad-ciencias.pt\/eng\" title=\"Home\">Home<\/a><\/span><\/div>\t\t\t\t<\/div>\n\t\t\t\t<\/div>\n\t\t\t\t<div class=\"elementor-element elementor-element-169ed32e elementor-widget elementor-widget-text-editor\" data-id=\"169ed32e\" data-element_type=\"widget\" data-widget_type=\"text-editor.default\">\n\t\t\t\t<div class=\"elementor-widget-container\">\n\t\t\t\t\t\t\t\t\t<h1>Presentation<\/h1>\t\t\t\t\t\t\t\t<\/div>\n\t\t\t\t<\/div>\n\t\t\t\t<div class=\"elementor-element elementor-element-6865f917 elementor-widget elementor-widget-text-editor\" data-id=\"6865f917\" data-element_type=\"widget\" data-widget_type=\"text-editor.default\">\n\t\t\t\t<div class=\"elementor-widget-container\">\n\t\t\t\t\t\t\t\t\t<p>The Historical Archive of the Academy of Sciences has grown along with the institution itself, constantly enriching itself, on the one hand, with its daily activity and, on the other, with the activity carried out by its members since its foundation in 1779.<\/p><p>This gave rise to its two main series: one, known as the\u00a0<strong>Secretary's Books<\/strong>, in which, in addition to the day-to-day management of the institution, the minutes of meetings or correspondence from members or official organizations stand out; and the other, made up of the Academic Files, in which all the acts that relate to each academic's relationship with the Academy of Sciences are collected.<\/p><p>The contribution of the fund of one of the oldest scientific institutions still in operation is essential to the knowledge of Portuguese scientific history, from the more experimental and natural areas such as Physics, Chemistry or Botany to the humanistic ones such as Literature or History.<\/p>\t\t\t\t\t\t\t\t<\/div>\n\t\t\t\t<\/div>\n\t\t\t\t<div class=\"elementor-element elementor-element-63960924 elementor-widget elementor-widget-text-editor\" data-id=\"63960924\" data-element_type=\"widget\" data-widget_type=\"text-editor.default\">\n\t\t\t\t<div class=\"elementor-widget-container\">\n\t\t\t\t\t\t\t\t\t<h4 style=\"letter-spacing: normal;\">Mission<\/h4><p style=\"color: #000000; font-family: 'PT Serif', sans-serif; font-size: 16.0016px; font-weight: 400;\">To organize, process, preserve and disseminate the permanent and\/or historical documents that make up the documentary heritage and institutional memory of the Academy of Sciences of Lisbon.<\/p><p style=\"color: #000000; font-family: 'PT Serif', sans-serif; font-size: 16.0016px; font-weight: 400;\">\u00a0<\/p><h4 style=\"letter-spacing: normal;\">Objectives\u00a0<\/h4><ul style=\"color: #000000; font-family: 'PT Serif', sans-serif; font-size: 16.0016px; font-weight: 400;\"><li style=\"line-height: 30.403px;\"><p>Identify and ensure the preservation of the documents in their care, developing appropriate intervention methodologies;<\/p><\/li><li style=\"line-height: 30.403px;\"><p>Promoting the dissemination of the content of its documents and the digitization of its document collection;<\/p><\/li><\/ul><ul style=\"color: #000000; font-family: 'PT Serif', sans-serif; font-size: 16.0016px; font-weight: 400;\"><li style=\"line-height: 30.403px;\"><p>To support and respond to the information needs of potential users, including researchers, higher education students, professionals from public and private organizations, and the general public.<\/p><\/li><\/ul>\t\t\t\t\t\t\t\t<\/div>\n\t\t\t\t<\/div>\n\t\t\t\t<div class=\"elementor-element elementor-element-7ff93948 elementor-widget elementor-widget-text-editor\" data-id=\"7ff93948\" data-element_type=\"widget\" data-widget_type=\"text-editor.default\">\n\t\t\t\t<div class=\"elementor-widget-container\">\n\t\t\t\t\t\t\t\t\t<p><span style=\"font-size: 16.0016px; font-weight: bold; letter-spacing: 1px; text-transform: uppercase;\"><a href=\"\/horarios\">Opening Hours<\/a><\/span><\/p>\t\t\t\t\t\t\t\t<\/div>\n\t\t\t\t<\/div>\n\t\t\t\t<div class=\"elementor-element elementor-element-0e42778 elementor-widget elementor-widget-text-editor\" data-id=\"0e42778\" data-element_type=\"widget\" data-widget_type=\"text-editor.default\">\n\t\t\t\t<div class=\"elementor-widget-container\">\n\t\t\t\t\t\t\t\t\t<p>The tasks of organizing and digitizing the ACL's Historical Archive are financially sponsored by the \"la Caixa\" Foundation - BPI.<\/p>\t\t\t\t\t\t\t\t<\/div>\n\t\t\t\t<\/div>\n\t\t\t\t<div class=\"elementor-element elementor-element-c34efde elementor-widget elementor-widget-image\" data-id=\"c34efde\" data-element_type=\"widget\" data-widget_type=\"image.default\">\n\t\t\t\t<div class=\"elementor-widget-container\">\n\t\t\t\t\t\t\t\t\t\t\t\t\t\t\t<img fetchpriority=\"high\" decoding=\"async\" width=\"275\" height=\"183\" src=\"https:\/\/www.acad-ciencias.pt\/wp-content\/uploads\/2023\/04\/logo-bpi-flc.png\" class=\"attachment-large size-large wp-image-14058\" alt=\"\" srcset=\"https:\/\/www.acad-ciencias.pt\/wp-content\/uploads\/2023\/04\/logo-bpi-flc.png 275w, https:\/\/www.acad-ciencias.pt\/wp-content\/uploads\/2023\/04\/logo-bpi-flc-100x67.png 100w, https:\/\/www.acad-ciencias.pt\/wp-content\/uploads\/2023\/04\/logo-bpi-flc-200x133.png 200w\" sizes=\"(max-width: 275px) 100vw, 275px\" \/>\t\t\t\t\t\t\t\t\t\t\t\t\t\t\t<\/div>\n\t\t\t\t<\/div>\n\t\t\t\t<div class=\"elementor-element elementor-element-8b0b400 elementor-widget elementor-widget-spacer\" data-id=\"8b0b400\" data-element_type=\"widget\" data-widget_type=\"spacer.default\">\n\t\t\t\t<div class=\"elementor-widget-container\">\n\t\t\t\t\t\t\t<div class=\"elementor-spacer\">\n\t\t\t<div class=\"elementor-spacer-inner\"><\/div>\n\t\t<\/div>\n\t\t\t\t\t\t<\/div>\n\t\t\t\t<\/div>\n\t\t\t\t\t<\/div>\n\t\t<\/div>\n\t\t\t\t\t<\/div>\n\t\t<\/section>\n\t\t\t\t\t<\/div>\n\t\t<\/div>\n\t\t\t\t<div class=\"has_eae_slider aux-parallax-section elementor-column elementor-col-50 elementor-top-column elementor-element elementor-element-836b5f1 fixed-colum elementor-hidden-mobile\" data-eae-slider=\"98764\" data-id=\"836b5f1\" data-element_type=\"column\" data-settings=\"{&quot;background_background&quot;:&quot;classic&quot;}\">\n\t\t\t<div class=\"elementor-widget-wrap elementor-element-populated\">\n\t\t\t\t\t\t<div class=\"elementor-element elementor-element-2222c8b6 elementor-widget elementor-widget-spacer\" data-id=\"2222c8b6\" data-element_type=\"widget\" data-widget_type=\"spacer.default\">\n\t\t\t\t<div class=\"elementor-widget-container\">\n\t\t\t\t\t\t\t<div class=\"elementor-spacer\">\n\t\t\t<div class=\"elementor-spacer-inner\"><\/div>\n\t\t<\/div>\n\t\t\t\t\t\t<\/div>\n\t\t\t\t<\/div>\n\t\t\t\t\t<\/div>\n\t\t<\/div>\n\t\t\t\t\t<\/div>\n\t\t<\/section>\n\t\t\t\t<\/div>","protected":false},"excerpt":{"rendered":"<p>Home Apresenta\u00e7\u00e3o O Arquivo Hist\u00f3rico da Academia das Ci\u00eancias foi crescendo a par da pr\u00f3pria institui\u00e7\u00e3o, enriquecendo-se constantemente, por um lado, com a sua atividade di\u00e1ria e, por outro, com a atividade exercida pelos s\u00f3cios, desde a sua funda\u00e7\u00e3o em 1779. Daqui resultaram as suas duas principais s\u00e9ries: uma, designada como\u00a0Livros de Secretaria, com caracter\u00edsticas [&hellip;]<\/p>","protected":false},"author":1,"featured_media":0,"parent":13190,"menu_order":0,"comment_status":"closed","ping_status":"closed","template":"","meta":{"footnotes":""},"class_list":["post-6448","page","type-page","status-publish","hentry"],"_links":{"self":[{"href":"https:\/\/www.acad-ciencias.pt\/eng\/wp-json\/wp\/v2\/pages\/6448","targetHints":{"allow":["GET"]}}],"collection":[{"href":"https:\/\/www.acad-ciencias.pt\/eng\/wp-json\/wp\/v2\/pages"}],"about":[{"href":"https:\/\/www.acad-ciencias.pt\/eng\/wp-json\/wp\/v2\/types\/page"}],"author":[{"embeddable":true,"href":"https:\/\/www.acad-ciencias.pt\/eng\/wp-json\/wp\/v2\/users\/1"}],"replies":[{"embeddable":true,"href":"https:\/\/www.acad-ciencias.pt\/eng\/wp-json\/wp\/v2\/comments?post=6448"}],"version-history":[{"count":0,"href":"https:\/\/www.acad-ciencias.pt\/eng\/wp-json\/wp\/v2\/pages\/6448\/revisions"}],"up":[{"embeddable":true,"href":"https:\/\/www.acad-ciencias.pt\/eng\/wp-json\/wp\/v2\/pages\/13190"}],"wp:attachment":[{"href":"https:\/\/www.acad-ciencias.pt\/eng\/wp-json\/wp\/v2\/media?parent=6448"}],"curies":[{"name":"wp","href":"https:\/\/api.w.org\/{rel}","templated":true}]}}