{"id":8038,"date":"2022-07-04T12:29:31","date_gmt":"2022-07-04T12:29:31","guid":{"rendered":"https:\/\/www.academiabeta.galeria-arf-acad-ciencias.pt\/?page_id=8038"},"modified":"2026-02-06T09:48:21","modified_gmt":"2026-02-06T09:48:21","slug":"bolsas","status":"publish","type":"page","link":"https:\/\/www.acad-ciencias.pt\/eng\/academia\/bolsas\/","title":{"rendered":"Grants"},"content":{"rendered":"<div data-elementor-type=\"wp-page\" data-elementor-id=\"8038\" class=\"elementor elementor-8038\">\n\t\t\t\t\t\t<section class=\"has_eae_slider elementor-section elementor-top-section elementor-element elementor-element-cc63d7d elementor-section-boxed elementor-section-height-default elementor-section-height-default\" data-eae-slider=\"87850\" data-id=\"cc63d7d\" data-element_type=\"section\">\n\t\t\t\t\t\t<div class=\"elementor-container elementor-column-gap-default\">\n\t\t\t\t\t<div class=\"has_eae_slider aux-parallax-section elementor-column elementor-col-100 elementor-top-column elementor-element elementor-element-d5cfd29\" data-eae-slider=\"23189\" data-id=\"d5cfd29\" data-element_type=\"column\">\n\t\t\t<div class=\"elementor-widget-wrap\">\n\t\t\t\t\t\t\t<\/div>\n\t\t<\/div>\n\t\t\t\t\t<\/div>\n\t\t<\/section>\n\t\t\t\t<section class=\"has_eae_slider elementor-section elementor-top-section elementor-element elementor-element-788d4bd1 elementor-section-full_width elementor-section-height-default elementor-section-height-default\" data-eae-slider=\"32672\" data-id=\"788d4bd1\" data-element_type=\"section\">\n\t\t\t\t\t\t<div class=\"elementor-container elementor-column-gap-default\">\n\t\t\t\t\t<div class=\"has_eae_slider aux-parallax-section elementor-column elementor-col-50 elementor-top-column elementor-element elementor-element-3d3f72d5\" data-eae-slider=\"10944\" data-id=\"3d3f72d5\" data-element_type=\"column\" data-settings=\"{&quot;background_background&quot;:&quot;slideshow&quot;,&quot;background_slideshow_gallery&quot;:[],&quot;background_slideshow_loop&quot;:&quot;yes&quot;,&quot;background_slideshow_slide_duration&quot;:5000,&quot;background_slideshow_slide_transition&quot;:&quot;fade&quot;,&quot;background_slideshow_transition_duration&quot;:500}\">\n\t\t\t<div class=\"elementor-widget-wrap elementor-element-populated\">\n\t\t\t\t\t\t<section class=\"has_eae_slider elementor-section elementor-inner-section elementor-element elementor-element-7c9cf306 elementor-section-boxed elementor-section-height-default elementor-section-height-default\" data-eae-slider=\"27412\" data-id=\"7c9cf306\" data-element_type=\"section\" id=\"9999\" data-settings=\"{&quot;background_background&quot;:&quot;slideshow&quot;,&quot;background_slideshow_gallery&quot;:[],&quot;background_slideshow_loop&quot;:&quot;yes&quot;,&quot;background_slideshow_slide_duration&quot;:5000,&quot;background_slideshow_slide_transition&quot;:&quot;fade&quot;,&quot;background_slideshow_transition_duration&quot;:500}\">\n\t\t\t\t\t\t<div class=\"elementor-container elementor-column-gap-no\">\n\t\t\t\t\t<div class=\"has_eae_slider aux-parallax-section elementor-column elementor-col-100 elementor-inner-column elementor-element elementor-element-6f97aa62\" data-eae-slider=\"31070\" data-id=\"6f97aa62\" data-element_type=\"column\" data-settings=\"{&quot;background_background&quot;:&quot;slideshow&quot;,&quot;background_slideshow_gallery&quot;:[],&quot;background_slideshow_loop&quot;:&quot;yes&quot;,&quot;background_slideshow_slide_duration&quot;:5000,&quot;background_slideshow_slide_transition&quot;:&quot;fade&quot;,&quot;background_slideshow_transition_duration&quot;:500}\">\n\t\t\t<div class=\"elementor-widget-wrap elementor-element-populated\">\n\t\t\t\t\t\t<div class=\"elementor-element elementor-element-c089e37 elementor-widget elementor-widget-aux_breadcrumbs\" data-id=\"c089e37\" data-element_type=\"widget\" data-widget_type=\"aux_breadcrumbs.default\">\n\t\t\t\t<div class=\"elementor-widget-container\">\n\t\t\t\t\t<div class=\"aux-elementor-breadcrumbs\"><p class=\"aux-breadcrumbs\"><span><a href=\"https:\/\/www.acad-ciencias.pt\/eng\" title=\"Home\">Home<\/a><\/span><\/div>\t\t\t\t<\/div>\n\t\t\t\t<\/div>\n\t\t\t\t<div class=\"elementor-element elementor-element-69414e33 elementor-widget elementor-widget-text-editor\" data-id=\"69414e33\" data-element_type=\"widget\" data-widget_type=\"text-editor.default\">\n\t\t\t\t<div class=\"elementor-widget-container\">\n\t\t\t\t\t\t\t\t\t<h1>Grants<\/h1>\t\t\t\t\t\t\t\t<\/div>\n\t\t\t\t<\/div>\n\t\t\t\t<div class=\"elementor-element elementor-element-cf4e9bc elementor-widget elementor-widget-text-editor\" data-id=\"cf4e9bc\" data-element_type=\"widget\" data-widget_type=\"text-editor.default\">\n\t\t\t\t<div class=\"elementor-widget-container\">\n\t\t\t\t\t\t\t\t\t<h5>Science and Technology Foundation Grants<\/h5>\t\t\t\t\t\t\t\t<\/div>\n\t\t\t\t<\/div>\n\t\t\t\t<div class=\"elementor-element elementor-element-60ad4f6 elementor-widget elementor-widget-accordion\" data-id=\"60ad4f6\" data-element_type=\"widget\" data-widget_type=\"accordion.default\">\n\t\t\t\t<div class=\"elementor-widget-container\">\n\t\t\t\t\t\t\t<div class=\"elementor-accordion\">\n\t\t\t\t\t\t\t<div class=\"elementor-accordion-item\">\n\t\t\t\t\t<div id=\"elementor-tab-title-1011\" class=\"elementor-tab-title\" data-tab=\"1\" role=\"button\" aria-controls=\"elementor-tab-content-1011\" aria-expanded=\"false\">\n\t\t\t\t\t\t\t\t\t\t\t\t\t<span class=\"elementor-accordion-icon elementor-accordion-icon-left\" aria-hidden=\"true\">\n\t\t\t\t\t\t\t\t\t\t\t\t\t\t\t<span class=\"elementor-accordion-icon-closed\"><i class=\"fas fa-plus\"><\/i><\/span>\n\t\t\t\t\t\t\t\t<span class=\"elementor-accordion-icon-opened\"><i class=\"fas fa-minus\"><\/i><\/span>\n\t\t\t\t\t\t\t\t\t\t\t\t\t\t<\/span>\n\t\t\t\t\t\t\t\t\t\t\t\t<a class=\"elementor-accordion-title\" tabindex=\"0\">Edi\u00e7\u00e3o 2025<\/a>\n\t\t\t\t\t<\/div>\n\t\t\t\t\t<div id=\"elementor-tab-content-1011\" class=\"elementor-tab-content elementor-clearfix\" data-tab=\"1\" role=\"region\" aria-labelledby=\"elementor-tab-title-1011\"><p><a href=\"https:\/\/www.acad-ciencias.pt\/wp-content\/uploads\/2025\/05\/Aviso_Abertura_ConcursoFCT_ACL_20250529.pdf\">Concurso para Atribui\u00e7\u00e3o de duas Bolsas de Investiga\u00e7\u00e3o para Doutoramento<\/a><\/p><\/div>\n\t\t\t\t<\/div>\n\t\t\t\t\t\t\t<div class=\"elementor-accordion-item\">\n\t\t\t\t\t<div id=\"elementor-tab-title-1012\" class=\"elementor-tab-title\" data-tab=\"2\" role=\"button\" aria-controls=\"elementor-tab-content-1012\" aria-expanded=\"false\">\n\t\t\t\t\t\t\t\t\t\t\t\t\t<span class=\"elementor-accordion-icon elementor-accordion-icon-left\" aria-hidden=\"true\">\n\t\t\t\t\t\t\t\t\t\t\t\t\t\t\t<span class=\"elementor-accordion-icon-closed\"><i class=\"fas fa-plus\"><\/i><\/span>\n\t\t\t\t\t\t\t\t<span class=\"elementor-accordion-icon-opened\"><i class=\"fas fa-minus\"><\/i><\/span>\n\t\t\t\t\t\t\t\t\t\t\t\t\t\t<\/span>\n\t\t\t\t\t\t\t\t\t\t\t\t<a class=\"elementor-accordion-title\" tabindex=\"0\">Edi\u00e7\u00e3o 2024<\/a>\n\t\t\t\t\t<\/div>\n\t\t\t\t\t<div id=\"elementor-tab-content-1012\" class=\"elementor-tab-content elementor-clearfix\" data-tab=\"2\" role=\"region\" aria-labelledby=\"elementor-tab-title-1012\"><p><span style=\"color: #800080;\"><a style=\"color: #800080;\" href=\"https:\/\/www.acad-ciencias.pt\/wp-content\/uploads\/2024\/05\/Aviso_Abertura_ConcursoFCT_ACL_2024_27_05_2024.pdf\" target=\"_blank\" rel=\"noopener\">Concurso para Atribui\u00e7\u00e3o de duas Bolsas de Investiga\u00e7\u00e3o para Doutoramento | Encerrado<\/a><\/span><\/p><\/div>\n\t\t\t\t<\/div>\n\t\t\t\t\t\t\t<div class=\"elementor-accordion-item\">\n\t\t\t\t\t<div id=\"elementor-tab-title-1013\" class=\"elementor-tab-title\" data-tab=\"3\" role=\"button\" aria-controls=\"elementor-tab-content-1013\" aria-expanded=\"false\">\n\t\t\t\t\t\t\t\t\t\t\t\t\t<span class=\"elementor-accordion-icon elementor-accordion-icon-left\" aria-hidden=\"true\">\n\t\t\t\t\t\t\t\t\t\t\t\t\t\t\t<span class=\"elementor-accordion-icon-closed\"><i class=\"fas fa-plus\"><\/i><\/span>\n\t\t\t\t\t\t\t\t<span class=\"elementor-accordion-icon-opened\"><i class=\"fas fa-minus\"><\/i><\/span>\n\t\t\t\t\t\t\t\t\t\t\t\t\t\t<\/span>\n\t\t\t\t\t\t\t\t\t\t\t\t<a class=\"elementor-accordion-title\" tabindex=\"0\">2023<\/a>\n\t\t\t\t\t<\/div>\n\t\t\t\t\t<div id=\"elementor-tab-content-1013\" class=\"elementor-tab-content elementor-clearfix\" data-tab=\"3\" role=\"region\" aria-labelledby=\"elementor-tab-title-1013\"><ul><li><a href=\"https:\/\/www.acad-ciencias.pt\/wp-content\/uploads\/2023\/05\/Aviso_Abertura_ConcursoFCT_ACL_2023_VF.pdf\" target=\"_blank\" rel=\"noopener\">Concurso para Atribui\u00e7\u00e3o de duas Bolsas de Investiga\u00e7\u00e3o para Doutoramento\u00a0| Encerrado<\/a><\/li><\/ul><\/div>\n\t\t\t\t<\/div>\n\t\t\t\t\t\t\t<div class=\"elementor-accordion-item\">\n\t\t\t\t\t<div id=\"elementor-tab-title-1014\" class=\"elementor-tab-title\" data-tab=\"4\" role=\"button\" aria-controls=\"elementor-tab-content-1014\" aria-expanded=\"false\">\n\t\t\t\t\t\t\t\t\t\t\t\t\t<span class=\"elementor-accordion-icon elementor-accordion-icon-left\" aria-hidden=\"true\">\n\t\t\t\t\t\t\t\t\t\t\t\t\t\t\t<span class=\"elementor-accordion-icon-closed\"><i class=\"fas fa-plus\"><\/i><\/span>\n\t\t\t\t\t\t\t\t<span class=\"elementor-accordion-icon-opened\"><i class=\"fas fa-minus\"><\/i><\/span>\n\t\t\t\t\t\t\t\t\t\t\t\t\t\t<\/span>\n\t\t\t\t\t\t\t\t\t\t\t\t<a class=\"elementor-accordion-title\" tabindex=\"0\">2022<\/a>\n\t\t\t\t\t<\/div>\n\t\t\t\t\t<div id=\"elementor-tab-content-1014\" class=\"elementor-tab-content elementor-clearfix\" data-tab=\"4\" role=\"region\" aria-labelledby=\"elementor-tab-title-1014\"><ul><li><p><a href=\"https:\/\/www.acad-ciencias.pt\/wp-content\/uploads\/2023\/02\/Aviso_Abertura_ConcursoFCT_ACL_2022.pdf\" target=\"_blank\" rel=\"noopener\">Concurso para Atribui\u00e7\u00e3o de duas Bolsas de Investiga\u00e7\u00e3o para Doutoramento | Encerrado<\/a><\/p><\/li><\/ul><\/div>\n\t\t\t\t<\/div>\n\t\t\t\t\t\t\t\t<\/div>\n\t\t\t\t\t\t<\/div>\n\t\t\t\t<\/div>\n\t\t\t\t<div class=\"elementor-element elementor-element-4088f9c6 elementor-widget elementor-widget-text-editor\" data-id=\"4088f9c6\" data-element_type=\"widget\" data-widget_type=\"text-editor.default\">\n\t\t\t\t<div class=\"elementor-widget-container\">\n\t\t\t\t\t\t\t\t\t<p>The<span style=\"color: #3366ff;\"> <a style=\"color: #3366ff;\" href=\"https:\/\/www.fct.pt\/\" target=\"_blank\" rel=\"noopener\">Foundation for Science and Technology (FCT)<\/a><\/span> and the Academy of Sciences Lisbon (ACL) have signed a protocol for the award of ten doctoral research grants, with the distribution of two grants per year for five years.<\/p><p>The protocol aims to fund work in the areas of research and development (R&amp;D) underlying the ACL's classes and sections, to carry out work leading to a doctoral degree at Portuguese universities. The research work will be carried out in close collaboration between the ACL and national R&amp;D units.<\/p><p>Each grant will be renewable for a maximum of four years, and the FCT will finance all the costs associated with implementing the protocol. The ACL will be responsible for opening the annual calls for proposals, selecting the grant holders and monitoring the work projects.<\/p><p>This is a joint action of great importance for training qualified resources at the highest level.<\/p>\t\t\t\t\t\t\t\t<\/div>\n\t\t\t\t<\/div>\n\t\t\t\t<div class=\"elementor-element elementor-element-315ec377 elementor-widget elementor-widget-text-editor\" data-id=\"315ec377\" data-element_type=\"widget\" data-widget_type=\"text-editor.default\">\n\t\t\t\t<div class=\"elementor-widget-container\">\n\t\t\t\t\t\t\t\t\t<p><span style=\"color: #3366ff;\"><a style=\"color: #3366ff;\" href=\"https:\/\/www.acad-ciencias.pt\/wp-content\/uploads\/2024\/08\/Protocolo_colaboracao_FCT.pdf\" target=\"_blank\" rel=\"noopener\">Collaboration Protocol<\/a><\/span><\/p>\t\t\t\t\t\t\t\t<\/div>\n\t\t\t\t<\/div>\n\t\t\t\t<div class=\"elementor-element elementor-element-73ba3a7 elementor-widget elementor-widget-text-editor\" data-id=\"73ba3a7\" data-element_type=\"widget\" data-widget_type=\"text-editor.default\">\n\t\t\t\t<div class=\"elementor-widget-container\">\n\t\t\t\t\t\t\t\t\t<h5>Academy of Sciences of Lisbon Grants<\/h5><p>Self-financed research grants at the Academy of Sciences.\u00a0<\/p>\t\t\t\t\t\t\t\t<\/div>\n\t\t\t\t<\/div>\n\t\t\t\t<div class=\"elementor-element elementor-element-94d3e1c elementor-widget elementor-widget-accordion\" data-id=\"94d3e1c\" data-element_type=\"widget\" data-widget_type=\"accordion.default\">\n\t\t\t\t<div class=\"elementor-widget-container\">\n\t\t\t\t\t\t\t<div class=\"elementor-accordion\">\n\t\t\t\t\t\t\t<div class=\"elementor-accordion-item\">\n\t\t\t\t\t<div id=\"elementor-tab-title-1561\" class=\"elementor-tab-title\" data-tab=\"1\" role=\"button\" aria-controls=\"elementor-tab-content-1561\" aria-expanded=\"false\">\n\t\t\t\t\t\t\t\t\t\t\t\t\t<span class=\"elementor-accordion-icon elementor-accordion-icon-left\" aria-hidden=\"true\">\n\t\t\t\t\t\t\t\t\t\t\t\t\t\t\t<span class=\"elementor-accordion-icon-closed\"><i class=\"fas fa-plus\"><\/i><\/span>\n\t\t\t\t\t\t\t\t<span class=\"elementor-accordion-icon-opened\"><i class=\"fas fa-minus\"><\/i><\/span>\n\t\t\t\t\t\t\t\t\t\t\t\t\t\t<\/span>\n\t\t\t\t\t\t\t\t\t\t\t\t<a class=\"elementor-accordion-title\" tabindex=\"0\">Edi\u00e7\u00e3o 2025 <\/a>\n\t\t\t\t\t<\/div>\n\t\t\t\t\t<div id=\"elementor-tab-content-1561\" class=\"elementor-tab-content elementor-clearfix\" data-tab=\"1\" role=\"region\" aria-labelledby=\"elementor-tab-title-1561\"><ul>\n<li><a href=\"https:\/\/www.acad-ciencias.pt\/wp-content\/uploads\/2025\/05\/Aviso_BII_Arquivo_2025_Prorrogacao.pdf\">Concurso para Atribui\u00e7\u00e3o de Uma Bolsa de Inicia\u00e7\u00e3o \u00e0 Investiga\u00e7\u00e3o (BII) no \u00e2mbito do Arquivo Hist\u00f3rico<\/a>.<\/li>\n<li><a href=\"https:\/\/www.acad-ciencias.pt\/wp-content\/uploads\/2025\/06\/Aviso_BII_biblioteca.pdf\">Concurso para Atribui\u00e7\u00e3o de Uma Bolsa de Inicia\u00e7\u00e3o \u00e0 Investiga\u00e7\u00e3o (BII) no \u00e2mbito da Biblioteca<\/a>.&nbsp;<\/li>\n<li><a href=\"https:\/\/www.acad-ciencias.pt\/wp-content\/uploads\/2025\/06\/Bolsa_IA-2.pdf\" target=\"_blank\" rel=\"noopener\">Concurso para Atribui\u00e7\u00e3o de Uma Bolsa de Investiga\u00e7\u00e3o (BI) no \u00e2mbito do&nbsp; projeto PORTULAN CLARIN &#8211; Infraestrutura de Investiga\u00e7\u00e3o para a Ci\u00eancia e Tecnologia da Linguagem (Intelig\u00eancia Artificial)<\/a>.<\/li>\n<li style=\"line-height: 30.403px;\"><a href=\"https:\/\/www.acad-ciencias.pt\/wp-content\/uploads\/2025\/06\/Bolsa_LEX.pdf\">Concurso para Atribui\u00e7\u00e3o de Uma Bolsa de Investiga\u00e7\u00e3o (BI) no \u00e2mbito do&nbsp; projeto PORTULAN CLARIN &#8211; Infraestrutura de Investiga\u00e7\u00e3o para a Ci\u00eancia e Tecnologia da Linguagem (Ci\u00eancias da Linguagem e Intelig\u00eancia Artificial)<\/a>.<\/li>\n<li style=\"line-height: 30.403px;\"><a href=\"https:\/\/www.acad-ciencias.pt\/wp-content\/uploads\/2025\/06\/CONCURSO_Bolsa-DHBACL-2025.pdf\" target=\"_blank\" rel=\"noopener\">Concurso para Atribui\u00e7\u00e3o de Uma Bolsa de Investiga\u00e7\u00e3o (BI) no \u00e2mbito do projeto do Dicion\u00e1rio Hist\u00f3rico-Biogr\u00e1fico.<\/a><\/li>\n<li style=\"line-height: 30.403px;\"><a href=\"https:\/\/www.acad-ciencias.pt\/wp-content\/uploads\/2025\/09\/Aviso_BI_nova_DesignComunicacao-1.pdf\">Concurso para Atribui\u00e7\u00e3o de Uma Bolsa de Investiga\u00e7\u00e3o (BI) no \u00e2mbito do projeto de Comunica\u00e7\u00e3o e Design<\/a><a href=\"https:\/\/www.acad-ciencias.pt\/wp-content\/uploads\/2025\/09\/Aviso_BI_nova_DesignComunicacao.pdf\" target=\"_blank\" rel=\"noopener\">.<\/a><\/li>\n<li style=\"line-height: 30.403px;\"><a href=\"https:\/\/www.acad-ciencias.pt\/wp-content\/uploads\/2025\/12\/Aviso_BI_FLAD.pdf\" target=\"_blank\">Concurso para Atribui\u00e7\u00e3o de Uma Bolsa de Investiga\u00e7\u00e3o (BI) no \u00e2mbito do projeto Biblioteca Digital de Jos\u00e9 Correia da Serra<\/a><a href=\"https:\/\/www.acad-ciencias.pt\/wp-content\/uploads\/2025\/10\/Aviso_BI_FLAD.pdf\">.<\/a><\/li>\n<\/ul><\/div>\n\t\t\t\t<\/div>\n\t\t\t\t\t\t\t<div class=\"elementor-accordion-item\">\n\t\t\t\t\t<div id=\"elementor-tab-title-1562\" class=\"elementor-tab-title\" data-tab=\"2\" role=\"button\" aria-controls=\"elementor-tab-content-1562\" aria-expanded=\"false\">\n\t\t\t\t\t\t\t\t\t\t\t\t\t<span class=\"elementor-accordion-icon elementor-accordion-icon-left\" aria-hidden=\"true\">\n\t\t\t\t\t\t\t\t\t\t\t\t\t\t\t<span class=\"elementor-accordion-icon-closed\"><i class=\"fas fa-plus\"><\/i><\/span>\n\t\t\t\t\t\t\t\t<span class=\"elementor-accordion-icon-opened\"><i class=\"fas fa-minus\"><\/i><\/span>\n\t\t\t\t\t\t\t\t\t\t\t\t\t\t<\/span>\n\t\t\t\t\t\t\t\t\t\t\t\t<a class=\"elementor-accordion-title\" tabindex=\"0\">Edi\u00e7\u00e3o 2024<\/a>\n\t\t\t\t\t<\/div>\n\t\t\t\t\t<div id=\"elementor-tab-content-1562\" class=\"elementor-tab-content elementor-clearfix\" data-tab=\"2\" role=\"region\" aria-labelledby=\"elementor-tab-title-1562\"><ul><li><a href=\"https:\/\/www.acad-ciencias.pt\/wp-content\/uploads\/2024\/02\/Aviso_BI_Biblioteca_2024.02.29.pdf\" target=\"_blank\" rel=\"noopener\">Concurso para Atribui\u00e7\u00e3o de Uma Bolsa de Investiga\u00e7\u00e3o (BI) no \u00e2mbito da Biblioteca | Encerrado<\/a><\/li><\/ul><\/div>\n\t\t\t\t<\/div>\n\t\t\t\t\t\t\t<div class=\"elementor-accordion-item\">\n\t\t\t\t\t<div id=\"elementor-tab-title-1563\" class=\"elementor-tab-title\" data-tab=\"3\" role=\"button\" aria-controls=\"elementor-tab-content-1563\" aria-expanded=\"false\">\n\t\t\t\t\t\t\t\t\t\t\t\t\t<span class=\"elementor-accordion-icon elementor-accordion-icon-left\" aria-hidden=\"true\">\n\t\t\t\t\t\t\t\t\t\t\t\t\t\t\t<span class=\"elementor-accordion-icon-closed\"><i class=\"fas fa-plus\"><\/i><\/span>\n\t\t\t\t\t\t\t\t<span class=\"elementor-accordion-icon-opened\"><i class=\"fas fa-minus\"><\/i><\/span>\n\t\t\t\t\t\t\t\t\t\t\t\t\t\t<\/span>\n\t\t\t\t\t\t\t\t\t\t\t\t<a class=\"elementor-accordion-title\" tabindex=\"0\">2023<\/a>\n\t\t\t\t\t<\/div>\n\t\t\t\t\t<div id=\"elementor-tab-content-1563\" class=\"elementor-tab-content elementor-clearfix\" data-tab=\"3\" role=\"region\" aria-labelledby=\"elementor-tab-title-1563\"><ul><li><a href=\"https:\/\/www.acad-ciencias.pt\/wp-content\/uploads\/2023\/12\/Aviso_BII_biblioteca.pdf\" target=\"_blank\" rel=\"noopener\">Concurso para Atribui\u00e7\u00e3o de Uma Bolsa de Inicia\u00e7\u00e3o \u00e0 Investiga\u00e7\u00e3o (BII) no \u00e2mbito do patrim\u00f3nio bibliogr\u00e1fico e iconogr\u00e1fico da Biblioteca | Encerrado<\/a><\/li><li><a href=\"https:\/\/www.acad-ciencias.pt\/wp-content\/uploads\/2023\/12\/Aviso_BI_ILLLP.pdf\" target=\"_blank\" rel=\"noopener\">Concurso para Atribui\u00e7\u00e3o de Uma Bolsa de Investiga\u00e7\u00e3o (BI) no \u00e2mbito do projeto Dicion\u00e1rio da L\u00edngua Portuguesa da Academia das Ci\u00eancias de Lisboa | Encerrado<\/a><\/li><li><a href=\"https:\/\/www.acad-ciencias.pt\/wp-content\/uploads\/2023\/09\/Aviso_BI_Arquivo_2023.09.14.pdf\" target=\"_blank\" rel=\"noopener\">Concurso para Atribui\u00e7\u00e3o de duas Bolsas de Investiga\u00e7\u00e3o (BI) no \u00e2mbito do projeto Arquivo Hist\u00f3rico | Encerrado<\/a><\/li><li><a href=\"https:\/\/www.acad-ciencias.pt\/wp-content\/uploads\/2023\/08\/Aviso-BI-Comunicacao-de-ciencia.pdf\">Concurso para Atribui\u00e7\u00e3o de uma Bolsa de Investiga\u00e7\u00e3o em Comunica\u00e7\u00e3o de Ci\u00eancias | Encerrado<\/a><\/li><li><a href=\"https:\/\/www.acad-ciencias.pt\/wp-content\/uploads\/2023\/08\/Aviso_BII_Museu_Final.pdf\" target=\"_blank\" rel=\"noopener\">Concurso para Atribui\u00e7\u00e3o de uma Bolsa de Inicia\u00e7\u00e3o \u00e0 Investiga\u00e7\u00e3o para o Museu Maynense da Academia de Ci\u00eancias de Lisboa | Encerrado<\/a><\/li><li><a href=\"https:\/\/www.acad-ciencias.pt\/wp-content\/uploads\/2023\/03\/Aviso_BI-para-doutoramento_Museu_ACL.pdf\">Concurso para Atribui\u00e7\u00e3o de uma Bolsa de Investiga\u00e7\u00e3o para Doutoramento | Encerrado<\/a><\/li><li><a href=\"https:\/\/www.acad-ciencias.pt\/wp-content\/uploads\/2023\/03\/Aviso_BI_Dicionario.pdf\">Concurso para Atribui\u00e7\u00e3o de uma Bolsa de Investiga\u00e7\u00e3o (BI) &#8211; No \u00e2mbito do projeto do Dicion\u00e1rio Hist\u00f3rico-Biogr\u00e1fico da Academia das Ci\u00eancias de Lisboa | Encerrado\u00a0<\/a><\/li><\/ul><\/div>\n\t\t\t\t<\/div>\n\t\t\t\t\t\t\t<div class=\"elementor-accordion-item\">\n\t\t\t\t\t<div id=\"elementor-tab-title-1564\" class=\"elementor-tab-title\" data-tab=\"4\" role=\"button\" aria-controls=\"elementor-tab-content-1564\" aria-expanded=\"false\">\n\t\t\t\t\t\t\t\t\t\t\t\t\t<span class=\"elementor-accordion-icon elementor-accordion-icon-left\" aria-hidden=\"true\">\n\t\t\t\t\t\t\t\t\t\t\t\t\t\t\t<span class=\"elementor-accordion-icon-closed\"><i class=\"fas fa-plus\"><\/i><\/span>\n\t\t\t\t\t\t\t\t<span class=\"elementor-accordion-icon-opened\"><i class=\"fas fa-minus\"><\/i><\/span>\n\t\t\t\t\t\t\t\t\t\t\t\t\t\t<\/span>\n\t\t\t\t\t\t\t\t\t\t\t\t<a class=\"elementor-accordion-title\" tabindex=\"0\">2022<\/a>\n\t\t\t\t\t<\/div>\n\t\t\t\t\t<div id=\"elementor-tab-content-1564\" class=\"elementor-tab-content elementor-clearfix\" data-tab=\"4\" role=\"region\" aria-labelledby=\"elementor-tab-title-1564\"><ul><li><span style=\"color: #003366;\"><a style=\"color: #003366;\" href=\"https:\/\/www.acad-ciencias.pt\/wp-content\/uploads\/2023\/04\/abertura_bolsa_BII.pdf\">Concurso para Atribui\u00e7\u00e3o de uma Bolsa de Inicia\u00e7\u00e3o \u00e0 Investiga\u00e7\u00e3o Cient\u00edfica (BII) &#8211; Ci\u00eancias da Comunica\u00e7\u00e3o | Encerrado<\/a><\/span><\/li><\/ul><\/div>\n\t\t\t\t<\/div>\n\t\t\t\t\t\t\t\t<\/div>\n\t\t\t\t\t\t<\/div>\n\t\t\t\t<\/div>\n\t\t\t\t<div class=\"elementor-element elementor-element-4602eb9a elementor-widget elementor-widget-text-editor\" data-id=\"4602eb9a\" data-element_type=\"widget\" data-widget_type=\"text-editor.default\">\n\t\t\t\t<div class=\"elementor-widget-container\">\n\t\t\t\t\t\t\t\t\t<h4 class=\"has-medium-font-size\">\u00a0<\/h4><p>\u00a0<\/p>\t\t\t\t\t\t\t\t<\/div>\n\t\t\t\t<\/div>\n\t\t\t\t\t<\/div>\n\t\t<\/div>\n\t\t\t\t\t<\/div>\n\t\t<\/section>\n\t\t\t\t\t<\/div>\n\t\t<\/div>\n\t\t\t\t<div class=\"has_eae_slider aux-parallax-section elementor-column elementor-col-50 elementor-top-column elementor-element elementor-element-3d0d90b fixed-colum elementor-hidden-mobile\" data-eae-slider=\"90187\" data-id=\"3d0d90b\" data-element_type=\"column\" data-settings=\"{&quot;background_background&quot;:&quot;classic&quot;}\">\n\t\t\t<div class=\"elementor-widget-wrap elementor-element-populated\">\n\t\t\t\t\t\t<div class=\"elementor-element elementor-element-61391d4f elementor-widget elementor-widget-spacer\" data-id=\"61391d4f\" data-element_type=\"widget\" data-widget_type=\"spacer.default\">\n\t\t\t\t<div class=\"elementor-widget-container\">\n\t\t\t\t\t\t\t<div class=\"elementor-spacer\">\n\t\t\t<div class=\"elementor-spacer-inner\"><\/div>\n\t\t<\/div>\n\t\t\t\t\t\t<\/div>\n\t\t\t\t<\/div>\n\t\t\t\t\t<\/div>\n\t\t<\/div>\n\t\t\t\t\t<\/div>\n\t\t<\/section>\n\t\t\t\t<\/div>","protected":false},"excerpt":{"rendered":"<p>Home Bolsas Bolsas Funda\u00e7\u00e3o para a Ci\u00eancia e a Tecnologia Edi\u00e7\u00e3o 2025 Concurso para Atribui\u00e7\u00e3o de duas Bolsas de Investiga\u00e7\u00e3o para Doutoramento Edi\u00e7\u00e3o 2024 Concurso para Atribui\u00e7\u00e3o de duas Bolsas de Investiga\u00e7\u00e3o para Doutoramento | Encerrado Edi\u00e7\u00e3o 2023 Concurso para Atribui\u00e7\u00e3o de duas Bolsas de Investiga\u00e7\u00e3o para Doutoramento\u00a0| Encerrado Edi\u00e7\u00e3o 2022 Concurso para Atribui\u00e7\u00e3o de [&hellip;]<\/p>","protected":false},"author":2,"featured_media":0,"parent":13172,"menu_order":0,"comment_status":"closed","ping_status":"closed","template":"","meta":{"footnotes":""},"class_list":["post-8038","page","type-page","status-publish","hentry"],"_links":{"self":[{"href":"https:\/\/www.acad-ciencias.pt\/eng\/wp-json\/wp\/v2\/pages\/8038","targetHints":{"allow":["GET"]}}],"collection":[{"href":"https:\/\/www.acad-ciencias.pt\/eng\/wp-json\/wp\/v2\/pages"}],"about":[{"href":"https:\/\/www.acad-ciencias.pt\/eng\/wp-json\/wp\/v2\/types\/page"}],"author":[{"embeddable":true,"href":"https:\/\/www.acad-ciencias.pt\/eng\/wp-json\/wp\/v2\/users\/2"}],"replies":[{"embeddable":true,"href":"https:\/\/www.acad-ciencias.pt\/eng\/wp-json\/wp\/v2\/comments?post=8038"}],"version-history":[{"count":40,"href":"https:\/\/www.acad-ciencias.pt\/eng\/wp-json\/wp\/v2\/pages\/8038\/revisions"}],"predecessor-version":[{"id":26846,"href":"https:\/\/www.acad-ciencias.pt\/eng\/wp-json\/wp\/v2\/pages\/8038\/revisions\/26846"}],"up":[{"embeddable":true,"href":"https:\/\/www.acad-ciencias.pt\/eng\/wp-json\/wp\/v2\/pages\/13172"}],"wp:attachment":[{"href":"https:\/\/www.acad-ciencias.pt\/eng\/wp-json\/wp\/v2\/media?parent=8038"}],"curies":[{"name":"wp","href":"https:\/\/api.w.org\/{rel}","templated":true}]}}