{"id":8293,"date":"2022-07-05T15:30:23","date_gmt":"2022-07-05T15:30:23","guid":{"rendered":"https:\/\/www.academiabeta.galeria-arf-acad-ciencias.pt\/?page_id=8293"},"modified":"2025-07-16T10:23:57","modified_gmt":"2025-07-16T09:23:57","slug":"mecenas","status":"publish","type":"page","link":"https:\/\/www.acad-ciencias.pt\/eng\/academia\/mecenas\/","title":{"rendered":"Patrons"},"content":{"rendered":"<div data-elementor-type=\"wp-page\" data-elementor-id=\"8293\" class=\"elementor elementor-8293\">\n\t\t\t\t\t\t<section class=\"has_eae_slider elementor-section elementor-top-section elementor-element elementor-element-7009a97d elementor-section-full_width elementor-section-height-default elementor-section-height-default\" data-eae-slider=\"25651\" data-id=\"7009a97d\" data-element_type=\"section\">\n\t\t\t\t\t\t<div class=\"elementor-container elementor-column-gap-default\">\n\t\t\t\t\t<div class=\"has_eae_slider aux-parallax-section elementor-column elementor-col-50 elementor-top-column elementor-element elementor-element-57c24b35\" data-eae-slider=\"77212\" data-id=\"57c24b35\" data-element_type=\"column\" data-settings=\"{&quot;background_background&quot;:&quot;slideshow&quot;,&quot;background_slideshow_gallery&quot;:[],&quot;background_slideshow_loop&quot;:&quot;yes&quot;,&quot;background_slideshow_slide_duration&quot;:5000,&quot;background_slideshow_slide_transition&quot;:&quot;fade&quot;,&quot;background_slideshow_transition_duration&quot;:500}\">\n\t\t\t<div class=\"elementor-widget-wrap elementor-element-populated\">\n\t\t\t\t\t\t<section class=\"has_eae_slider elementor-section elementor-inner-section elementor-element elementor-element-4e45b30 elementor-section-boxed elementor-section-height-default elementor-section-height-default\" data-eae-slider=\"70296\" data-id=\"4e45b30\" data-element_type=\"section\" id=\"9999\" data-settings=\"{&quot;background_background&quot;:&quot;slideshow&quot;,&quot;background_slideshow_gallery&quot;:[],&quot;background_slideshow_loop&quot;:&quot;yes&quot;,&quot;background_slideshow_slide_duration&quot;:5000,&quot;background_slideshow_slide_transition&quot;:&quot;fade&quot;,&quot;background_slideshow_transition_duration&quot;:500}\">\n\t\t\t\t\t\t<div class=\"elementor-container elementor-column-gap-no\">\n\t\t\t\t\t<div class=\"has_eae_slider aux-parallax-section elementor-column elementor-col-100 elementor-inner-column elementor-element elementor-element-7b0a4861\" data-eae-slider=\"15333\" data-id=\"7b0a4861\" data-element_type=\"column\" data-settings=\"{&quot;background_background&quot;:&quot;slideshow&quot;,&quot;background_slideshow_gallery&quot;:[],&quot;background_slideshow_loop&quot;:&quot;yes&quot;,&quot;background_slideshow_slide_duration&quot;:5000,&quot;background_slideshow_slide_transition&quot;:&quot;fade&quot;,&quot;background_slideshow_transition_duration&quot;:500}\">\n\t\t\t<div class=\"elementor-widget-wrap elementor-element-populated\">\n\t\t\t\t\t\t<div class=\"elementor-element elementor-element-3df26d8a elementor-widget elementor-widget-aux_breadcrumbs\" data-id=\"3df26d8a\" data-element_type=\"widget\" data-widget_type=\"aux_breadcrumbs.default\">\n\t\t\t\t<div class=\"elementor-widget-container\">\n\t\t\t\t\t<div class=\"aux-elementor-breadcrumbs\"><p class=\"aux-breadcrumbs\"><span><a href=\"https:\/\/www.acad-ciencias.pt\/eng\" title=\"Home\">Home<\/a><\/span><\/div>\t\t\t\t<\/div>\n\t\t\t\t<\/div>\n\t\t\t\t<div class=\"elementor-element elementor-element-762c5556 elementor-widget elementor-widget-text-editor\" data-id=\"762c5556\" data-element_type=\"widget\" data-widget_type=\"text-editor.default\">\n\t\t\t\t<div class=\"elementor-widget-container\">\n\t\t\t\t\t\t\t\t\t<h1>Patrons<\/h1>\t\t\t\t\t\t\t\t<\/div>\n\t\t\t\t<\/div>\n\t\t\t\t<div class=\"elementor-element elementor-element-66f2ef0 elementor-widget elementor-widget-text-editor\" data-id=\"66f2ef0\" data-element_type=\"widget\" data-widget_type=\"text-editor.default\">\n\t\t\t\t<div class=\"elementor-widget-container\">\n\t\t\t\t\t\t\t\t\t<p>The Academy of Sciences of Lisbon is proud of the support it has received and is grateful for the trust shown by the institutions that have continually collaborated in funding actions and patronage partnerships.<\/p><p>A Academia agradece os apoios acordados com:<\/p>\t\t\t\t\t\t\t\t<\/div>\n\t\t\t\t<\/div>\n\t\t\t\t\t<\/div>\n\t\t<\/div>\n\t\t\t\t\t<\/div>\n\t\t<\/section>\n\t\t\t\t<section class=\"has_eae_slider elementor-section elementor-inner-section elementor-element elementor-element-59e3c06 elementor-section-boxed elementor-section-height-default elementor-section-height-default\" data-eae-slider=\"81631\" data-id=\"59e3c06\" data-element_type=\"section\" data-settings=\"{&quot;animation&quot;:&quot;none&quot;}\">\n\t\t\t\t\t\t<div class=\"elementor-container elementor-column-gap-extended\">\n\t\t\t\t\t<div class=\"has_eae_slider aux-parallax-section elementor-column elementor-col-33 elementor-inner-column elementor-element elementor-element-d15f4ef\" data-eae-slider=\"83237\" data-id=\"d15f4ef\" data-element_type=\"column\">\n\t\t\t<div class=\"elementor-widget-wrap elementor-element-populated\">\n\t\t\t\t\t\t<div class=\"elementor-element elementor-element-eb55987 elementor-widget elementor-widget-image\" data-id=\"eb55987\" data-element_type=\"widget\" data-widget_type=\"image.default\">\n\t\t\t\t<div class=\"elementor-widget-container\">\n\t\t\t\t\t\t\t\t\t\t\t\t<figure class=\"wp-caption\">\n\t\t\t\t\t\t\t\t\t\t\t<a href=\"https:\/\/fundacaolacaixa.pt\" target=\"_blank\">\n\t\t\t\t\t\t\t<img fetchpriority=\"high\" decoding=\"async\" width=\"954\" height=\"699\" src=\"https:\/\/www.acad-ciencias.pt\/wp-content\/uploads\/2023\/04\/logo-bpi-vertical.png\" class=\"attachment-large size-large wp-image-14127\" alt=\"\" srcset=\"https:\/\/www.acad-ciencias.pt\/wp-content\/uploads\/2023\/04\/logo-bpi-vertical.png 954w, https:\/\/www.acad-ciencias.pt\/wp-content\/uploads\/2023\/04\/logo-bpi-vertical-100x73.png 100w, https:\/\/www.acad-ciencias.pt\/wp-content\/uploads\/2023\/04\/logo-bpi-vertical-200x147.png 200w, https:\/\/www.acad-ciencias.pt\/wp-content\/uploads\/2023\/04\/logo-bpi-vertical-400x293.png 400w\" sizes=\"(max-width: 954px) 100vw, 954px\" \/>\t\t\t\t\t\t\t\t<\/a>\n\t\t\t\t\t\t\t\t\t\t\t<figcaption class=\"widget-image-caption wp-caption-text\">FUNDA\u00c7\u00c3O <br>LA CAIXA\/BPI<\/figcaption>\n\t\t\t\t\t\t\t\t\t\t<\/figure>\n\t\t\t\t\t\t\t\t\t<\/div>\n\t\t\t\t<\/div>\n\t\t\t\t<div class=\"elementor-element elementor-element-8d66a6b elementor-widget elementor-widget-image\" data-id=\"8d66a6b\" data-element_type=\"widget\" data-widget_type=\"image.default\">\n\t\t\t\t<div class=\"elementor-widget-container\">\n\t\t\t\t\t\t\t\t\t\t\t\t<figure class=\"wp-caption\">\n\t\t\t\t\t\t\t\t\t\t\t<a href=\"https:\/\/www.fundacaoameliademello.org.pt\/\" target=\"_blank\">\n\t\t\t\t\t\t\t<img decoding=\"async\" width=\"1024\" height=\"745\" src=\"https:\/\/www.acad-ciencias.pt\/wp-content\/uploads\/2022\/12\/Fundacao-Amelia-de-Mello_custom-1024x745.png\" class=\"attachment-large size-large wp-image-8944\" alt=\"Log\u00f3tipo da Funda\u00e7\u00e3o Am\u00e9lia de Mello\" \/>\t\t\t\t\t\t\t\t<\/a>\n\t\t\t\t\t\t\t\t\t\t\t<figcaption class=\"widget-image-caption wp-caption-text\">FUNDA\u00c7\u00c3O <br>AM\u00c9LIA DE MELLO<\/figcaption>\n\t\t\t\t\t\t\t\t\t\t<\/figure>\n\t\t\t\t\t\t\t\t\t<\/div>\n\t\t\t\t<\/div>\n\t\t\t\t<div class=\"elementor-element elementor-element-28eee5c elementor-widget elementor-widget-image\" data-id=\"28eee5c\" data-element_type=\"widget\" data-widget_type=\"image.default\">\n\t\t\t\t<div class=\"elementor-widget-container\">\n\t\t\t\t\t\t\t\t\t\t\t\t<figure class=\"wp-caption\">\n\t\t\t\t\t\t\t\t\t\t\t<a href=\"https:\/\/www.cgd.pt\/Particulares\/Pages\/Particulares_v2.aspx\">\n\t\t\t\t\t\t\t<img decoding=\"async\" width=\"954\" height=\"699\" src=\"https:\/\/www.acad-ciencias.pt\/wp-content\/uploads\/2023\/07\/Logo_CGD.jpg\" class=\"attachment-large size-large wp-image-15649\" alt=\"\" srcset=\"https:\/\/www.acad-ciencias.pt\/wp-content\/uploads\/2023\/07\/Logo_CGD.jpg 954w, https:\/\/www.acad-ciencias.pt\/wp-content\/uploads\/2023\/07\/Logo_CGD-100x73.jpg 100w, https:\/\/www.acad-ciencias.pt\/wp-content\/uploads\/2023\/07\/Logo_CGD-200x147.jpg 200w, https:\/\/www.acad-ciencias.pt\/wp-content\/uploads\/2023\/07\/Logo_CGD-400x293.jpg 400w\" sizes=\"(max-width: 954px) 100vw, 954px\" \/>\t\t\t\t\t\t\t\t<\/a>\n\t\t\t\t\t\t\t\t\t\t\t<figcaption class=\"widget-image-caption wp-caption-text\">CAIXA GERAL DE DEP\u00d3SITOS<\/figcaption>\n\t\t\t\t\t\t\t\t\t\t<\/figure>\n\t\t\t\t\t\t\t\t\t<\/div>\n\t\t\t\t<\/div>\n\t\t\t\t<div class=\"elementor-element elementor-element-3aa5782 elementor-widget elementor-widget-image\" data-id=\"3aa5782\" data-element_type=\"widget\" data-widget_type=\"image.default\">\n\t\t\t\t<div class=\"elementor-widget-container\">\n\t\t\t\t\t\t\t\t\t\t\t\t<figure class=\"wp-caption\">\n\t\t\t\t\t\t\t\t\t\t<img loading=\"lazy\" decoding=\"async\" width=\"1024\" height=\"745\" src=\"https:\/\/www.acad-ciencias.pt\/wp-content\/uploads\/2024\/07\/opart-1024x745.jpg\" class=\"attachment-large size-large wp-image-19421\" alt=\"\" srcset=\"https:\/\/www.acad-ciencias.pt\/wp-content\/uploads\/2024\/07\/opart-1024x745.jpg 1024w, https:\/\/www.acad-ciencias.pt\/wp-content\/uploads\/2024\/07\/opart-18x12.jpg 18w\" sizes=\"(max-width: 1024px) 100vw, 1024px\" \/>\t\t\t\t\t\t\t\t\t\t\t<figcaption class=\"widget-image-caption wp-caption-text\">ORGANISMO DE PRODU\u00c7\u00c3O ART\u00cdSTICA, EPE<\/figcaption>\n\t\t\t\t\t\t\t\t\t\t<\/figure>\n\t\t\t\t\t\t\t\t\t<\/div>\n\t\t\t\t<\/div>\n\t\t\t\t\t<\/div>\n\t\t<\/div>\n\t\t\t\t<div class=\"has_eae_slider aux-parallax-section elementor-column elementor-col-33 elementor-inner-column elementor-element elementor-element-11b189d\" data-eae-slider=\"27326\" data-id=\"11b189d\" data-element_type=\"column\">\n\t\t\t<div class=\"elementor-widget-wrap elementor-element-populated\">\n\t\t\t\t\t\t<div class=\"elementor-element elementor-element-306e33a elementor-widget elementor-widget-image\" data-id=\"306e33a\" data-element_type=\"widget\" data-widget_type=\"image.default\">\n\t\t\t\t<div class=\"elementor-widget-container\">\n\t\t\t\t\t\t\t\t\t\t\t\t<figure class=\"wp-caption\">\n\t\t\t\t\t\t\t\t\t\t\t<a href=\"https:\/\/www.fct.pt\/\" target=\"_blank\">\n\t\t\t\t\t\t\t<img loading=\"lazy\" decoding=\"async\" width=\"1024\" height=\"745\" src=\"https:\/\/www.acad-ciencias.pt\/wp-content\/uploads\/2022\/12\/2022_FCT_Logo_A_horizontal_custom-1024x745.png\" class=\"attachment-large size-large wp-image-8942\" alt=\"Log\u00f3tipo da Funda\u00e7\u00e3o para a Ci\u00eancia e Tecnologia\" \/>\t\t\t\t\t\t\t\t<\/a>\n\t\t\t\t\t\t\t\t\t\t\t<figcaption class=\"widget-image-caption wp-caption-text\">FUNDA\u00c7\u00c3O PARA A CI\u00caNCIA <br>E A TECNOLOGIA<\/figcaption>\n\t\t\t\t\t\t\t\t\t\t<\/figure>\n\t\t\t\t\t\t\t\t\t<\/div>\n\t\t\t\t<\/div>\n\t\t\t\t<div class=\"elementor-element elementor-element-e1d042a elementor-widget elementor-widget-image\" data-id=\"e1d042a\" data-element_type=\"widget\" data-widget_type=\"image.default\">\n\t\t\t\t<div class=\"elementor-widget-container\">\n\t\t\t\t\t\t\t\t\t\t\t\t<figure class=\"wp-caption\">\n\t\t\t\t\t\t\t\t\t\t\t<a href=\"https:\/\/gulbenkian.pt\/\" target=\"_blank\">\n\t\t\t\t\t\t\t<img loading=\"lazy\" decoding=\"async\" width=\"1024\" height=\"745\" src=\"https:\/\/www.acad-ciencias.pt\/wp-content\/uploads\/2022\/12\/FCG_01_FundacaoCalousteGulbenkian_custom-1024x745.png\" class=\"attachment-large size-large wp-image-8917\" alt=\"Log\u00f3tipo da Funda\u00e7\u00e3o Calouste Gulbenkian\" \/>\t\t\t\t\t\t\t\t<\/a>\n\t\t\t\t\t\t\t\t\t\t\t<figcaption class=\"widget-image-caption wp-caption-text\">FUNDA\u00c7\u00c3O <br>CALOUSTE GULBENKIAN<\/figcaption>\n\t\t\t\t\t\t\t\t\t\t<\/figure>\n\t\t\t\t\t\t\t\t\t<\/div>\n\t\t\t\t<\/div>\n\t\t\t\t<div class=\"elementor-element elementor-element-7a2d8cf elementor-widget elementor-widget-image\" data-id=\"7a2d8cf\" data-element_type=\"widget\" data-widget_type=\"image.default\">\n\t\t\t\t<div class=\"elementor-widget-container\">\n\t\t\t\t\t\t\t\t\t\t\t\t<figure class=\"wp-caption\">\n\t\t\t\t\t\t\t\t\t\t<img loading=\"lazy\" decoding=\"async\" width=\"1024\" height=\"745\" src=\"https:\/\/www.acad-ciencias.pt\/wp-content\/uploads\/2024\/07\/luso_americana-1-1024x745.jpg\" class=\"attachment-large size-large wp-image-19419\" alt=\"\" srcset=\"https:\/\/www.acad-ciencias.pt\/wp-content\/uploads\/2024\/07\/luso_americana-1-1024x745.jpg 1024w, https:\/\/www.acad-ciencias.pt\/wp-content\/uploads\/2024\/07\/luso_americana-1-18x12.jpg 18w\" sizes=\"(max-width: 1024px) 100vw, 1024px\" \/>\t\t\t\t\t\t\t\t\t\t\t<figcaption class=\"widget-image-caption wp-caption-text\">FUNDA\u00c7\u00c3O LUSO-AMERICANA PARA O DESENVOLVIMENTO<\/figcaption>\n\t\t\t\t\t\t\t\t\t\t<\/figure>\n\t\t\t\t\t\t\t\t\t<\/div>\n\t\t\t\t<\/div>\n\t\t\t\t\t<\/div>\n\t\t<\/div>\n\t\t\t\t<div class=\"has_eae_slider aux-parallax-section elementor-column elementor-col-33 elementor-inner-column elementor-element elementor-element-804b397\" data-eae-slider=\"64808\" data-id=\"804b397\" data-element_type=\"column\">\n\t\t\t<div class=\"elementor-widget-wrap elementor-element-populated\">\n\t\t\t\t\t\t<div class=\"elementor-element elementor-element-636d6f7 elementor-widget elementor-widget-image\" data-id=\"636d6f7\" data-element_type=\"widget\" data-widget_type=\"image.default\">\n\t\t\t\t<div class=\"elementor-widget-container\">\n\t\t\t\t\t\t\t\t\t\t\t\t<figure class=\"wp-caption\">\n\t\t\t\t\t\t\t\t\t\t\t<a href=\"https:\/\/www.bportugal.pt\/\" target=\"_blank\">\n\t\t\t\t\t\t\t<img loading=\"lazy\" decoding=\"async\" width=\"1024\" height=\"745\" src=\"https:\/\/www.acad-ciencias.pt\/wp-content\/uploads\/2023\/02\/Logo_Banco-Portugal-1024x745.png\" class=\"attachment-large size-large wp-image-11926\" alt=\"\" \/>\t\t\t\t\t\t\t\t<\/a>\n\t\t\t\t\t\t\t\t\t\t\t<figcaption class=\"widget-image-caption wp-caption-text\">BANCO<br>DE PORTUGAL<\/figcaption>\n\t\t\t\t\t\t\t\t\t\t<\/figure>\n\t\t\t\t\t\t\t\t\t<\/div>\n\t\t\t\t<\/div>\n\t\t\t\t<div class=\"elementor-element elementor-element-0775e9e elementor-widget__width-initial elementor-widget elementor-widget-image\" data-id=\"0775e9e\" data-element_type=\"widget\" data-widget_type=\"image.default\">\n\t\t\t\t<div class=\"elementor-widget-container\">\n\t\t\t\t\t\t\t\t\t\t\t\t<figure class=\"wp-caption\">\n\t\t\t\t\t\t\t\t\t\t\t<a href=\"https:\/\/fundacaomillenniumbcp.pt\/\">\n\t\t\t\t\t\t\t<img loading=\"lazy\" decoding=\"async\" width=\"1024\" height=\"745\" src=\"https:\/\/www.acad-ciencias.pt\/wp-content\/uploads\/2025\/07\/teste-02-.png\" class=\"attachment-large size-large wp-image-24939\" alt=\"teste 02\" srcset=\"https:\/\/www.acad-ciencias.pt\/wp-content\/uploads\/2025\/07\/teste-02-.png 1024w, https:\/\/www.acad-ciencias.pt\/wp-content\/uploads\/2025\/07\/teste-02--16x12.png 16w\" sizes=\"(max-width: 1024px) 100vw, 1024px\" \/>\t\t\t\t\t\t\t\t<\/a>\n\t\t\t\t\t\t\t\t\t\t\t<figcaption class=\"widget-image-caption wp-caption-text\">FUNDA\u00c7\u00c3O  <br>  MILLENIUM BCP<\/figcaption>\n\t\t\t\t\t\t\t\t\t\t<\/figure>\n\t\t\t\t\t\t\t\t\t<\/div>\n\t\t\t\t<\/div>\n\t\t\t\t<div class=\"elementor-element elementor-element-b27be6f elementor-widget elementor-widget-image\" data-id=\"b27be6f\" data-element_type=\"widget\" data-widget_type=\"image.default\">\n\t\t\t\t<div class=\"elementor-widget-container\">\n\t\t\t\t\t\t\t\t\t\t\t\t<figure class=\"wp-caption\">\n\t\t\t\t\t\t\t\t\t\t\t<a href=\"https:\/\/greenvolt.com\/pt-pt\/\">\n\t\t\t\t\t\t\t<img loading=\"lazy\" decoding=\"async\" width=\"1024\" height=\"745\" src=\"https:\/\/www.acad-ciencias.pt\/wp-content\/uploads\/2024\/07\/greenvolt-1024x745.jpg\" class=\"attachment-large size-large wp-image-19420\" alt=\"\" srcset=\"https:\/\/www.acad-ciencias.pt\/wp-content\/uploads\/2024\/07\/greenvolt-1024x745.jpg 1024w, https:\/\/www.acad-ciencias.pt\/wp-content\/uploads\/2024\/07\/greenvolt-18x12.jpg 18w\" sizes=\"(max-width: 1024px) 100vw, 1024px\" \/>\t\t\t\t\t\t\t\t<\/a>\n\t\t\t\t\t\t\t\t\t\t\t<figcaption class=\"widget-image-caption wp-caption-text\">GREENVOLT<\/figcaption>\n\t\t\t\t\t\t\t\t\t\t<\/figure>\n\t\t\t\t\t\t\t\t\t<\/div>\n\t\t\t\t<\/div>\n\t\t\t\t\t<\/div>\n\t\t<\/div>\n\t\t\t\t\t<\/div>\n\t\t<\/section>\n\t\t\t\t\t<\/div>\n\t\t<\/div>\n\t\t\t\t<div class=\"has_eae_slider aux-parallax-section elementor-column elementor-col-50 elementor-top-column elementor-element elementor-element-6f18c49c fixed-colum elementor-hidden-mobile\" data-eae-slider=\"52289\" data-id=\"6f18c49c\" data-element_type=\"column\" data-settings=\"{&quot;background_background&quot;:&quot;classic&quot;}\">\n\t\t\t<div class=\"elementor-widget-wrap elementor-element-populated\">\n\t\t\t\t\t\t<div class=\"elementor-element elementor-element-766bcb43 elementor-widget elementor-widget-spacer\" data-id=\"766bcb43\" data-element_type=\"widget\" data-widget_type=\"spacer.default\">\n\t\t\t\t<div class=\"elementor-widget-container\">\n\t\t\t\t\t\t\t<div class=\"elementor-spacer\">\n\t\t\t<div class=\"elementor-spacer-inner\"><\/div>\n\t\t<\/div>\n\t\t\t\t\t\t<\/div>\n\t\t\t\t<\/div>\n\t\t\t\t\t<\/div>\n\t\t<\/div>\n\t\t\t\t\t<\/div>\n\t\t<\/section>\n\t\t\t\t<\/div>","protected":false},"excerpt":{"rendered":"<p>Home Mecenas A Academia das Ci\u00eancias de Lisboa orgulha-se do apoio recebido e agradece a confian\u00e7a demonstrada pelas institui\u00e7\u00f5es que, de forma continuada, t\u00eam colaborado em a\u00e7\u00f5es de financiamento e parcerias de car\u00e1cter mecen\u00e1tico. A Academia agradece os apoios acordados com: FUNDA\u00c7\u00c3O LA CAIXA\/BPI FUNDA\u00c7\u00c3O AM\u00c9LIA DE MELLO CAIXA GERAL DE DEP\u00d3SITOS ORGANISMO DE PRODU\u00c7\u00c3O [&hellip;]<\/p>","protected":false},"author":2,"featured_media":0,"parent":13172,"menu_order":0,"comment_status":"closed","ping_status":"closed","template":"","meta":{"footnotes":""},"class_list":["post-8293","page","type-page","status-publish","hentry"],"_links":{"self":[{"href":"https:\/\/www.acad-ciencias.pt\/eng\/wp-json\/wp\/v2\/pages\/8293","targetHints":{"allow":["GET"]}}],"collection":[{"href":"https:\/\/www.acad-ciencias.pt\/eng\/wp-json\/wp\/v2\/pages"}],"about":[{"href":"https:\/\/www.acad-ciencias.pt\/eng\/wp-json\/wp\/v2\/types\/page"}],"author":[{"embeddable":true,"href":"https:\/\/www.acad-ciencias.pt\/eng\/wp-json\/wp\/v2\/users\/2"}],"replies":[{"embeddable":true,"href":"https:\/\/www.acad-ciencias.pt\/eng\/wp-json\/wp\/v2\/comments?post=8293"}],"version-history":[{"count":21,"href":"https:\/\/www.acad-ciencias.pt\/eng\/wp-json\/wp\/v2\/pages\/8293\/revisions"}],"predecessor-version":[{"id":24942,"href":"https:\/\/www.acad-ciencias.pt\/eng\/wp-json\/wp\/v2\/pages\/8293\/revisions\/24942"}],"up":[{"embeddable":true,"href":"https:\/\/www.acad-ciencias.pt\/eng\/wp-json\/wp\/v2\/pages\/13172"}],"wp:attachment":[{"href":"https:\/\/www.acad-ciencias.pt\/eng\/wp-json\/wp\/v2\/media?parent=8293"}],"curies":[{"name":"wp","href":"https:\/\/api.w.org\/{rel}","templated":true}]}}