{"id":9450,"date":"2023-01-20T12:09:19","date_gmt":"2023-01-20T12:09:19","guid":{"rendered":"https:\/\/www.academiabeta.galeria-arf-acad-ciencias.pt\/?page_id=9450"},"modified":"2025-01-07T09:39:05","modified_gmt":"2025-01-07T09:39:05","slug":"mensagem-do-presidente-2","status":"publish","type":"page","link":"https:\/\/www.acad-ciencias.pt\/eng\/academia\/mensagem-do-presidente-2\/","title":{"rendered":"Message from the President of Academy of Sciences of Lisbon"},"content":{"rendered":"<div data-elementor-type=\"wp-page\" data-elementor-id=\"9450\" class=\"elementor elementor-9450\">\n\t\t\t\t\t\t<section class=\"has_eae_slider elementor-section elementor-top-section elementor-element elementor-element-336da566 elementor-section-full_width elementor-section-height-default elementor-section-height-default\" data-eae-slider=\"46107\" data-id=\"336da566\" data-element_type=\"section\">\n\t\t\t\t\t\t<div class=\"elementor-container elementor-column-gap-default\">\n\t\t\t\t\t<div class=\"has_eae_slider aux-parallax-section elementor-column elementor-col-100 elementor-top-column elementor-element elementor-element-6f7e74d\" data-eae-slider=\"42591\" data-id=\"6f7e74d\" data-element_type=\"column\">\n\t\t\t<div class=\"elementor-widget-wrap\">\n\t\t\t\t\t\t\t<\/div>\n\t\t<\/div>\n\t\t\t\t\t<\/div>\n\t\t<\/section>\n\t\t\t\t<section class=\"has_eae_slider elementor-section elementor-top-section elementor-element elementor-element-171d82ad elementor-section-full_width elementor-section-height-default elementor-section-height-default\" data-eae-slider=\"82873\" data-id=\"171d82ad\" data-element_type=\"section\">\n\t\t\t\t\t\t<div class=\"elementor-container elementor-column-gap-default\">\n\t\t\t\t\t<div class=\"has_eae_slider aux-parallax-section elementor-column elementor-col-50 elementor-top-column elementor-element elementor-element-20459b65\" data-eae-slider=\"33306\" data-id=\"20459b65\" data-element_type=\"column\" data-settings=\"{&quot;background_background&quot;:&quot;slideshow&quot;,&quot;background_slideshow_gallery&quot;:[],&quot;background_slideshow_loop&quot;:&quot;yes&quot;,&quot;background_slideshow_slide_duration&quot;:5000,&quot;background_slideshow_slide_transition&quot;:&quot;fade&quot;,&quot;background_slideshow_transition_duration&quot;:500}\">\n\t\t\t<div class=\"elementor-widget-wrap elementor-element-populated\">\n\t\t\t\t\t\t<section class=\"has_eae_slider elementor-section elementor-inner-section elementor-element elementor-element-139131c elementor-section-boxed elementor-section-height-default elementor-section-height-default\" data-eae-slider=\"63143\" data-id=\"139131c\" data-element_type=\"section\" id=\"9999\" data-settings=\"{&quot;background_background&quot;:&quot;slideshow&quot;,&quot;background_slideshow_gallery&quot;:[],&quot;background_slideshow_loop&quot;:&quot;yes&quot;,&quot;background_slideshow_slide_duration&quot;:5000,&quot;background_slideshow_slide_transition&quot;:&quot;fade&quot;,&quot;background_slideshow_transition_duration&quot;:500}\">\n\t\t\t\t\t\t<div class=\"elementor-container elementor-column-gap-no\">\n\t\t\t\t\t<div class=\"has_eae_slider aux-parallax-section elementor-column elementor-col-100 elementor-inner-column elementor-element elementor-element-335862ec\" data-eae-slider=\"50756\" data-id=\"335862ec\" data-element_type=\"column\" data-settings=\"{&quot;background_background&quot;:&quot;slideshow&quot;,&quot;background_slideshow_gallery&quot;:[],&quot;background_slideshow_loop&quot;:&quot;yes&quot;,&quot;background_slideshow_slide_duration&quot;:5000,&quot;background_slideshow_slide_transition&quot;:&quot;fade&quot;,&quot;background_slideshow_transition_duration&quot;:500}\">\n\t\t\t<div class=\"elementor-widget-wrap elementor-element-populated\">\n\t\t\t\t\t\t<div class=\"elementor-element elementor-element-4372e980 elementor-widget elementor-widget-aux_breadcrumbs\" data-id=\"4372e980\" data-element_type=\"widget\" data-widget_type=\"aux_breadcrumbs.default\">\n\t\t\t\t<div class=\"elementor-widget-container\">\n\t\t\t\t\t<div class=\"aux-elementor-breadcrumbs\"><p class=\"aux-breadcrumbs\"><span><a href=\"https:\/\/www.acad-ciencias.pt\/eng\" title=\"Home\">Home<\/a><\/span><\/div>\t\t\t\t<\/div>\n\t\t\t\t<\/div>\n\t\t\t\t<div class=\"elementor-element elementor-element-6c02a1ac elementor-widget elementor-widget-text-editor\" data-id=\"6c02a1ac\" data-element_type=\"widget\" data-widget_type=\"text-editor.default\">\n\t\t\t\t<div class=\"elementor-widget-container\">\n\t\t\t\t\t\t\t\t\t<h1>Message from the President of the Academy of Sciences of Lisbon<\/h1>\t\t\t\t\t\t\t\t<\/div>\n\t\t\t\t<\/div>\n\t\t\t\t<div class=\"elementor-element elementor-element-4a43d6d elementor-widget elementor-widget-text-editor\" data-id=\"4a43d6d\" data-element_type=\"widget\" data-widget_type=\"text-editor.default\">\n\t\t\t\t<div class=\"elementor-widget-container\">\n\t\t\t\t\t\t\t\t\t<p>The presidency of the Academy of Sciences of Lisbon , a national scientific institution of public interest with almost two and a half centuries of continuous existence, is certainly an honor, but it is above all a challenge.<\/p><p>Fifty years after April 25th, the Academy of Sciences is going through a new cycle in which it is equipping itself with the conditions to meet the expectations of the scientific revolution we are experiencing. Whether through the promotion, dissemination and public sharing of the knowledge produced by its members and the academic networks they are part of, or through the enhancement and facilitation of open access to the immense material and immaterial heritage it preserves, or through lectures, debates and conferences on the great contemporary challenges, the Academy continues to be guided by the verse of Phaedrus <strong><em>Nisi utile est quod facimus stulta est gloria <\/em><\/strong>If what we do is not useful, vain is the glory\u00a0<\/p><p class=\" translation-block\">Sharing the vision of its illustrious honorary member, \u201cwith the ambition that it must assume, without complexes, to become, as when it was created, and in some other high moments of its history, the most expressive forum of the best Portuguese intelligence\u201d, the Lisbon Academy of Sciences should continue and deepen the promotion of the Sciences and the Portuguese language, from research to its communication and improvement, through the realization of initiatives open to Society, the promotion of Free Access to Knowledge, scientific and cultural exchange and the preparation of studies and opinions that contribute to making scientific knowledge count in public policies.<\/p><p><strong>Jos\u00e9 Francisco Rodrigues<\/strong><\/p>\t\t\t\t\t\t\t\t<\/div>\n\t\t\t\t<\/div>\n\t\t\t\t<div class=\"elementor-element elementor-element-6ed89d3 elementor-widget elementor-widget-spacer\" data-id=\"6ed89d3\" data-element_type=\"widget\" data-widget_type=\"spacer.default\">\n\t\t\t\t<div class=\"elementor-widget-container\">\n\t\t\t\t\t\t\t<div class=\"elementor-spacer\">\n\t\t\t<div class=\"elementor-spacer-inner\"><\/div>\n\t\t<\/div>\n\t\t\t\t\t\t<\/div>\n\t\t\t\t<\/div>\n\t\t\t\t\t<\/div>\n\t\t<\/div>\n\t\t\t\t\t<\/div>\n\t\t<\/section>\n\t\t\t\t\t<\/div>\n\t\t<\/div>\n\t\t\t\t<div class=\"has_eae_slider aux-parallax-section elementor-column elementor-col-50 elementor-top-column elementor-element elementor-element-77a77935 fixed-colum elementor-hidden-mobile\" data-eae-slider=\"21525\" data-id=\"77a77935\" data-element_type=\"column\" data-settings=\"{&quot;background_background&quot;:&quot;classic&quot;}\">\n\t\t\t<div class=\"elementor-widget-wrap elementor-element-populated\">\n\t\t\t\t\t\t<div class=\"elementor-element elementor-element-35126f1f elementor-widget elementor-widget-spacer\" data-id=\"35126f1f\" data-element_type=\"widget\" data-widget_type=\"spacer.default\">\n\t\t\t\t<div class=\"elementor-widget-container\">\n\t\t\t\t\t\t\t<div class=\"elementor-spacer\">\n\t\t\t<div class=\"elementor-spacer-inner\"><\/div>\n\t\t<\/div>\n\t\t\t\t\t\t<\/div>\n\t\t\t\t<\/div>\n\t\t\t\t\t<\/div>\n\t\t<\/div>\n\t\t\t\t\t<\/div>\n\t\t<\/section>\n\t\t\t\t<\/div>","protected":false},"excerpt":{"rendered":"<p>Home Mensagem do Presidente da Academia das Ci\u00eancias de Lisboa A presid\u00eancia da Academia das Ci\u00eancias de Lisboa, uma institui\u00e7\u00e3o cient\u00edfica nacional de interesse p\u00fablico com quase dois s\u00e9culos e meio de exist\u00eancia cont\u00ednua, \u00e9 certamente uma honra, mas \u00e9 sobretudo um desafio. Ap\u00f3s cinquenta anos do 25 de abril, a Academia de Ci\u00eancias atravessa [&hellip;]<\/p>","protected":false},"author":6,"featured_media":0,"parent":13172,"menu_order":0,"comment_status":"closed","ping_status":"closed","template":"","meta":{"footnotes":""},"class_list":["post-9450","page","type-page","status-publish","hentry"],"_links":{"self":[{"href":"https:\/\/www.acad-ciencias.pt\/eng\/wp-json\/wp\/v2\/pages\/9450","targetHints":{"allow":["GET"]}}],"collection":[{"href":"https:\/\/www.acad-ciencias.pt\/eng\/wp-json\/wp\/v2\/pages"}],"about":[{"href":"https:\/\/www.acad-ciencias.pt\/eng\/wp-json\/wp\/v2\/types\/page"}],"author":[{"embeddable":true,"href":"https:\/\/www.acad-ciencias.pt\/eng\/wp-json\/wp\/v2\/users\/6"}],"replies":[{"embeddable":true,"href":"https:\/\/www.acad-ciencias.pt\/eng\/wp-json\/wp\/v2\/comments?post=9450"}],"version-history":[{"count":0,"href":"https:\/\/www.acad-ciencias.pt\/eng\/wp-json\/wp\/v2\/pages\/9450\/revisions"}],"up":[{"embeddable":true,"href":"https:\/\/www.acad-ciencias.pt\/eng\/wp-json\/wp\/v2\/pages\/13172"}],"wp:attachment":[{"href":"https:\/\/www.acad-ciencias.pt\/eng\/wp-json\/wp\/v2\/media?parent=9450"}],"curies":[{"name":"wp","href":"https:\/\/api.w.org\/{rel}","templated":true}]}}