{"id":9464,"date":"2023-01-20T12:30:45","date_gmt":"2023-01-20T12:30:45","guid":{"rendered":"https:\/\/www.academiabeta.galeria-arf-acad-ciencias.pt\/?page_id=9464"},"modified":"2024-07-08T12:47:51","modified_gmt":"2024-07-08T11:47:51","slug":"ciencia-e-sociedade","status":"publish","type":"page","link":"https:\/\/www.acad-ciencias.pt\/eng\/academia\/ciencia-e-sociedade\/","title":{"rendered":"Science and Society"},"content":{"rendered":"<div data-elementor-type=\"wp-page\" data-elementor-id=\"9464\" class=\"elementor elementor-9464\">\n\t\t\t\t\t\t<section class=\"has_eae_slider elementor-section elementor-top-section elementor-element elementor-element-18a4d72 elementor-section-boxed elementor-section-height-default elementor-section-height-default\" data-eae-slider=\"67426\" data-id=\"18a4d72\" data-element_type=\"section\">\n\t\t\t\t\t\t<div class=\"elementor-container elementor-column-gap-default\">\n\t\t\t\t\t<div class=\"has_eae_slider aux-parallax-section elementor-column elementor-col-100 elementor-top-column elementor-element elementor-element-93c00c4\" data-eae-slider=\"27705\" data-id=\"93c00c4\" data-element_type=\"column\">\n\t\t\t<div class=\"elementor-widget-wrap\">\n\t\t\t\t\t\t\t<\/div>\n\t\t<\/div>\n\t\t\t\t\t<\/div>\n\t\t<\/section>\n\t\t\t\t<section class=\"has_eae_slider elementor-section elementor-top-section elementor-element elementor-element-7df736df elementor-section-full_width elementor-section-height-default elementor-section-height-default\" data-eae-slider=\"36628\" data-id=\"7df736df\" data-element_type=\"section\">\n\t\t\t\t\t\t<div class=\"elementor-container elementor-column-gap-default\">\n\t\t\t\t\t<div class=\"has_eae_slider aux-parallax-section elementor-column elementor-col-50 elementor-top-column elementor-element elementor-element-356a4b58\" data-eae-slider=\"57269\" data-id=\"356a4b58\" data-element_type=\"column\" data-settings=\"{&quot;background_background&quot;:&quot;slideshow&quot;,&quot;background_slideshow_gallery&quot;:[],&quot;background_slideshow_loop&quot;:&quot;yes&quot;,&quot;background_slideshow_slide_duration&quot;:5000,&quot;background_slideshow_slide_transition&quot;:&quot;fade&quot;,&quot;background_slideshow_transition_duration&quot;:500}\">\n\t\t\t<div class=\"elementor-widget-wrap elementor-element-populated\">\n\t\t\t\t\t\t<section class=\"has_eae_slider elementor-section elementor-inner-section elementor-element elementor-element-5f6f6ea6 elementor-section-boxed elementor-section-height-default elementor-section-height-default\" data-eae-slider=\"34415\" data-id=\"5f6f6ea6\" data-element_type=\"section\" id=\"9999\" data-settings=\"{&quot;background_background&quot;:&quot;slideshow&quot;,&quot;background_slideshow_gallery&quot;:[],&quot;background_slideshow_loop&quot;:&quot;yes&quot;,&quot;background_slideshow_slide_duration&quot;:5000,&quot;background_slideshow_slide_transition&quot;:&quot;fade&quot;,&quot;background_slideshow_transition_duration&quot;:500}\">\n\t\t\t\t\t\t<div class=\"elementor-container elementor-column-gap-no\">\n\t\t\t\t\t<div class=\"has_eae_slider aux-parallax-section elementor-column elementor-col-100 elementor-inner-column elementor-element elementor-element-20f6ef27\" data-eae-slider=\"19021\" data-id=\"20f6ef27\" data-element_type=\"column\" data-settings=\"{&quot;background_background&quot;:&quot;slideshow&quot;,&quot;background_slideshow_gallery&quot;:[],&quot;background_slideshow_loop&quot;:&quot;yes&quot;,&quot;background_slideshow_slide_duration&quot;:5000,&quot;background_slideshow_slide_transition&quot;:&quot;fade&quot;,&quot;background_slideshow_transition_duration&quot;:500}\">\n\t\t\t<div class=\"elementor-widget-wrap elementor-element-populated\">\n\t\t\t\t\t\t<div class=\"elementor-element elementor-element-46eaca69 elementor-widget elementor-widget-aux_breadcrumbs\" data-id=\"46eaca69\" data-element_type=\"widget\" data-widget_type=\"aux_breadcrumbs.default\">\n\t\t\t\t<div class=\"elementor-widget-container\">\n\t\t\t\t\t<div class=\"aux-elementor-breadcrumbs\"><p class=\"aux-breadcrumbs\"><span><a href=\"https:\/\/www.acad-ciencias.pt\/eng\" title=\"Home\">Home<\/a><\/span><\/div>\t\t\t\t<\/div>\n\t\t\t\t<\/div>\n\t\t\t\t<div class=\"elementor-element elementor-element-54f77e6c elementor-widget elementor-widget-text-editor\" data-id=\"54f77e6c\" data-element_type=\"widget\" data-widget_type=\"text-editor.default\">\n\t\t\t\t<div class=\"elementor-widget-container\">\n\t\t\t\t\t\t\t\t\t<h1>Science and Society<\/h1>\t\t\t\t\t\t\t\t<\/div>\n\t\t\t\t<\/div>\n\t\t\t\t<div class=\"elementor-element elementor-element-2ec0665 elementor-widget elementor-widget-text-editor\" data-id=\"2ec0665\" data-element_type=\"widget\" data-widget_type=\"text-editor.default\">\n\t\t\t\t<div class=\"elementor-widget-container\">\n\t\t\t\t\t\t\t\t\t<p>One of the aims of the Academy of Sciences of Lisbon is to provide advice based on scientific knowledge, as a fundamental instrument for the qualification and efficiency of public policies.<br \/>In this sense, the Academy aims to broaden and enrich this mission, in its capacity as an advisory institution to the sovereign bodies of the Portuguese state in all areas of knowledge, to contribute to society's appropriation of the main science-based themes relevant to public policies and to promote greater convergencer and more intense and regular dialogue, not only between the national scientific community and political decision-makers, but also with similar institutions abroad.<\/p><h4>\u00a0<\/h4><h4>Relat\u00f3rios<\/h4><h5><span style=\"color: #3366ff;\"><a style=\"color: #3366ff;\" href=\"https:\/\/www.triffininternational.eu\/activities\/conferences\/80-years-after-bretton-woods-relaunching-multilateralism-through-regional-monetary-unions\" target=\"_blank\" rel=\"noopener\">80 Years After Bretton Woods: Relaunching Multilateralism through Regional Monetary Unions?<\/a><\/span><\/h5><h5><span style=\"color: #3366ff;\"><a style=\"color: #3366ff;\" href=\"https:\/\/www.acad-ciencias.pt\/wp-content\/uploads\/2024\/05\/Relatorio_Arlindo_Oliveira_2024.pdf\" target=\"_blank\" rel=\"noopener\">Successful and timely uptake of artifcial intelligence in science in the EU<\/a><\/span><\/h5><h5><span style=\"color: #3366ff;\"><a style=\"color: #3366ff;\" href=\"\/wp-content\/uploads\/2023\/02\/Anexo-2_Das-ciencias-para-as-politicas_v30junho2022.pdf\" target=\"_blank\" rel=\"noopener\">Science for Policy<\/a><\/span><\/h5><h5><span style=\"color: #3366ff;\"><a style=\"color: #3366ff;\" href=\"https:\/\/www.acad-ciencias.pt\/wp-content\/uploads\/2023\/10\/Livro_Resumos_Saude_Ambiente_2023.10.09.pdf\" target=\"_blank\" rel=\"noopener\">Book of abstracts - Conference on Health and Environment<\/a><\/span><\/h5>\t\t\t\t\t\t\t\t<\/div>\n\t\t\t\t<\/div>\n\t\t\t\t<div class=\"elementor-element elementor-element-1acc569 elementor-widget elementor-widget-spacer\" data-id=\"1acc569\" data-element_type=\"widget\" data-widget_type=\"spacer.default\">\n\t\t\t\t<div class=\"elementor-widget-container\">\n\t\t\t\t\t\t\t<div class=\"elementor-spacer\">\n\t\t\t<div class=\"elementor-spacer-inner\"><\/div>\n\t\t<\/div>\n\t\t\t\t\t\t<\/div>\n\t\t\t\t<\/div>\n\t\t\t\t\t<\/div>\n\t\t<\/div>\n\t\t\t\t\t<\/div>\n\t\t<\/section>\n\t\t\t\t\t<\/div>\n\t\t<\/div>\n\t\t\t\t<div class=\"has_eae_slider aux-parallax-section elementor-column elementor-col-50 elementor-top-column elementor-element elementor-element-be3ee4d fixed-colum elementor-hidden-mobile\" data-eae-slider=\"19237\" data-id=\"be3ee4d\" data-element_type=\"column\" data-settings=\"{&quot;background_background&quot;:&quot;classic&quot;}\">\n\t\t\t<div class=\"elementor-widget-wrap elementor-element-populated\">\n\t\t\t\t\t\t<div class=\"elementor-element elementor-element-6dd7b79b elementor-widget elementor-widget-spacer\" data-id=\"6dd7b79b\" data-element_type=\"widget\" data-widget_type=\"spacer.default\">\n\t\t\t\t<div class=\"elementor-widget-container\">\n\t\t\t\t\t\t\t<div class=\"elementor-spacer\">\n\t\t\t<div class=\"elementor-spacer-inner\"><\/div>\n\t\t<\/div>\n\t\t\t\t\t\t<\/div>\n\t\t\t\t<\/div>\n\t\t\t\t\t<\/div>\n\t\t<\/div>\n\t\t\t\t\t<\/div>\n\t\t<\/section>\n\t\t\t\t<\/div>","protected":false},"excerpt":{"rendered":"<p>Home ci\u00eancia e sociedade Um dos prop\u00f3sitos da Academia das Ci\u00eancias de Lisboa \u00e9 o aconselhamento baseado no conhecimento cient\u00edfico, enquanto instrumento fundamental para a qualifica\u00e7\u00e3o e a efici\u00eancia das pol\u00edticas p\u00fablicas.Neste sentido, a Academia prop\u00f5e-se alargar e enriquecer esta miss\u00e3o, na sua qualidade de institui\u00e7\u00e3o consultiva dos \u00f3rg\u00e3os de soberania do Estado Portugu\u00eas em [&hellip;]<\/p>","protected":false},"author":6,"featured_media":0,"parent":13172,"menu_order":0,"comment_status":"closed","ping_status":"closed","template":"","meta":{"footnotes":""},"class_list":["post-9464","page","type-page","status-publish","hentry"],"_links":{"self":[{"href":"https:\/\/www.acad-ciencias.pt\/eng\/wp-json\/wp\/v2\/pages\/9464","targetHints":{"allow":["GET"]}}],"collection":[{"href":"https:\/\/www.acad-ciencias.pt\/eng\/wp-json\/wp\/v2\/pages"}],"about":[{"href":"https:\/\/www.acad-ciencias.pt\/eng\/wp-json\/wp\/v2\/types\/page"}],"author":[{"embeddable":true,"href":"https:\/\/www.acad-ciencias.pt\/eng\/wp-json\/wp\/v2\/users\/6"}],"replies":[{"embeddable":true,"href":"https:\/\/www.acad-ciencias.pt\/eng\/wp-json\/wp\/v2\/comments?post=9464"}],"version-history":[{"count":0,"href":"https:\/\/www.acad-ciencias.pt\/eng\/wp-json\/wp\/v2\/pages\/9464\/revisions"}],"up":[{"embeddable":true,"href":"https:\/\/www.acad-ciencias.pt\/eng\/wp-json\/wp\/v2\/pages\/13172"}],"wp:attachment":[{"href":"https:\/\/www.acad-ciencias.pt\/eng\/wp-json\/wp\/v2\/media?parent=9464"}],"curies":[{"name":"wp","href":"https:\/\/api.w.org\/{rel}","templated":true}]}}