{"id":9477,"date":"2023-01-20T13:17:34","date_gmt":"2023-01-20T12:17:34","guid":{"rendered":"https:\/\/www.academiabeta.galeria-arf-acad-ciencias.pt\/?page_id=9477"},"modified":"2024-07-02T11:15:59","modified_gmt":"2024-07-02T10:15:59","slug":"catedra-da-unesco","status":"publish","type":"page","link":"https:\/\/www.acad-ciencias.pt\/eng\/catedra-da-unesco\/","title":{"rendered":"UNESCO Chair"},"content":{"rendered":"<div data-elementor-type=\"wp-page\" data-elementor-id=\"9477\" class=\"elementor elementor-9477\">\n\t\t\t\t\t\t<section class=\"has_eae_slider elementor-section elementor-top-section elementor-element elementor-element-3638cc5b elementor-section-boxed elementor-section-height-default elementor-section-height-default\" data-eae-slider=\"49044\" data-id=\"3638cc5b\" data-element_type=\"section\">\n\t\t\t\t\t\t<div class=\"elementor-container elementor-column-gap-default\">\n\t\t\t\t\t<div class=\"has_eae_slider aux-parallax-section elementor-column elementor-col-100 elementor-top-column elementor-element elementor-element-fc368a4\" data-eae-slider=\"77705\" data-id=\"fc368a4\" data-element_type=\"column\">\n\t\t\t<div class=\"elementor-widget-wrap\">\n\t\t\t\t\t\t\t<\/div>\n\t\t<\/div>\n\t\t\t\t\t<\/div>\n\t\t<\/section>\n\t\t\t\t<section class=\"has_eae_slider elementor-section elementor-top-section elementor-element elementor-element-5b233d1d elementor-section-full_width elementor-section-height-default elementor-section-height-default\" data-eae-slider=\"74107\" data-id=\"5b233d1d\" data-element_type=\"section\">\n\t\t\t\t\t\t<div class=\"elementor-container elementor-column-gap-default\">\n\t\t\t\t\t<div class=\"has_eae_slider aux-parallax-section elementor-column elementor-col-50 elementor-top-column elementor-element elementor-element-478f774d\" data-eae-slider=\"51471\" data-id=\"478f774d\" data-element_type=\"column\" data-settings=\"{&quot;background_background&quot;:&quot;slideshow&quot;,&quot;background_slideshow_gallery&quot;:[],&quot;background_slideshow_loop&quot;:&quot;yes&quot;,&quot;background_slideshow_slide_duration&quot;:5000,&quot;background_slideshow_slide_transition&quot;:&quot;fade&quot;,&quot;background_slideshow_transition_duration&quot;:500}\">\n\t\t\t<div class=\"elementor-widget-wrap elementor-element-populated\">\n\t\t\t\t\t\t<section class=\"has_eae_slider elementor-section elementor-inner-section elementor-element elementor-element-4bc3ee46 elementor-section-boxed elementor-section-height-default elementor-section-height-default\" data-eae-slider=\"45933\" data-id=\"4bc3ee46\" data-element_type=\"section\" id=\"9999\" data-settings=\"{&quot;background_background&quot;:&quot;slideshow&quot;,&quot;background_slideshow_gallery&quot;:[],&quot;background_slideshow_loop&quot;:&quot;yes&quot;,&quot;background_slideshow_slide_duration&quot;:5000,&quot;background_slideshow_slide_transition&quot;:&quot;fade&quot;,&quot;background_slideshow_transition_duration&quot;:500}\">\n\t\t\t\t\t\t<div class=\"elementor-container elementor-column-gap-no\">\n\t\t\t\t\t<div class=\"has_eae_slider aux-parallax-section elementor-column elementor-col-100 elementor-inner-column elementor-element elementor-element-4b42e3bf\" data-eae-slider=\"29612\" data-id=\"4b42e3bf\" data-element_type=\"column\" data-settings=\"{&quot;background_background&quot;:&quot;slideshow&quot;,&quot;background_slideshow_gallery&quot;:[],&quot;background_slideshow_loop&quot;:&quot;yes&quot;,&quot;background_slideshow_slide_duration&quot;:5000,&quot;background_slideshow_slide_transition&quot;:&quot;fade&quot;,&quot;background_slideshow_transition_duration&quot;:500}\">\n\t\t\t<div class=\"elementor-widget-wrap elementor-element-populated\">\n\t\t\t\t\t\t<div class=\"elementor-element elementor-element-2fd3784 elementor-widget elementor-widget-aux_breadcrumbs\" data-id=\"2fd3784\" data-element_type=\"widget\" data-widget_type=\"aux_breadcrumbs.default\">\n\t\t\t\t<div class=\"elementor-widget-container\">\n\t\t\t\t\t<div class=\"aux-elementor-breadcrumbs\"><p class=\"aux-breadcrumbs\"><span><a href=\"https:\/\/www.acad-ciencias.pt\/eng\" title=\"Home\">Home<\/a><\/span><\/div>\t\t\t\t<\/div>\n\t\t\t\t<\/div>\n\t\t\t\t<div class=\"elementor-element elementor-element-2c2e9ef7 elementor-widget elementor-widget-text-editor\" data-id=\"2c2e9ef7\" data-element_type=\"widget\" data-widget_type=\"text-editor.default\">\n\t\t\t\t<div class=\"elementor-widget-container\">\n\t\t\t\t\t\t\t\t\t<h1>UNESCO CHAIR<\/h1>\t\t\t\t\t\t\t\t<\/div>\n\t\t\t\t<\/div>\n\t\t\t\t<div class=\"elementor-element elementor-element-13328393 elementor-widget elementor-widget-text-editor\" data-id=\"13328393\" data-element_type=\"widget\" data-widget_type=\"text-editor.default\">\n\t\t\t\t<div class=\"elementor-widget-container\">\n\t\t\t\t\t\t\t\t\t<h5><strong>UNESCO Chair in Education and Science for Development and Human Well-being (EDUWELL)<\/strong><\/h5><p>This UNESCO Chair is hosted by the University of \u00c9vora and implemented by the Lisbon Academy of Sciences.<\/p><p>Organized as a network, it is a response by the partner institutions to the major challenges facing contemporary societies in different areas of knowledge, particularly those in the Lusophone countries.<\/p><p>The UNESCO-EDUWELL Chair aims to promote a knowledge-based culture, a fundamental pillar for sustainable development based on values and practices of mutual respect and tolerance, which are essential for achieving a culture of peace through intercultural dialogue.<\/p><p>Knowledge is power and education empowers. It is an indispensable part of the development equation. It has intrinsic value that extends far beyond the economy, empowering each person to determine their destiny. That's why this Chair is an opportunity to expand knowledge in areas considered fundamental, to increase the levels of education and knowledge necessary for human development.<\/p><p>Its mission consists of: (1) teaching and developing research in different areas defined according to the interests of each country; (2) applying knowledge to the development of research in economically relevant areas; (3) training at the postgraduate level (Advanced Courses) to prepare staff capable of teaching, develop research of excellence in the defined areas of intervention and contributing to increasing the competitiveness of government, private and industrial institutions in Lusophone countries.<\/p><p>Its specific objectives are:<\/p><ul><li>Combine the experience of each partner in different scientific fields to pursue teaching and research in priority areas in a competitive manner at national and international levels.<\/li><li>To collaborate with research institutes of excellence for postgraduate training to develop skills and strengthen internationalization in EDUWELL's teaching and research areas;<\/li><li>Increase dialogue between citizens and industry to contribute to the advancement of knowledge and increased competitiveness;<\/li><li>Open up a dialogue with the different sectors of society on education and research, their needs and constraints, particularly in cases where the economy and the environment are at stake, using modern information technologies, open days at EDUWELL's different partner institutions, and thematic dissemination programs.<\/li><\/ul><p>The knowledge generated in the different Lusophone countries and the transfer of technology to laboratories and companies will promote continued collaboration and the use of technology as a generator of employment and the economy.<\/p><p>It is aimed at senior executives and leaders of state and civil society structures in Lusophone countries.<\/p><p>Course-goers will expand their capacities to integrate\/build developed, inclusive, peaceful, and resilient societies.<\/p><p>Maria Salom\u00e9 Pais<\/p><p>(Executive Secretary of the Chair)<\/p>\t\t\t\t\t\t\t\t<\/div>\n\t\t\t\t<\/div>\n\t\t\t\t<div class=\"elementor-element elementor-element-c2613ba elementor-widget elementor-widget-text-editor\" data-id=\"c2613ba\" data-element_type=\"widget\" data-widget_type=\"text-editor.default\">\n\t\t\t\t<div class=\"elementor-widget-container\">\n\t\t\t\t\t\t\t\t\t<h4><strong>E-LEARNING POSTGRADUATE\u00a0<\/strong><em>COURSES<\/em><\/h4><h5><strong><span style=\"color: #3366ff;\"><a style=\"color: #3366ff;\" href=\"https:\/\/www.acad-ciencias.pt\/wp-content\/uploads\/2024\/07\/Globalizacao.-Desafios.-Desenvolvimento.-UEvora.pdf\" target=\"_blank\" rel=\"noopener\">Globaliza\u00e7\u00e3o e Desafios do Desenvolvimento<\/a><\/span> (inscri\u00e7\u00f5es de 3 de junho a 19 de julho 2024)<\/strong><\/h5><p>O curso de forma\u00e7\u00e3o avan\u00e7ada \u201cGlobaliza\u00e7\u00e3o e Desafios do Desenvolvimento\u201d insere-se na oferta formativa da c\u00e1tedra da UNESCO \u201cEduca\u00e7\u00e3o e Ci\u00eancia para o Desenvolvimento e Bem-Estar Humano\u201d (EDUWELL), resultante de uma parceria de v\u00e1rias institui\u00e7\u00f5es de ensino superior de pa\u00edses lus\u00f3fonos e da Academia das Ci\u00eancias de Lisboa. Este curso de cariz interdisciplinar procura desenvolver a aprendizagem em l\u00edngua portuguesa, formando pessoas capazes de decidir sobre pol\u00edticas p\u00fablicas, de ensinar e produzir investiga\u00e7\u00e3o em diferentes territ\u00f3rios lus\u00f3fonos. <br \/>O curso \u00e9 composto por duas unidades curriculares, as quais integram sess\u00f5es tem\u00e1ticas e semin\u00e1rios, orientados para compreender e ensaiar estrat\u00e9gias e pol\u00edticas p\u00fablicas promotoras do desenvolvimento sustent\u00e1vel da Humanidade. <\/p><p><b>Subjects<\/b>: <br \/>Aspetos metodol\u00f3gicos da Globaliza\u00e7\u00e3o e abordagem hist\u00f3rica | Abordagens te\u00f3ricas sobre a Globaliza\u00e7\u00e3o Econ\u00f3mica | Economia Pol\u00edtica Internacional e Globaliza\u00e7\u00e3o | Grandes Tend\u00eancias do Com\u00e9rcio Global | Com\u00e9rcio internacional e Crescimento econ\u00f3mico | IDE, Cadeias Globais de Valor e Globaliza\u00e7\u00e3o | As metodologias e os indicadores de medi\u00e7\u00e3o da Globaliza\u00e7\u00e3o | Papel dos blocos regionais num mundo globalizado | Com\u00e9rcio, Investimento e Desenvolvimento Sustent\u00e1vel | Responsabilidades ambientais no contexto mundial | Globaliza\u00e7\u00e3o e Direitos Humanos | Globaliza\u00e7\u00e3o, Identidade e Alteridade | Globaliza\u00e7\u00e3o financeira: evolu\u00e7\u00e3o hist\u00f3rica e perspetivas futuras<\/p><h5><a href=\"https:\/\/www.acad-ciencias.pt\/wp-content\/uploads\/2023\/11\/Programa-do-Curso-Ciencias-para-convivencia-da-humanidade-com-o-nosso-planeta-azul-verde-fortemente-ameacado.pdf\" target=\"_blank\" rel=\"noopener\">Science for humanity's coexistence with our heavily threatened blue planet<\/a> (concluded)<\/h5><p><b>Subjects<\/b>: Natural resource management and sustainability | Biodiversity, conservation and sustainable use | Approaches to the environmental crisis and public policies | Round table seminars<\/p><p><a href=\"https:\/\/www.acad-ciencias.pt\/wp-content\/uploads\/2023\/11\/Abertura-Curso-de-posgradbiodiversidade.pdf\" target=\"_blank\" rel=\"noopener\">Opening Speech<\/a><\/p><h5><a href=\"https:\/\/www.acad-ciencias.pt\/wp-content\/uploads\/2023\/03\/Programa_Curso_PolGen_Igual_NDiscriminacao.pdf\">Gender Policy: Equality and Non-Discrimination<\/a> (concluded)<\/h5><p><b>Subjects<\/b>: Introduction to Gender Policy: Equality and Non-Discrimination |State, Governance, Public Policy and Decision Theory |Public Policy and the Sustainable Development Goals |Education, Poverty Reduction and Sustainability Strategies |Ethics, Social Responsibility and Economics |Leadership and Good Governance |Equality and Non-Discrimination |Gender Equality in Health, Labour and Education |The Gender Dimension in Migration |Investment, Green Budgeting and Gender Budgeting |Development Cooperation |Conflict Resolution, Restorative Justice and Peace<\/p><h5><strong>Social Sciences and Humanities (concluded)<\/strong><\/h5><p><b>Subjects<\/b>: International Justice | State, Governance, Public Policy, and Decision-Making | Globalisation and Governance | Science and Human Development | Electoral Processes, Citizenship and Political Culture | Cosmopolitanism and Multiculturalism | Religions and the Single World | Evolution of Human Rights and Duties | Memory and International Order | Global Trends in a Polycentric World | European Union as a Global Actor | Gender, Youth, Migration and Human Rights.<\/p><h5><strong>Strategy and Security (concluded)<\/strong><\/h5><p><b>Subjects<\/b>: International Justice |World Security |State, Governance, Public Policy and Decision-Making |Public Security Policy |Strategic Studies and Intelligence |Cyber Security |Leadership in Complex Environments |Military History |Strategic Communication and Conflict |Military Power |New Defence Technologies |Global State Strategy |Evolution of Strategic Thought.<\/p>\t\t\t\t\t\t\t\t<\/div>\n\t\t\t\t<\/div>\n\t\t\t\t<div class=\"elementor-element elementor-element-69981702 elementor-widget elementor-widget-spacer\" data-id=\"69981702\" data-element_type=\"widget\" data-widget_type=\"spacer.default\">\n\t\t\t\t<div class=\"elementor-widget-container\">\n\t\t\t\t\t\t\t<div class=\"elementor-spacer\">\n\t\t\t<div class=\"elementor-spacer-inner\"><\/div>\n\t\t<\/div>\n\t\t\t\t\t\t<\/div>\n\t\t\t\t<\/div>\n\t\t\t\t\t<\/div>\n\t\t<\/div>\n\t\t\t\t\t<\/div>\n\t\t<\/section>\n\t\t\t\t\t<\/div>\n\t\t<\/div>\n\t\t\t\t<div class=\"has_eae_slider aux-parallax-section elementor-column elementor-col-50 elementor-top-column elementor-element elementor-element-19534647 fixed-colum elementor-hidden-mobile\" data-eae-slider=\"27988\" data-id=\"19534647\" data-element_type=\"column\" data-settings=\"{&quot;background_background&quot;:&quot;classic&quot;}\">\n\t\t\t<div class=\"elementor-widget-wrap elementor-element-populated\">\n\t\t\t\t\t\t<div class=\"elementor-element elementor-element-65306030 elementor-widget elementor-widget-spacer\" data-id=\"65306030\" data-element_type=\"widget\" data-widget_type=\"spacer.default\">\n\t\t\t\t<div class=\"elementor-widget-container\">\n\t\t\t\t\t\t\t<div class=\"elementor-spacer\">\n\t\t\t<div class=\"elementor-spacer-inner\"><\/div>\n\t\t<\/div>\n\t\t\t\t\t\t<\/div>\n\t\t\t\t<\/div>\n\t\t\t\t\t<\/div>\n\t\t<\/div>\n\t\t\t\t\t<\/div>\n\t\t<\/section>\n\t\t\t\t<\/div>","protected":false},"excerpt":{"rendered":"<p>Home C\u00e1tedra da Unesco C\u00e1tedra UNESCO em Educa\u00e7\u00e3o e Ci\u00eancia para o Desenvolvimento e Bem estar Humano (EDUWELL) Esta\u00a0 C\u00e1tedra UNESCO tem como Institui\u00e7\u00e3o de Acolhimento a Universidade de \u00c9vora e como Institui\u00e7\u00e3o de Execu\u00e7\u00e3o a Academia das Ci\u00eancias de Lisboa. Organizada em rede, constitui uma resposta das institui\u00e7\u00f5es parceiras aos grandes desafios que se [&hellip;]<\/p>","protected":false},"author":6,"featured_media":0,"parent":0,"menu_order":0,"comment_status":"closed","ping_status":"closed","template":"","meta":{"footnotes":""},"class_list":["post-9477","page","type-page","status-publish","hentry"],"_links":{"self":[{"href":"https:\/\/www.acad-ciencias.pt\/eng\/wp-json\/wp\/v2\/pages\/9477","targetHints":{"allow":["GET"]}}],"collection":[{"href":"https:\/\/www.acad-ciencias.pt\/eng\/wp-json\/wp\/v2\/pages"}],"about":[{"href":"https:\/\/www.acad-ciencias.pt\/eng\/wp-json\/wp\/v2\/types\/page"}],"author":[{"embeddable":true,"href":"https:\/\/www.acad-ciencias.pt\/eng\/wp-json\/wp\/v2\/users\/6"}],"replies":[{"embeddable":true,"href":"https:\/\/www.acad-ciencias.pt\/eng\/wp-json\/wp\/v2\/comments?post=9477"}],"version-history":[{"count":0,"href":"https:\/\/www.acad-ciencias.pt\/eng\/wp-json\/wp\/v2\/pages\/9477\/revisions"}],"wp:attachment":[{"href":"https:\/\/www.acad-ciencias.pt\/eng\/wp-json\/wp\/v2\/media?parent=9477"}],"curies":[{"name":"wp","href":"https:\/\/api.w.org\/{rel}","templated":true}]}}