{"id":9505,"date":"2023-01-20T16:45:18","date_gmt":"2023-01-20T15:45:18","guid":{"rendered":"https:\/\/www.academiabeta.galeria-arf-acad-ciencias.pt\/?page_id=9505"},"modified":"2023-12-18T15:21:54","modified_gmt":"2023-12-18T15:21:54","slug":"atividades-do-sjc","status":"publish","type":"page","link":"https:\/\/www.acad-ciencias.pt\/eng\/atividades-do-sjc\/","title":{"rendered":"Atividades do SJC"},"content":{"rendered":"<div data-elementor-type=\"wp-page\" data-elementor-id=\"9505\" class=\"elementor elementor-9505\">\n\t\t\t\t\t\t<section class=\"has_eae_slider elementor-section elementor-top-section elementor-element elementor-element-eda1423 elementor-section-full_width elementor-section-height-default elementor-section-height-default\" data-eae-slider=\"54161\" data-id=\"eda1423\" data-element_type=\"section\">\n\t\t\t\t\t\t<div class=\"elementor-container elementor-column-gap-default\">\n\t\t\t\t\t<div class=\"has_eae_slider aux-parallax-section elementor-column elementor-col-100 elementor-top-column elementor-element elementor-element-fd1f575\" data-eae-slider=\"49409\" data-id=\"fd1f575\" data-element_type=\"column\">\n\t\t\t<div class=\"elementor-widget-wrap\">\n\t\t\t\t\t\t\t<\/div>\n\t\t<\/div>\n\t\t\t\t\t<\/div>\n\t\t<\/section>\n\t\t\t\t<section class=\"has_eae_slider elementor-section elementor-top-section elementor-element elementor-element-30510e4c elementor-section-full_width elementor-section-height-default elementor-section-height-default\" data-eae-slider=\"88734\" data-id=\"30510e4c\" data-element_type=\"section\">\n\t\t\t\t\t\t<div class=\"elementor-container elementor-column-gap-default\">\n\t\t\t\t\t<div class=\"has_eae_slider aux-parallax-section elementor-column elementor-col-50 elementor-top-column elementor-element elementor-element-3c483b9d\" data-eae-slider=\"29130\" data-id=\"3c483b9d\" data-element_type=\"column\" data-settings=\"{&quot;background_background&quot;:&quot;slideshow&quot;,&quot;background_slideshow_gallery&quot;:[],&quot;background_slideshow_loop&quot;:&quot;yes&quot;,&quot;background_slideshow_slide_duration&quot;:5000,&quot;background_slideshow_slide_transition&quot;:&quot;fade&quot;,&quot;background_slideshow_transition_duration&quot;:500}\">\n\t\t\t<div class=\"elementor-widget-wrap elementor-element-populated\">\n\t\t\t\t\t\t<section class=\"has_eae_slider elementor-section elementor-inner-section elementor-element elementor-element-7157e850 elementor-section-boxed elementor-section-height-default elementor-section-height-default\" data-eae-slider=\"51762\" data-id=\"7157e850\" data-element_type=\"section\" id=\"9999\" data-settings=\"{&quot;background_background&quot;:&quot;slideshow&quot;,&quot;background_slideshow_gallery&quot;:[],&quot;background_slideshow_loop&quot;:&quot;yes&quot;,&quot;background_slideshow_slide_duration&quot;:5000,&quot;background_slideshow_slide_transition&quot;:&quot;fade&quot;,&quot;background_slideshow_transition_duration&quot;:500}\">\n\t\t\t\t\t\t<div class=\"elementor-container elementor-column-gap-no\">\n\t\t\t\t\t<div class=\"has_eae_slider aux-parallax-section elementor-column elementor-col-100 elementor-inner-column elementor-element elementor-element-60bce3c8\" data-eae-slider=\"64271\" data-id=\"60bce3c8\" data-element_type=\"column\" data-settings=\"{&quot;background_background&quot;:&quot;slideshow&quot;,&quot;background_slideshow_gallery&quot;:[],&quot;background_slideshow_loop&quot;:&quot;yes&quot;,&quot;background_slideshow_slide_duration&quot;:5000,&quot;background_slideshow_slide_transition&quot;:&quot;fade&quot;,&quot;background_slideshow_transition_duration&quot;:500}\">\n\t\t\t<div class=\"elementor-widget-wrap elementor-element-populated\">\n\t\t\t\t\t\t<div class=\"elementor-element elementor-element-291cd5a0 elementor-widget elementor-widget-aux_breadcrumbs\" data-id=\"291cd5a0\" data-element_type=\"widget\" data-widget_type=\"aux_breadcrumbs.default\">\n\t\t\t\t<div class=\"elementor-widget-container\">\n\t\t\t\t\t<div class=\"aux-elementor-breadcrumbs\"><p class=\"aux-breadcrumbs\"><span><a href=\"https:\/\/www.acad-ciencias.pt\/eng\" title=\"Home\">Home<\/a><\/span><\/div>\t\t\t\t<\/div>\n\t\t\t\t<\/div>\n\t\t\t\t<div class=\"elementor-element elementor-element-1645785b elementor-widget elementor-widget-text-editor\" data-id=\"1645785b\" data-element_type=\"widget\" data-widget_type=\"text-editor.default\">\n\t\t\t\t<div class=\"elementor-widget-container\">\n\t\t\t\t\t\t\t\t\t<h1>Activities<\/h1>\t\t\t\t\t\t\t\t<\/div>\n\t\t\t\t<\/div>\n\t\t\t\t<div class=\"elementor-element elementor-element-32158373 elementor-widget elementor-widget-text-editor\" data-id=\"32158373\" data-element_type=\"widget\" data-widget_type=\"text-editor.default\">\n\t\t\t\t<div class=\"elementor-widget-container\">\n\t\t\t\t\t\t\t\t\t<p>O Semin\u00e1rio de Jovens Cientistas (SJC) desenvolve as suas atividades em estreito alinhamento com a Academia, para a prossecu\u00e7\u00e3o da sua miss\u00e3o e valores. O Decreto-Lei n.\u00ba 18\/2022 de 19 de janeiro, que atualizou os Estatutos da ACL, reconhece no seu Artigo 20.\u00ba, ponto 5 que, atrav\u00e9s do SJC, a Academia promove as novas gera\u00e7\u00f5es de cientistas, fomenta o discurso cient\u00edfico e a coopera\u00e7\u00e3o transdisciplinar e incentiva iniciativas de liga\u00e7\u00e3o entre a comunidade cient\u00edfica e a sociedade.<\/p><p>Neste sentido, o SJC desenvolve atividades que contribuem para a (re)afirma\u00e7\u00e3o da ci\u00eancia na sociedade e na pol\u00edtica, nomeadamente atrav\u00e9s da organiza\u00e7\u00e3o e dinamiza\u00e7\u00e3o de encontros cient\u00edficos e acad\u00e9micos, em mat\u00e9rias de especial relevo cient\u00edfico, \u00e9tico e social; da elabora\u00e7\u00e3o de artigos cient\u00edficos e\/ou de opini\u00e3o sobre mat\u00e9rias consideradas nucleares para a atualidade; da articula\u00e7\u00e3o e colabora\u00e7\u00e3o com o trabalho desenvolvido em outras Academias internacionais; e da edi\u00e7\u00e3o de volumes relativos \u00e0s confer\u00eancias organizadas.<\/p><p>Das atividades a desenvolver em 2023 merecem destaque:<\/p><ul><li><h5><b>Edi\u00e7\u00e3o do livro em formato digital (e-book)<\/b><\/h5><\/li><\/ul><p>Relativo ao Ciclo de Confer\u00eancias realizado em 2021\/22 <em>Como Dialogar com quem n\u00e3o quer ouvir: para l\u00e1 da polariza\u00e7\u00e3o e da desinforma\u00e7\u00e3o<\/em>, para distribui\u00e7\u00e3o de livre acesso. Este ciclo promoveu uma reflex\u00e3o sobre temas como a confian\u00e7a na ci\u00eancia, a polariza\u00e7\u00e3o pol\u00edtica e a desinforma\u00e7\u00e3o. Teve como objetivo apresentar um conjunto de vis\u00f5es para analisar a forma como estes problemas est\u00e3o interligados e promover estrat\u00e9gias para fomentar um di\u00e1logo construtivo. <br \/>As confer\u00eancias est\u00e3o dispon\u00edveis no <a href=\"https:\/\/tinyurl.com\/SJC-ACL\" target=\"_blank\" rel=\"noopener\">canal YouTube do Semin\u00e1rio de Jovens Cientistas<\/a><\/p><ul><li><h5><b>Tardes da Academia<\/b><\/h5><\/li><\/ul><p>Sess\u00f5es decorreram em formato h\u00edbrido, envolvendo cientistas jovens e seniores e jornalistas especialistas em comunica\u00e7\u00e3o da Ci\u00eancia.<\/p><p>As confer\u00eancias est\u00e3o dispon\u00edveis no <a href=\"https:\/\/youtube.com\/playlist?list=PLerdH0kB7b8tNvVOFKHWeK_MY2YRC071Y&amp;si=zTQRLoTueur-_nOH\">canal YouTube do Semin\u00e1rio de Jovens Cientistas<\/a><\/p><ul><li><h5>Confer\u00eancia Final do Semin\u00e1rio de Jovens Cientistas da Academia das Ci\u00eancias de Lisboa (SLC-ACL)<\/h5><\/li><\/ul><p>O Semin\u00e1rio de Jovens Cientistas (Ciclo 2021-2023) organiza, <strong>entre as 9h00 e as 18h00 dos dias 4 e 5 de dezembro de 2023<\/strong>, <strong>no Sal\u00e3o Nobre da ACL<\/strong>, a confer\u00eancia final intitulada<strong> Ci\u00eancia, Humanidades e Sociedade.<\/strong><\/p><p>Esta confer\u00eancia final interdisciplinar re\u00fane m\u00faltiplos participantes de diferentes \u00e1reas em di\u00e1logo e coopera\u00e7\u00e3o, das ci\u00eancias \u00e0s humanidades e destas \u00e0 arte e cultura, com um olhar atento e cuidadoso sobre os desafios e oportunidades da ci\u00eancia, das novas tecnologias aplicadas \u00e0 vida e, particularmente, do imperativo de responsabilidade, de todos e para todos, sobre o futuro da humanidade.<\/p><p><strong>Poder\u00e1s encontrar informa\u00e7\u00f5es sobre os conferencistas e as sinopses das mesas redondas em hiperliga\u00e7\u00f5es no programa detalhado abaixo.<\/strong><\/p><ul><li><a href=\"https:\/\/www.acad-ciencias.pt\/wp-content\/uploads\/2023\/11\/Programa_Ciencia_Final_Humanidades_Sociedade_2023.12.04_05.pdf\" target=\"_blank\" rel=\"noopener\">Detailed programme<\/a><\/li><li><a href=\"https:\/\/docs.google.com\/forms\/d\/e\/1FAIpQLScA2W8R08gRMzD19lNbOU_gX2ykRCUbtA_iyIR8fdwDuxkUrA\/viewform\">Inscri\u00e7\u00f5es<\/a><\/li><\/ul><h4>Publications<\/h4>\t\t\t\t\t\t\t\t<\/div>\n\t\t\t\t<\/div>\n\t\t\t\t<div class=\"elementor-element elementor-element-18c9542 elementor-arrows-position-inside elementor-pagination-position-outside elementor-widget elementor-widget-image-carousel\" data-id=\"18c9542\" data-element_type=\"widget\" data-settings=\"{&quot;navigation&quot;:&quot;both&quot;,&quot;autoplay&quot;:&quot;yes&quot;,&quot;pause_on_hover&quot;:&quot;yes&quot;,&quot;pause_on_interaction&quot;:&quot;yes&quot;,&quot;autoplay_speed&quot;:5000,&quot;infinite&quot;:&quot;yes&quot;,&quot;speed&quot;:500}\" data-widget_type=\"image-carousel.default\">\n\t\t\t\t<div class=\"elementor-widget-container\">\n\t\t\t\t\t\t\t<div class=\"elementor-image-carousel-wrapper swiper\" role=\"region\" aria-roledescription=\"carousel\" aria-label=\"Image Carousel\" dir=\"ltr\">\n\t\t\t<div class=\"elementor-image-carousel swiper-wrapper\" aria-live=\"off\">\n\t\t\t\t\t\t\t\t<div class=\"swiper-slide\" role=\"group\" aria-roledescription=\"slide\" aria-label=\"1 of 5\"><a data-elementor-open-lightbox=\"yes\" data-elementor-lightbox-slideshow=\"18c9542\" data-elementor-lightbox-title=\"Investiga\u00e7\u00e3o-para-Ci\u00eancia vs. Investiga\u00e7\u00e3o-para-Industria\" data-e-action-hash=\"#elementor-action%3Aaction%3Dlightbox%26settings%3DeyJpZCI6MTQyNjksInVybCI6Imh0dHBzOlwvXC93d3cuYWNhZC1jaWVuY2lhcy5wdFwvd3AtY29udGVudFwvdXBsb2Fkc1wvMjAyM1wvMDVcL0ludmVzdGlnYWNhby1wYXJhLUNpZW5jaWEtdnMuLUludmVzdGlnYWNhby1wYXJhLUluZHVzdHJpYS5wbmciLCJzbGlkZXNob3ciOiIxOGM5NTQyIn0%3D\" href=\"\/artigo-sjc-investigacao-para-ciencia-vs-investigacao-para-industria\/,\/artigo-sjc-o-universo-nao-nos-deve-nada\/artigo-sjc-vacinas-e-autismo-factos-e-ficcao\/artigo-sjc-o-que-raio-sao-conjuntos\/,\/artigo-sjc-musica-da-natureza\/\"><figure class=\"swiper-slide-inner\"><img decoding=\"async\" class=\"swiper-slide-image\" src=\"https:\/\/www.acad-ciencias.pt\/wp-content\/uploads\/2023\/05\/Investigacao-para-Ciencia-vs.-Investigacao-para-Industria-300x300.png\" alt=\"Investiga\u00e7\u00e3o Para Ci\u00eancia vs Investiga\u00e7\u00e3o para Ind\u00fastria\" \/><\/figure><\/a><\/div><div class=\"swiper-slide\" role=\"group\" aria-roledescription=\"slide\" aria-label=\"2 of 5\"><a data-elementor-open-lightbox=\"yes\" data-elementor-lightbox-slideshow=\"18c9542\" data-elementor-lightbox-title=\"Investiga\u00e7\u00e3o-para-Ci\u00eancia vs. Investiga\u00e7\u00e3o-para-Industria (1)\" data-e-action-hash=\"#elementor-action%3Aaction%3Dlightbox%26settings%3DeyJpZCI6MTQyNjgsInVybCI6Imh0dHBzOlwvXC93d3cuYWNhZC1jaWVuY2lhcy5wdFwvd3AtY29udGVudFwvdXBsb2Fkc1wvMjAyM1wvMDVcL0ludmVzdGlnYWNhby1wYXJhLUNpZW5jaWEtdnMuLUludmVzdGlnYWNhby1wYXJhLUluZHVzdHJpYS0xLnBuZyIsInNsaWRlc2hvdyI6IjE4Yzk1NDIifQ%3D%3D\" href=\"\/artigo-sjc-investigacao-para-ciencia-vs-investigacao-para-industria\/,\/artigo-sjc-o-universo-nao-nos-deve-nada\/artigo-sjc-vacinas-e-autismo-factos-e-ficcao\/artigo-sjc-o-que-raio-sao-conjuntos\/,\/artigo-sjc-musica-da-natureza\/\"><figure class=\"swiper-slide-inner\"><img decoding=\"async\" class=\"swiper-slide-image\" src=\"https:\/\/www.acad-ciencias.pt\/wp-content\/uploads\/2023\/05\/Investigacao-para-Ciencia-vs.-Investigacao-para-Industria-1-300x300.png\" alt=\"O Universo N\u00e3o nos deve nada\" \/><\/figure><\/a><\/div><div class=\"swiper-slide\" role=\"group\" aria-roledescription=\"slide\" aria-label=\"3 of 5\"><a data-elementor-open-lightbox=\"yes\" data-elementor-lightbox-slideshow=\"18c9542\" data-elementor-lightbox-title=\"Investiga\u00e7\u00e3o-para-Ci\u00eancia vs. Investiga\u00e7\u00e3o-para-Industria\" data-e-action-hash=\"#elementor-action%3Aaction%3Dlightbox%26settings%3DeyJpZCI6MTQzNDksInVybCI6Imh0dHBzOlwvXC93d3cuYWNhZC1jaWVuY2lhcy5wdFwvd3AtY29udGVudFwvdXBsb2Fkc1wvMjAyM1wvMDVcL0ludmVzdGlnYWNhby1wYXJhLUNpZW5jaWEtdnMuLUludmVzdGlnYWNhby1wYXJhLUluZHVzdHJpYS0yLnBuZyIsInNsaWRlc2hvdyI6IjE4Yzk1NDIifQ%3D%3D\" href=\"\/artigo-sjc-investigacao-para-ciencia-vs-investigacao-para-industria\/,\/artigo-sjc-o-universo-nao-nos-deve-nada\/artigo-sjc-vacinas-e-autismo-factos-e-ficcao\/artigo-sjc-o-que-raio-sao-conjuntos\/,\/artigo-sjc-musica-da-natureza\/\"><figure class=\"swiper-slide-inner\"><img decoding=\"async\" class=\"swiper-slide-image\" src=\"https:\/\/www.acad-ciencias.pt\/wp-content\/uploads\/2023\/05\/Investigacao-para-Ciencia-vs.-Investigacao-para-Industria-2-300x300.png\" alt=\"Vacinas e Autismo: factos e fic\u00e7\u00e3o\" \/><\/figure><\/a><\/div><div class=\"swiper-slide\" role=\"group\" aria-roledescription=\"slide\" aria-label=\"4 of 5\"><a data-elementor-open-lightbox=\"yes\" data-elementor-lightbox-slideshow=\"18c9542\" data-elementor-lightbox-title=\"2023_05_26_ARTIGO_O_QUE_SAO_CONJUNTOS\" data-e-action-hash=\"#elementor-action%3Aaction%3Dlightbox%26settings%3DeyJpZCI6MTQ1OTksInVybCI6Imh0dHBzOlwvXC93d3cuYWNhZC1jaWVuY2lhcy5wdFwvd3AtY29udGVudFwvdXBsb2Fkc1wvMjAyM1wvMDVcLzIwMjNfMDVfMjZfQVJUSUdPX09fUVVFX1NBT19DT05KVU5UT1MuanBnIiwic2xpZGVzaG93IjoiMThjOTU0MiJ9\" href=\"\/artigo-sjc-investigacao-para-ciencia-vs-investigacao-para-industria\/,\/artigo-sjc-o-universo-nao-nos-deve-nada\/artigo-sjc-vacinas-e-autismo-factos-e-ficcao\/artigo-sjc-o-que-raio-sao-conjuntos\/,\/artigo-sjc-musica-da-natureza\/\"><figure class=\"swiper-slide-inner\"><img decoding=\"async\" class=\"swiper-slide-image\" src=\"https:\/\/www.acad-ciencias.pt\/wp-content\/uploads\/2023\/05\/2023_05_26_ARTIGO_O_QUE_SAO_CONJUNTOS-300x300.jpg\" alt=\"O que Raio s\u00e3o conjuntos\" \/><\/figure><\/a><\/div><div class=\"swiper-slide\" role=\"group\" aria-roledescription=\"slide\" aria-label=\"5 of 5\"><a data-elementor-open-lightbox=\"yes\" data-elementor-lightbox-slideshow=\"18c9542\" data-elementor-lightbox-title=\"Musica_Natureza_JONAS_RUNA_2023.07.08\" data-e-action-hash=\"#elementor-action%3Aaction%3Dlightbox%26settings%3DeyJpZCI6MTU3MjYsInVybCI6Imh0dHBzOlwvXC93d3cuYWNhZC1jaWVuY2lhcy5wdFwvd3AtY29udGVudFwvdXBsb2Fkc1wvMjAyM1wvMDdcL011c2ljYV9OYXR1cmV6YV9KT05BU19SVU5BXzIwMjMuMDcuMDguanBnIiwic2xpZGVzaG93IjoiMThjOTU0MiJ9\" href=\"\/artigo-sjc-investigacao-para-ciencia-vs-investigacao-para-industria\/,\/artigo-sjc-o-universo-nao-nos-deve-nada\/artigo-sjc-vacinas-e-autismo-factos-e-ficcao\/artigo-sjc-o-que-raio-sao-conjuntos\/,\/artigo-sjc-musica-da-natureza\/\"><figure class=\"swiper-slide-inner\"><img decoding=\"async\" class=\"swiper-slide-image\" src=\"https:\/\/www.acad-ciencias.pt\/wp-content\/uploads\/2023\/07\/Musica_Natureza_JONAS_RUNA_2023.07.08-300x300.jpg\" alt=\"M\u00fasica da Natureza\" \/><\/figure><\/a><\/div>\t\t\t<\/div>\n\t\t\t\t\t\t\t\t\t\t\t\t<div class=\"elementor-swiper-button elementor-swiper-button-prev\" role=\"button\" tabindex=\"0\">\n\t\t\t\t\t\t<i aria-hidden=\"true\" class=\"eicon-chevron-left\"><\/i>\t\t\t\t\t<\/div>\n\t\t\t\t\t<div class=\"elementor-swiper-button elementor-swiper-button-next\" role=\"button\" tabindex=\"0\">\n\t\t\t\t\t\t<i aria-hidden=\"true\" class=\"eicon-chevron-right\"><\/i>\t\t\t\t\t<\/div>\n\t\t\t\t\n\t\t\t\t\t\t\t\t\t<div class=\"swiper-pagination\"><\/div>\n\t\t\t\t\t\t\t\t\t<\/div>\n\t\t\t\t\t\t<\/div>\n\t\t\t\t<\/div>\n\t\t\t\t<div class=\"elementor-element elementor-element-4bdad5f6 elementor-widget elementor-widget-spacer\" data-id=\"4bdad5f6\" data-element_type=\"widget\" data-widget_type=\"spacer.default\">\n\t\t\t\t<div class=\"elementor-widget-container\">\n\t\t\t\t\t\t\t<div class=\"elementor-spacer\">\n\t\t\t<div class=\"elementor-spacer-inner\"><\/div>\n\t\t<\/div>\n\t\t\t\t\t\t<\/div>\n\t\t\t\t<\/div>\n\t\t\t\t\t<\/div>\n\t\t<\/div>\n\t\t\t\t\t<\/div>\n\t\t<\/section>\n\t\t\t\t\t<\/div>\n\t\t<\/div>\n\t\t\t\t<div class=\"has_eae_slider aux-parallax-section elementor-column elementor-col-50 elementor-top-column elementor-element elementor-element-7fc6354d fixed-colum elementor-hidden-mobile\" data-eae-slider=\"32943\" data-id=\"7fc6354d\" data-element_type=\"column\" data-settings=\"{&quot;background_background&quot;:&quot;classic&quot;}\">\n\t\t\t<div class=\"elementor-widget-wrap elementor-element-populated\">\n\t\t\t\t\t\t<div class=\"elementor-element elementor-element-2de8b157 elementor-widget elementor-widget-spacer\" data-id=\"2de8b157\" data-element_type=\"widget\" data-widget_type=\"spacer.default\">\n\t\t\t\t<div class=\"elementor-widget-container\">\n\t\t\t\t\t\t\t<div class=\"elementor-spacer\">\n\t\t\t<div class=\"elementor-spacer-inner\"><\/div>\n\t\t<\/div>\n\t\t\t\t\t\t<\/div>\n\t\t\t\t<\/div>\n\t\t\t\t\t<\/div>\n\t\t<\/div>\n\t\t\t\t\t<\/div>\n\t\t<\/section>\n\t\t\t\t<\/div>","protected":false},"excerpt":{"rendered":"<p>Home Atividades O Semin\u00e1rio de Jovens Cientistas (SJC) desenvolve as suas atividades em estreito alinhamento com a Academia, para a prossecu\u00e7\u00e3o da sua miss\u00e3o e valores. O Decreto-Lei n.\u00ba 18\/2022 de 19 de janeiro, que atualizou os Estatutos da ACL, reconhece no seu Artigo 20.\u00ba, ponto 5 que, atrav\u00e9s do SJC, a Academia promove as [&hellip;]<\/p>","protected":false},"author":6,"featured_media":0,"parent":0,"menu_order":0,"comment_status":"closed","ping_status":"closed","template":"","meta":{"footnotes":""},"class_list":["post-9505","page","type-page","status-publish","hentry"],"_links":{"self":[{"href":"https:\/\/www.acad-ciencias.pt\/eng\/wp-json\/wp\/v2\/pages\/9505","targetHints":{"allow":["GET"]}}],"collection":[{"href":"https:\/\/www.acad-ciencias.pt\/eng\/wp-json\/wp\/v2\/pages"}],"about":[{"href":"https:\/\/www.acad-ciencias.pt\/eng\/wp-json\/wp\/v2\/types\/page"}],"author":[{"embeddable":true,"href":"https:\/\/www.acad-ciencias.pt\/eng\/wp-json\/wp\/v2\/users\/6"}],"replies":[{"embeddable":true,"href":"https:\/\/www.acad-ciencias.pt\/eng\/wp-json\/wp\/v2\/comments?post=9505"}],"version-history":[{"count":0,"href":"https:\/\/www.acad-ciencias.pt\/eng\/wp-json\/wp\/v2\/pages\/9505\/revisions"}],"wp:attachment":[{"href":"https:\/\/www.acad-ciencias.pt\/eng\/wp-json\/wp\/v2\/media?parent=9505"}],"curies":[{"name":"wp","href":"https:\/\/api.w.org\/{rel}","templated":true}]}}