{"id":9512,"date":"2023-01-20T16:51:37","date_gmt":"2023-01-20T16:51:37","guid":{"rendered":"https:\/\/www.academiabeta.galeria-arf-acad-ciencias.pt\/?page_id=9512"},"modified":"2024-12-30T10:23:11","modified_gmt":"2024-12-30T10:23:11","slug":"membros-2021-2023","status":"publish","type":"page","link":"https:\/\/www.acad-ciencias.pt\/eng\/membros-2021-2023\/","title":{"rendered":"Members 2021-2023"},"content":{"rendered":"<div data-elementor-type=\"wp-page\" data-elementor-id=\"9512\" class=\"elementor elementor-9512\">\n\t\t\t\t\t\t<section class=\"has_eae_slider elementor-section elementor-top-section elementor-element elementor-element-66fef33c elementor-section-full_width elementor-section-height-default elementor-section-height-default\" data-eae-slider=\"15394\" data-id=\"66fef33c\" data-element_type=\"section\">\n\t\t\t\t\t\t<div class=\"elementor-container elementor-column-gap-default\">\n\t\t\t\t\t<div class=\"has_eae_slider aux-parallax-section elementor-column elementor-col-50 elementor-top-column elementor-element elementor-element-b81e5e\" data-eae-slider=\"84411\" data-id=\"b81e5e\" data-element_type=\"column\" data-settings=\"{&quot;background_background&quot;:&quot;slideshow&quot;,&quot;background_slideshow_gallery&quot;:[],&quot;background_slideshow_loop&quot;:&quot;yes&quot;,&quot;background_slideshow_slide_duration&quot;:5000,&quot;background_slideshow_slide_transition&quot;:&quot;fade&quot;,&quot;background_slideshow_transition_duration&quot;:500}\">\n\t\t\t<div class=\"elementor-widget-wrap elementor-element-populated\">\n\t\t\t\t\t\t<section class=\"has_eae_slider elementor-section elementor-inner-section elementor-element elementor-element-69cdebb8 elementor-section-boxed elementor-section-height-default elementor-section-height-default\" data-eae-slider=\"97220\" data-id=\"69cdebb8\" data-element_type=\"section\" id=\"9999\" data-settings=\"{&quot;background_background&quot;:&quot;slideshow&quot;,&quot;background_slideshow_gallery&quot;:[],&quot;background_slideshow_loop&quot;:&quot;yes&quot;,&quot;background_slideshow_slide_duration&quot;:5000,&quot;background_slideshow_slide_transition&quot;:&quot;fade&quot;,&quot;background_slideshow_transition_duration&quot;:500}\">\n\t\t\t\t\t\t<div class=\"elementor-container elementor-column-gap-no\">\n\t\t\t\t\t<div class=\"has_eae_slider aux-parallax-section elementor-column elementor-col-100 elementor-inner-column elementor-element elementor-element-5c2527cf\" data-eae-slider=\"99427\" data-id=\"5c2527cf\" data-element_type=\"column\" data-settings=\"{&quot;background_background&quot;:&quot;slideshow&quot;,&quot;background_slideshow_gallery&quot;:[],&quot;background_slideshow_loop&quot;:&quot;yes&quot;,&quot;background_slideshow_slide_duration&quot;:5000,&quot;background_slideshow_slide_transition&quot;:&quot;fade&quot;,&quot;background_slideshow_transition_duration&quot;:500}\">\n\t\t\t<div class=\"elementor-widget-wrap elementor-element-populated\">\n\t\t\t\t\t\t<div class=\"elementor-element elementor-element-5a0332f7 elementor-widget elementor-widget-aux_breadcrumbs\" data-id=\"5a0332f7\" data-element_type=\"widget\" data-widget_type=\"aux_breadcrumbs.default\">\n\t\t\t\t<div class=\"elementor-widget-container\">\n\t\t\t\t\t<div class=\"aux-elementor-breadcrumbs\"><p class=\"aux-breadcrumbs\"><span><a href=\"https:\/\/www.acad-ciencias.pt\/eng\" title=\"Home\">Home<\/a><\/span><\/div>\t\t\t\t<\/div>\n\t\t\t\t<\/div>\n\t\t\t\t<div class=\"elementor-element elementor-element-179519e elementor-widget elementor-widget-text-editor\" data-id=\"179519e\" data-element_type=\"widget\" data-widget_type=\"text-editor.default\">\n\t\t\t\t<div class=\"elementor-widget-container\">\n\t\t\t\t\t\t\t\t\t<h1>Membros 2024-2026<\/h1>\t\t\t\t\t\t\t\t<\/div>\n\t\t\t\t<\/div>\n\t\t\t\t<div class=\"elementor-element elementor-element-630c598 elementor-widget elementor-widget-accordion\" data-id=\"630c598\" data-element_type=\"widget\" data-widget_type=\"accordion.default\">\n\t\t\t\t<div class=\"elementor-widget-container\">\n\t\t\t\t\t\t\t<div class=\"elementor-accordion\">\n\t\t\t\t\t\t\t<div class=\"elementor-accordion-item\">\n\t\t\t\t\t<div id=\"elementor-tab-title-1031\" class=\"elementor-tab-title\" data-tab=\"1\" role=\"button\" aria-controls=\"elementor-tab-content-1031\" aria-expanded=\"false\">\n\t\t\t\t\t\t\t\t\t\t\t\t\t<span class=\"elementor-accordion-icon elementor-accordion-icon-left\" aria-hidden=\"true\">\n\t\t\t\t\t\t\t\t\t\t\t\t\t\t\t<span class=\"elementor-accordion-icon-closed\"><i class=\"fas fa-plus\"><\/i><\/span>\n\t\t\t\t\t\t\t\t<span class=\"elementor-accordion-icon-opened\"><i class=\"fas fa-minus\"><\/i><\/span>\n\t\t\t\t\t\t\t\t\t\t\t\t\t\t<\/span>\n\t\t\t\t\t\t\t\t\t\t\t\t<a class=\"elementor-accordion-title\" tabindex=\"0\">CLASS OF LETTERS<\/a>\n\t\t\t\t\t<\/div>\n\t\t\t\t\t<div id=\"elementor-tab-content-1031\" class=\"elementor-tab-content elementor-clearfix\" data-tab=\"1\" role=\"region\" aria-labelledby=\"elementor-tab-title-1031\"><p><strong>Amandine Desille <\/strong><br>Institute of Geography and Spatial Planning, Universidade de Lisboa <br><em>Geografia<\/em><\/p>\n<p><strong>Am\u00e2ndio Reis <\/strong><br>Faculdade de Letras, Universidade de Lisboa <br><em>Literatura<\/em><\/p>\n<p><strong>Ana Rita de Sousa e Silva <\/strong><br>Faculdade de Psicologia e de Ci\u00eancias da Educa\u00e7\u00e3o da Universidade de Coimbra <br><em>Psicologia<\/em><\/p>\n<p><strong>Armando Lu\u00eds Silva Rocha <\/strong><br>Faculdade de Direito da Universidade Cat\u00f3lica Portuguesa <br><em>Direito<\/em><\/p>\n<p><strong>Daniel Gamito-Marques <\/strong><br>NOVA SST <br><em>Hist\u00f3ria da Ci\u00eancia<\/em><\/p>\n<p><strong>Edgar Pereira <\/strong><br>Faculdade de Letras da Universidade de Coimbra <br><em>Hist\u00f3ria<\/em><\/p>\n<p><strong>Jo\u00e3o Cancela <\/strong><br>Faculdade de Ci\u00eancias Humanas da Universidade Nova <br><em>Estudos Pol\u00edticos<\/em><\/p>\n<p><strong>Jo\u00e3o Pereira dos Santos <\/strong><br>ISEG <br><em>Economia<\/em><\/p>\n<p><strong>J\u00falia Durand <\/strong><br>FCSH-UNL \/ CESEM <br><em>Musicologia<\/em><\/p>\n<p><strong>Lisbeth Rodrigues <\/strong><br>Faculdade de Letras da Universidade do Porto<br><em>Hist\u00f3ria Econ\u00f3mica e Social<\/em><\/p>\n<p><strong>Ricardo Almendra <\/strong><br>Faculdade de Letras da Universidade de Coimbra <br><em>Geografia<\/em><\/p><\/div>\n\t\t\t\t<\/div>\n\t\t\t\t\t\t\t<div class=\"elementor-accordion-item\">\n\t\t\t\t\t<div id=\"elementor-tab-title-1032\" class=\"elementor-tab-title\" data-tab=\"2\" role=\"button\" aria-controls=\"elementor-tab-content-1032\" aria-expanded=\"false\">\n\t\t\t\t\t\t\t\t\t\t\t\t\t<span class=\"elementor-accordion-icon elementor-accordion-icon-left\" aria-hidden=\"true\">\n\t\t\t\t\t\t\t\t\t\t\t\t\t\t\t<span class=\"elementor-accordion-icon-closed\"><i class=\"fas fa-plus\"><\/i><\/span>\n\t\t\t\t\t\t\t\t<span class=\"elementor-accordion-icon-opened\"><i class=\"fas fa-minus\"><\/i><\/span>\n\t\t\t\t\t\t\t\t\t\t\t\t\t\t<\/span>\n\t\t\t\t\t\t\t\t\t\t\t\t<a class=\"elementor-accordion-title\" tabindex=\"0\">CLASS OF SCIENCES<\/a>\n\t\t\t\t\t<\/div>\n\t\t\t\t\t<div id=\"elementor-tab-content-1032\" class=\"elementor-tab-content elementor-clearfix\" data-tab=\"2\" role=\"region\" aria-labelledby=\"elementor-tab-title-1032\"><p><strong>Bruno Loff <\/strong><br \/>Faculdade de Ci\u00eancias da Universidade de Lisboa <br \/><em>Mathematics<\/em><\/p><p><strong>Edgard Pimentel <\/strong><br \/>Universidade de Coimbra <br \/><em>Mathematics<\/em><\/p><p><strong>Emmanuel Zambrini Cruzeiro <\/strong><br \/>Instituto Superior T\u00e9cnico <br \/><em>Comunica\u00e7\u00f5es Qu\u00e2nticas<\/em><\/p><p><strong>Francisco Malta Romeiras <\/strong><br \/>CIUHCT, Universidade de Lisboa <br \/><em>Hist\u00f3ria e Filosofia das Ci\u00eancias<\/em><\/p><p><strong>Frederico Fiuza <\/strong><br \/>Instituto Superior T\u00e9cnico <br \/><em>Physics<\/em><\/p><p><strong>Giulia Ghedini <\/strong><br \/>Gulbenkian Science Institute (IGC), Portugal <br \/><em>Ci\u00eancias da Vida<\/em><\/p><p><strong>Hugo Ter\u00e7as <\/strong><br \/>Instituto Superior T\u00e9cnico <br \/><em>Physics<\/em><\/p><p><strong>Jo\u00e3o Borges <\/strong><br \/>CICECO, Universidade de Aveiro <br \/><em>Chemistry<\/em><\/p><p><strong>Jo\u00e3o Conde <\/strong><br \/>NOVA Medical School <br \/><em>Ci\u00eancias da Vida<\/em><\/p><p><strong>Marco Piccardo <\/strong><br \/>Instituto Superior T\u00e9cnico <br \/><em>Physics<\/em><\/p><p><strong>Tina Keller-Costa <\/strong><br \/>iBB-Instituto de Bioengenharia e Bioci\u00eancias do Instituto Superior T\u00e9cnico <br \/><em>Biologia<\/em><\/p><\/div>\n\t\t\t\t<\/div>\n\t\t\t\t\t\t\t\t<\/div>\n\t\t\t\t\t\t<\/div>\n\t\t\t\t<\/div>\n\t\t\t\t<div class=\"elementor-element elementor-element-36055060 elementor-widget elementor-widget-spacer\" data-id=\"36055060\" data-element_type=\"widget\" data-widget_type=\"spacer.default\">\n\t\t\t\t<div class=\"elementor-widget-container\">\n\t\t\t\t\t\t\t<div class=\"elementor-spacer\">\n\t\t\t<div class=\"elementor-spacer-inner\"><\/div>\n\t\t<\/div>\n\t\t\t\t\t\t<\/div>\n\t\t\t\t<\/div>\n\t\t\t\t\t<\/div>\n\t\t<\/div>\n\t\t\t\t\t<\/div>\n\t\t<\/section>\n\t\t\t\t\t<\/div>\n\t\t<\/div>\n\t\t\t\t<div class=\"has_eae_slider aux-parallax-section elementor-column elementor-col-50 elementor-top-column elementor-element elementor-element-3604e06f fixed-colum elementor-hidden-mobile\" data-eae-slider=\"57567\" data-id=\"3604e06f\" data-element_type=\"column\" data-settings=\"{&quot;background_background&quot;:&quot;classic&quot;}\">\n\t\t\t<div class=\"elementor-widget-wrap elementor-element-populated\">\n\t\t\t\t\t\t<div class=\"elementor-element elementor-element-7d54247c elementor-widget elementor-widget-spacer\" data-id=\"7d54247c\" data-element_type=\"widget\" data-widget_type=\"spacer.default\">\n\t\t\t\t<div class=\"elementor-widget-container\">\n\t\t\t\t\t\t\t<div class=\"elementor-spacer\">\n\t\t\t<div class=\"elementor-spacer-inner\"><\/div>\n\t\t<\/div>\n\t\t\t\t\t\t<\/div>\n\t\t\t\t<\/div>\n\t\t\t\t\t<\/div>\n\t\t<\/div>\n\t\t\t\t\t<\/div>\n\t\t<\/section>\n\t\t\t\t<\/div>","protected":false},"excerpt":{"rendered":"<p>Home Membros 2024-2026 CLASSE DE LETRAS Amandine Desille Institute of Geography and Spatial Planning, Universidade de Lisboa Geografia Am\u00e2ndio Reis Faculdade de Letras, Universidade de Lisboa Literatura Ana Rita de Sousa e Silva Faculdade de Psicologia e de Ci\u00eancias da Educa\u00e7\u00e3o da Universidade de Coimbra Psicologia Armando Lu\u00eds Silva Rocha Faculdade de Direito da Universidade [&hellip;]<\/p>","protected":false},"author":6,"featured_media":0,"parent":0,"menu_order":0,"comment_status":"closed","ping_status":"closed","template":"","meta":{"footnotes":""},"class_list":["post-9512","page","type-page","status-publish","hentry"],"_links":{"self":[{"href":"https:\/\/www.acad-ciencias.pt\/eng\/wp-json\/wp\/v2\/pages\/9512","targetHints":{"allow":["GET"]}}],"collection":[{"href":"https:\/\/www.acad-ciencias.pt\/eng\/wp-json\/wp\/v2\/pages"}],"about":[{"href":"https:\/\/www.acad-ciencias.pt\/eng\/wp-json\/wp\/v2\/types\/page"}],"author":[{"embeddable":true,"href":"https:\/\/www.acad-ciencias.pt\/eng\/wp-json\/wp\/v2\/users\/6"}],"replies":[{"embeddable":true,"href":"https:\/\/www.acad-ciencias.pt\/eng\/wp-json\/wp\/v2\/comments?post=9512"}],"version-history":[{"count":0,"href":"https:\/\/www.acad-ciencias.pt\/eng\/wp-json\/wp\/v2\/pages\/9512\/revisions"}],"wp:attachment":[{"href":"https:\/\/www.acad-ciencias.pt\/eng\/wp-json\/wp\/v2\/media?parent=9512"}],"curies":[{"name":"wp","href":"https:\/\/api.w.org\/{rel}","templated":true}]}}