{"id":9814,"date":"2023-01-24T13:25:45","date_gmt":"2023-01-24T13:25:45","guid":{"rendered":"https:\/\/www.academiabeta.galeria-arf-acad-ciencias.pt\/?page_id=9814"},"modified":"2025-02-10T12:38:55","modified_gmt":"2025-02-10T12:38:55","slug":"apresentacao-do-sjc","status":"publish","type":"page","link":"https:\/\/www.acad-ciencias.pt\/eng\/institutos\/apresentacao-do-sjc\/","title":{"rendered":"Apresenta\u00e7\u00e3o do SJC"},"content":{"rendered":"<div data-elementor-type=\"wp-page\" data-elementor-id=\"9814\" class=\"elementor elementor-9814\">\n\t\t\t\t\t\t<section class=\"has_eae_slider elementor-section elementor-top-section elementor-element elementor-element-3ed7f58e elementor-section-full_width elementor-section-height-default elementor-section-height-default\" data-eae-slider=\"77452\" data-id=\"3ed7f58e\" data-element_type=\"section\">\n\t\t\t\t\t\t<div class=\"elementor-container elementor-column-gap-default\">\n\t\t\t\t\t<div class=\"has_eae_slider aux-parallax-section elementor-column elementor-col-50 elementor-top-column elementor-element elementor-element-3922a4f1\" data-eae-slider=\"70301\" data-id=\"3922a4f1\" data-element_type=\"column\" data-settings=\"{&quot;background_background&quot;:&quot;slideshow&quot;,&quot;background_slideshow_gallery&quot;:[],&quot;background_slideshow_loop&quot;:&quot;yes&quot;,&quot;background_slideshow_slide_duration&quot;:5000,&quot;background_slideshow_slide_transition&quot;:&quot;fade&quot;,&quot;background_slideshow_transition_duration&quot;:500}\">\n\t\t\t<div class=\"elementor-widget-wrap elementor-element-populated\">\n\t\t\t\t\t\t<section class=\"has_eae_slider elementor-section elementor-inner-section elementor-element elementor-element-606b9848 elementor-section-boxed elementor-section-height-default elementor-section-height-default\" data-eae-slider=\"51605\" data-id=\"606b9848\" data-element_type=\"section\" id=\"9999\" data-settings=\"{&quot;background_background&quot;:&quot;slideshow&quot;,&quot;background_slideshow_gallery&quot;:[],&quot;background_slideshow_loop&quot;:&quot;yes&quot;,&quot;background_slideshow_slide_duration&quot;:5000,&quot;background_slideshow_slide_transition&quot;:&quot;fade&quot;,&quot;background_slideshow_transition_duration&quot;:500}\">\n\t\t\t\t\t\t<div class=\"elementor-container elementor-column-gap-no\">\n\t\t\t\t\t<div class=\"has_eae_slider aux-parallax-section elementor-column elementor-col-100 elementor-inner-column elementor-element elementor-element-67139fd1\" data-eae-slider=\"83134\" data-id=\"67139fd1\" data-element_type=\"column\" data-settings=\"{&quot;background_background&quot;:&quot;slideshow&quot;,&quot;background_slideshow_gallery&quot;:[],&quot;background_slideshow_loop&quot;:&quot;yes&quot;,&quot;background_slideshow_slide_duration&quot;:5000,&quot;background_slideshow_slide_transition&quot;:&quot;fade&quot;,&quot;background_slideshow_transition_duration&quot;:500}\">\n\t\t\t<div class=\"elementor-widget-wrap elementor-element-populated\">\n\t\t\t\t\t\t<div class=\"elementor-element elementor-element-78bee064 elementor-widget elementor-widget-aux_breadcrumbs\" data-id=\"78bee064\" data-element_type=\"widget\" data-widget_type=\"aux_breadcrumbs.default\">\n\t\t\t\t<div class=\"elementor-widget-container\">\n\t\t\t\t\t<div class=\"aux-elementor-breadcrumbs\"><p class=\"aux-breadcrumbs\"><span><a href=\"https:\/\/www.acad-ciencias.pt\/eng\" title=\"Home\">Home<\/a><\/span><\/div>\t\t\t\t<\/div>\n\t\t\t\t<\/div>\n\t\t\t\t<div class=\"elementor-element elementor-element-127c3272 elementor-widget elementor-widget-text-editor\" data-id=\"127c3272\" data-element_type=\"widget\" data-widget_type=\"text-editor.default\">\n\t\t\t\t<div class=\"elementor-widget-container\">\n\t\t\t\t\t\t\t\t\t<h1>Presentation<\/h1>\t\t\t\t\t\t\t\t<\/div>\n\t\t\t\t<\/div>\n\t\t\t\t<div class=\"elementor-element elementor-element-4a040a5 elementor-widget elementor-widget-text-editor\" data-id=\"4a040a5\" data-element_type=\"widget\" data-widget_type=\"text-editor.default\">\n\t\t\t\t<div class=\"elementor-widget-container\">\n\t\t\t\t\t\t\t\t\t<p><span lang=\"PT\" style=\"mso-ansi-language: PT;\">The Young Scientists Seminar (YSS) aims to encourage young scientists of exceptional merit, chosen from various fields of knowledge, to join the Academy of Sciences of Lisbon.<\/span><\/p><p><span lang=\"PT\" style=\"mso-ansi-language: PT;\">The YSS was set up by the Lisbon Academy of Sciences of Lisbon in 2010 (initially as part of the Academy's Institute of Advanced Studies), with the aim of boosting its activity within society and, more specifically, connecting the younger members of the scientific community to the Academy, as has been happening in other European countries. <\/span><\/p><p><span lang=\"PT\" style=\"mso-ansi-language: PT;\">The first initiative of this kind came from Germany, which in 2000 created the ' <a href=\"https:\/\/www.diejungeakademie.de\/home\/\" target=\"_blank\" rel=\"noopener\">\u2018Junge Akademie\u2019<\/a>, associated with the Berlin-Brandenburg Academy of Sciences and Humanities and the German Academy of Natural Sciences Leopoldina. <\/span><\/p><p><span lang=\"PT\" style=\"mso-ansi-language: PT;\">Nowadays, with the rapid progress of science, it is unanimously recognized that the Academies need to broaden their horizons to the younger scientific community, allowing young talents to participate earlier in the Academies' scientific activities.<\/span><\/p><p><span lang=\"PT\" style=\"mso-ansi-language: PT;\">The YSS includes ten young scientists from the Sciences and ten from the Humanities Letters and runs in three-year cycles. The selection (and invitation) of Young Scientists to join the SJC is made by the Seminar's Steering Committee, after consultation with the Academy's Members and the Council of Rectors of Portuguese Universities, in accordance with the regulations in force.<\/span><\/p><p><span lang=\"PT\" style=\"mso-ansi-language: PT;\">The Young Scientists, aged between 30 and 40, must have an academic and professional CV of the highest quality, preferably with international recognition. <\/span><\/p><p><span lang=\"PT\" style=\"mso-ansi-language: PT;\">The SJC is encouraged to develop activities of a transdisciplinary nature and social relevance, producing documents that can be used by science policy makers and society in general. <\/span><\/p><p><span lang=\"PT\" style=\"mso-ansi-language: PT;\">At the end of their three-year membership period, SJC members receive a certificate from the Academy of Sciences of Lisbon, with commendation from the Board.<\/span><\/p>\t\t\t\t\t\t\t\t<\/div>\n\t\t\t\t<\/div>\n\t\t\t\t<div class=\"elementor-element elementor-element-64bdaef0 elementor-widget elementor-widget-text-editor\" data-id=\"64bdaef0\" data-element_type=\"widget\" data-widget_type=\"text-editor.default\">\n\t\t\t\t<div class=\"elementor-widget-container\">\n\t\t\t\t\t\t\t\t\t<h5><strong>Steering Committee<\/strong><\/h5><p><strong>President<\/strong> Pedro Pita Barros<\/p><p><strong>Class of Letters Representative<\/strong> &#8211; Lu\u00edsa Pedroso de Lima<\/p><p><strong>Class of Sciences Representative<\/strong> &#8211; Jorge Buescu<\/p>\t\t\t\t\t\t\t\t<\/div>\n\t\t\t\t<\/div>\n\t\t\t\t<div class=\"elementor-element elementor-element-010a174 elementor-widget elementor-widget-text-editor\" data-id=\"010a174\" data-element_type=\"widget\" data-widget_type=\"text-editor.default\">\n\t\t\t\t<div class=\"elementor-widget-container\">\n\t\t\t\t\t\t\t\t\t<h6><a href=\"\/enquadramento-legal-regulamentos\/#regulamentoSJC\" target=\"_blank\" rel=\"noopener\">REGULAMENTO<\/a><\/h6>\t\t\t\t\t\t\t\t<\/div>\n\t\t\t\t<\/div>\n\t\t\t\t\t<\/div>\n\t\t<\/div>\n\t\t\t\t\t<\/div>\n\t\t<\/section>\n\t\t\t\t\t<\/div>\n\t\t<\/div>\n\t\t\t\t<div class=\"has_eae_slider aux-parallax-section elementor-column elementor-col-50 elementor-top-column elementor-element elementor-element-1f9ef2f8 fixed-colum elementor-hidden-mobile\" data-eae-slider=\"70863\" data-id=\"1f9ef2f8\" data-element_type=\"column\" data-settings=\"{&quot;background_background&quot;:&quot;classic&quot;}\">\n\t\t\t<div class=\"elementor-widget-wrap elementor-element-populated\">\n\t\t\t\t\t\t<div class=\"elementor-element elementor-element-76554cc6 elementor-widget elementor-widget-spacer\" data-id=\"76554cc6\" data-element_type=\"widget\" data-widget_type=\"spacer.default\">\n\t\t\t\t<div class=\"elementor-widget-container\">\n\t\t\t\t\t\t\t<div class=\"elementor-spacer\">\n\t\t\t<div class=\"elementor-spacer-inner\"><\/div>\n\t\t<\/div>\n\t\t\t\t\t\t<\/div>\n\t\t\t\t<\/div>\n\t\t\t\t\t<\/div>\n\t\t<\/div>\n\t\t\t\t\t<\/div>\n\t\t<\/section>\n\t\t\t\t<\/div>","protected":false},"excerpt":{"rendered":"<p>Home Apresenta\u00e7\u00e3o O Semin\u00e1rio de Jovens Cientistas (SJC) pretende incentivar a liga\u00e7\u00e3o \u00e0 Academia das Ci\u00eancias de Lisboa de jovens cientistas de excecional m\u00e9rito, escolhidos nas v\u00e1rias \u00e1reas do saber. O SJC foi criado pela Academia das Ci\u00eancias de Lisboa em 2010 (inicialmente no \u00e2mbito do Instituto de Altos Estudos da Academia), com o prop\u00f3sito [&hellip;]<\/p>","protected":false},"author":7,"featured_media":0,"parent":13184,"menu_order":0,"comment_status":"closed","ping_status":"closed","template":"","meta":{"footnotes":""},"class_list":["post-9814","page","type-page","status-publish","hentry"],"_links":{"self":[{"href":"https:\/\/www.acad-ciencias.pt\/eng\/wp-json\/wp\/v2\/pages\/9814","targetHints":{"allow":["GET"]}}],"collection":[{"href":"https:\/\/www.acad-ciencias.pt\/eng\/wp-json\/wp\/v2\/pages"}],"about":[{"href":"https:\/\/www.acad-ciencias.pt\/eng\/wp-json\/wp\/v2\/types\/page"}],"author":[{"embeddable":true,"href":"https:\/\/www.acad-ciencias.pt\/eng\/wp-json\/wp\/v2\/users\/7"}],"replies":[{"embeddable":true,"href":"https:\/\/www.acad-ciencias.pt\/eng\/wp-json\/wp\/v2\/comments?post=9814"}],"version-history":[{"count":3,"href":"https:\/\/www.acad-ciencias.pt\/eng\/wp-json\/wp\/v2\/pages\/9814\/revisions"}],"predecessor-version":[{"id":22388,"href":"https:\/\/www.acad-ciencias.pt\/eng\/wp-json\/wp\/v2\/pages\/9814\/revisions\/22388"}],"up":[{"embeddable":true,"href":"https:\/\/www.acad-ciencias.pt\/eng\/wp-json\/wp\/v2\/pages\/13184"}],"wp:attachment":[{"href":"https:\/\/www.acad-ciencias.pt\/eng\/wp-json\/wp\/v2\/media?parent=9814"}],"curies":[{"name":"wp","href":"https:\/\/api.w.org\/{rel}","templated":true}]}}